{"id":46405,"date":"2021-08-25T12:55:36","date_gmt":"2021-08-25T12:55:36","guid":{"rendered":"https:\/\/wydawnictwo.ug.edu.pl\/ksiegarnia-online\/uncategorized\/niepokoj-w-tekstach-kultury-xix-xxi-wieku\/"},"modified":"2026-02-11T14:17:39","modified_gmt":"2026-02-11T14:17:39","slug":"niepokoj-w-tekstach-kultury-xix-xxi-wieku","status":"publish","type":"product","link":"https:\/\/wydawnictwo.ug.edu.pl\/en\/ksiegarnia-online\/literaturoznawstwo\/niepokoj-w-tekstach-kultury-xix-xxi-wieku\/","title":{"rendered":"(Nie)pok\u00f3j w tekstach kultury XIX\u2013XXI wieku"},"content":{"rendered":"","protected":false},"excerpt":{"rendered":"<p>W czasach niepokoju, w kt\u00f3rych przysz\u0142o nam si\u0119 spotka\u0107, by wskaza\u0107 chocia\u017cby najwa\u017cniejsze l\u0119ki spo\u0142eczne XXI wieku, mo\u017cemy odnale\u017a\u0107 trafne diagnozy i g\u0142osy pocieszenia, \u015blady historii i wizje przysz\u0142o\u015bci. W kolejnych rozdzia\u0142ach proponujemy artyku\u0142y po\u015bwi\u0119cone niepokojom dawnych literat\u00f3w, w\u0105tkom wojennym, a zw\u0142aszcza tematyce Zag\u0142ady, budz\u0105cej niepok\u00f3j sztuce i dramatom scenicznym, kwestiom genderowym i aktualnym dzi\u015b niepokojom cywilizacyjnym. Wielorakie zapisy owych do\u015bwiadcze\u0144, utrwalone w tekstach kultury, staj\u0105 si\u0119 barometrem przemian spo\u0142ecznych oraz celnym rozpoznaniem stanu wsp\u00f3\u0142czesnego \u015bwiata, zanurzonego w konsumpcyjnym po\u015bpiechu, w pobie\u017cno\u015bci i mia\u0142ko\u015bci dozna\u0144 duchowych, b\u0119d\u0105cych niejednokrotnie mniej wa\u017cnym dodatkiem do wygodnego \u017cycia, pozbawionego intelektualnego trudu.<\/p>\n<p><em>S\u0142owo wst\u0119pne Redaktor\u00f3w<\/em><\/p>\n","protected":false},"featured_media":15122,"template":"","meta":{"_acf_changed":false},"journal":[],"rodzaj":[7074],"seria":[],"product_brand":[],"product_cat":[6925],"product_tag":[],"class_list":{"0":"post-46405","1":"product","2":"type-product","3":"status-publish","4":"has-post-thumbnail","6":"rodzaj-ksiazki","7":"product_cat-literaturoznawstwo","9":"first","10":"outofstock","11":"taxable","12":"shipping-taxable","13":"purchasable","14":"product-type-simple"},"acf":[],"_links":{"self":[{"href":"https:\/\/wydawnictwo.ug.edu.pl\/en\/wp-json\/wp\/v2\/product\/46405","targetHints":{"allow":["GET"]}}],"collection":[{"href":"https:\/\/wydawnictwo.ug.edu.pl\/en\/wp-json\/wp\/v2\/product"}],"about":[{"href":"https:\/\/wydawnictwo.ug.edu.pl\/en\/wp-json\/wp\/v2\/types\/product"}],"wp:featuredmedia":[{"embeddable":true,"href":"https:\/\/wydawnictwo.ug.edu.pl\/en\/wp-json\/wp\/v2\/media\/15122"}],"wp:attachment":[{"href":"https:\/\/wydawnictwo.ug.edu.pl\/en\/wp-json\/wp\/v2\/media?parent=46405"}],"wp:term":[{"taxonomy":"journal","embeddable":true,"href":"https:\/\/wydawnictwo.ug.edu.pl\/en\/wp-json\/wp\/v2\/journal?post=46405"},{"taxonomy":"rodzaj","embeddable":true,"href":"https:\/\/wydawnictwo.ug.edu.pl\/en\/wp-json\/wp\/v2\/rodzaj?post=46405"},{"taxonomy":"seria","embeddable":true,"href":"https:\/\/wydawnictwo.ug.edu.pl\/en\/wp-json\/wp\/v2\/seria?post=46405"},{"taxonomy":"product_brand","embeddable":true,"href":"https:\/\/wydawnictwo.ug.edu.pl\/en\/wp-json\/wp\/v2\/product_brand?post=46405"},{"taxonomy":"product_cat","embeddable":true,"href":"https:\/\/wydawnictwo.ug.edu.pl\/en\/wp-json\/wp\/v2\/product_cat?post=46405"},{"taxonomy":"product_tag","embeddable":true,"href":"https:\/\/wydawnictwo.ug.edu.pl\/en\/wp-json\/wp\/v2\/product_tag?post=46405"}],"curies":[{"name":"wp","href":"https:\/\/api.w.org\/{rel}","templated":true}]}}