{"id":46404,"date":"2021-08-26T09:08:21","date_gmt":"2021-08-26T09:08:21","guid":{"rendered":"https:\/\/wydawnictwo.ug.edu.pl\/ksiegarnia-online\/uncategorized\/%d0%b6%d0%b5%d0%bc%d1%87%d1%83%d0%b6%d0%b8%d0%bd%d0%b0-%d1%81%d0%b8%d0%b1%d0%b8%d1%80%d0%b8-zemszczuzina-sibiri\/"},"modified":"2026-02-11T14:17:40","modified_gmt":"2026-02-11T14:17:40","slug":"%d0%b6%d0%b5%d0%bc%d1%87%d1%83%d0%b6%d0%b8%d0%bd%d0%b0-%d1%81%d0%b8%d0%b1%d0%b8%d1%80%d0%b8-zemszczuzina-sibiri","status":"publish","type":"product","link":"https:\/\/wydawnictwo.ug.edu.pl\/en\/ksiegarnia-online\/jezykoznawstwo\/%d0%b6%d0%b5%d0%bc%d1%87%d1%83%d0%b6%d0%b8%d0%bd%d0%b0-%d1%81%d0%b8%d0%b1%d0%b8%d1%80%d0%b8-zemszczuzina-sibiri\/","title":{"rendered":"\u0416\u0435\u043c\u0447\u0443\u0436\u0438\u043d\u0430 \u0421\u0438\u0431\u0438\u0440\u0438 (Per\u0142a Syberii)"},"content":{"rendered":"<p>Pliki audio do pobrania:<\/p>\n<p><a href=\"https:\/\/wydawnictwo.ug.edu.pl\/wp-content\/uploads\/2021\/08\/01-\u0423\u0414\u0418\u0412\u0418\u0422\u0415\u041b\u042c\u041d\u042b\u0419-\u0418\u0420\u041a\u0423\u0422\u0421\u041a.mp3\">01 &#8211; \u0423\u0414\u0418\u0412\u0418\u0422\u0415\u041b\u042c\u041d\u042b\u0419 \u0418\u0420\u041a\u0423\u0422\u0421\u041a<\/a><\/p>\n<p><a href=\"https:\/\/wydawnictwo.ug.edu.pl\/wp-content\/uploads\/2021\/08\/02-\u041f\u0420\u041e\u0413\u0423\u041b\u041a\u0410-\u041f\u041e-\u041d\u0410\u0411\u0415\u0420\u0415\u0416\u041d\u041e\u0419-\u0410\u041d\u0413\u0410\u0420\u042b.mp3\">02 &#8211; \u041f\u0420\u041e\u0413\u0423\u041b\u041a\u0410 \u041f\u041e \u041d\u0410\u0411\u0415\u0420\u0415\u0416\u041d\u041e\u0419 \u0410\u041d\u0413\u0410\u0420\u042b<\/a><\/p>\n<p><a href=\"https:\/\/wydawnictwo.ug.edu.pl\/wp-content\/uploads\/2021\/08\/03-\u041f\u041e\u041b\u042c\u0421\u041a\u0418\u0419-\u041a\u041e\u0421\u0422\u0401\u041b.mp3\">03 &#8211; \u041f\u041e\u041b\u042c\u0421\u041a\u0418\u0419 \u041a\u041e\u0421\u0422\u0401\u041b<\/a><\/p>\n<p><a href=\"https:\/\/wydawnictwo.ug.edu.pl\/wp-content\/uploads\/2021\/08\/04-\u0412\u0420\u0415\u041c\u042f-\u041e\u0411\u0415\u0414\u0410\u0422\u042c.mp3\">04 &#8211; \u0412\u0420\u0415\u041c\u042f \u041e\u0411\u0415\u0414\u0410\u0422\u042c<\/a><\/p>\n<p><a href=\"https:\/\/wydawnictwo.ug.edu.pl\/wp-content\/uploads\/2021\/08\/05-\u0413\u041e\u0420\u041e\u0414\u0421\u041a\u0410\u042f-\u0421\u041a\u0423\u041b\u042c\u041f\u0422\u0423\u0420\u0410-\u0412-\u0418\u0420\u041a\u0423\u0422\u0421\u041a\u0415.-\u0427\u0410\u0421\u0422\u042c-I.mp3\">05 &#8211; \u0413\u041e\u0420\u041e\u0414\u0421\u041a\u0410\u042f \u0421\u041a\u0423\u041b\u042c\u041f\u0422\u0423\u0420\u0410 \u0412 \u0418\u0420\u041a\u0423\u0422\u0421\u041a\u0415. \u0427\u0410\u0421\u0422\u042c I<\/a><\/p>\n<p><a href=\"https:\/\/wydawnictwo.ug.edu.pl\/wp-content\/uploads\/2021\/08\/06-\u0413\u041e\u0420\u041e\u0414\u0421\u041a\u0410\u042f-\u0421\u041a\u0423\u041b\u042c\u041f\u0422\u0423\u0420\u0410-\u0412-\u0418\u0420\u041a\u0423\u0422\u0421\u041a\u0415.-\u0427\u0410\u0421\u0422\u042c-II..mp3\">06 &#8211; \u0413\u041e\u0420\u041e\u0414\u0421\u041a\u0410\u042f \u0421\u041a\u0423\u041b\u042c\u041f\u0422\u0423\u0420\u0410 \u0412 \u0418\u0420\u041a\u0423\u0422\u0421\u041a\u0415. \u0427\u0410\u0421\u0422\u042c II<\/a><\/p>\n<p><a href=\"https:\/\/wydawnictwo.ug.edu.pl\/wp-content\/uploads\/2021\/08\/07-130-\u0439-\u041a\u0412\u0410\u0420\u0422\u0410\u041b-\u2013-\u0412\u0418\u0417\u0418\u0422\u041d\u0410\u042f-\u041a\u0410\u0420\u0422\u041e\u0427\u041a\u0410-\u0418\u0420\u041a\u0423\u0422\u0421\u041a\u0410.mp3\">07 &#8211; 130-\u0439 \u041a\u0412\u0410\u0420\u0422\u0410\u041b \u2013 \u0412\u0418\u0417\u0418\u0422\u041d\u0410\u042f \u041a\u0410\u0420\u0422\u041e\u0427\u041a\u0410 \u0418\u0420\u041a\u0423\u0422\u0421\u041a\u0410<\/a><\/p>\n<p><a href=\"https:\/\/wydawnictwo.ug.edu.pl\/wp-content\/uploads\/2021\/08\/08-\u0421\u0418\u0411\u0418\u0420\u0421\u041a\u0410\u042f-\u0411\u0410\u041d\u042f-\u2013-\u0423\u0414\u041e\u0412\u041e\u041b\u042c\u0421\u0422\u0412\u0418\u0415-\u0414\u041b\u042f-\u0422\u0415\u041b\u0410-\u0418-\u0414\u0423\u0428\u0418.mp3\">08 &#8211; \u0421\u0418\u0411\u0418\u0420\u0421\u041a\u0410\u042f \u0411\u0410\u041d\u042f \u2013 \u0423\u0414\u041e\u0412\u041e\u041b\u042c\u0421\u0422\u0412\u0418\u0415 \u0414\u041b\u042f \u0422\u0415\u041b\u0410 \u0418 \u0414\u0423\u0428\u0418<\/a><\/p>\n<p><a href=\"https:\/\/wydawnictwo.ug.edu.pl\/wp-content\/uploads\/2021\/08\/09-\u0422\u0410\u041b\u042c\u0426\u042b-\u2013-\u041c\u0423\u0417\u0415\u0419-\u041f\u041e\u0414-\u041e\u0422\u041a\u0420\u042b\u0422\u042b\u041c-\u041d\u0415\u0411\u041e\u041c-I.mp3\">09 &#8211; \u00ab\u0422\u0410\u041b\u042c\u0426\u042b\u00bb \u2013 \u041c\u0423\u0417\u0415\u0419 \u041f\u041e\u0414 \u041e\u0422\u041a\u0420\u042b\u0422\u042b\u041c \u041d\u0415\u0411\u041e\u041c I<\/a><\/p>\n<p><a href=\"https:\/\/wydawnictwo.ug.edu.pl\/wp-content\/uploads\/2021\/08\/10-\u0422\u0410\u041b\u042c\u0426\u042b-\u2013-\u041c\u0423\u0417\u0415\u0419-\u041f\u041e\u0414-\u041e\u0422\u041a\u0420\u042b\u0422\u042b\u041c-\u041d\u0415\u0411\u041e\u041c-II.mp3\">10 &#8211; \u00ab\u0422\u0410\u041b\u042c\u0426\u042b\u00bb \u2013 \u041c\u0423\u0417\u0415\u0419 \u041f\u041e\u0414 \u041e\u0422\u041a\u0420\u042b\u0422\u042b\u041c \u041d\u0415\u0411\u041e\u041c II<\/a><\/p>\n<p><a href=\"https:\/\/wydawnictwo.ug.edu.pl\/wp-content\/uploads\/2021\/08\/11-\u041b\u042e\u0411\u0418\u041c\u042b\u0419-\u0410\u041a\u0410\u0414\u0415\u041c\u0413\u041e\u0420\u041e\u0414\u041e\u041a.mp3\">11 &#8211; \u041b\u042e\u0411\u0418\u041c\u042b\u0419 \u0410\u041a\u0410\u0414\u0415\u041c\u0413\u041e\u0420\u041e\u0414\u041e\u041a<\/a><\/p>\n<p><a href=\"https:\/\/wydawnictwo.ug.edu.pl\/wp-content\/uploads\/2021\/08\/12-\u041a\u0420\u0423\u0413\u041e\u0411\u0410\u0419\u041a\u0410\u041b\u042c\u0421\u041a\u0410\u042f-\u0416\u0415\u041b\u0415\u0417\u041d\u0410\u042f-\u0414\u041e\u0420\u041e\u0413\u0410-I.mp3\">12 &#8211; \u041a\u0420\u0423\u0413\u041e\u0411\u0410\u0419\u041a\u0410\u041b\u042c\u0421\u041a\u0410\u042f \u0416\u0415\u041b\u0415\u0417\u041d\u0410\u042f \u0414\u041e\u0420\u041e\u0413\u0410 I<\/a><\/p>\n<p><a href=\"https:\/\/wydawnictwo.ug.edu.pl\/wp-content\/uploads\/2021\/08\/13-\u041a\u0420\u0423\u0413\u041e\u0411\u0410\u0419\u041a\u0410\u041b\u042c\u0421\u041a\u0410\u042f-\u0416\u0415\u041b\u0415\u0417\u041d\u0410\u042f-\u0414\u041e\u0420\u041e\u0413\u0410-II.mp3\">13 &#8211; \u041a\u0420\u0423\u0413\u041e\u0411\u0410\u0419\u041a\u0410\u041b\u042c\u0421\u041a\u0410\u042f \u0416\u0415\u041b\u0415\u0417\u041d\u0410\u042f \u0414\u041e\u0420\u041e\u0413\u0410 II<\/a><\/p>\n<p><a href=\"https:\/\/wydawnictwo.ug.edu.pl\/wp-content\/uploads\/2021\/08\/14-\u041f\u041e\u0421\u0415\u041b\u041e\u041a-\u041b\u0418\u0421\u0422\u0412\u042f\u041d\u041a\u0410.mp3\">14 &#8211; \u041f\u041e\u0421\u0415\u041b\u041e\u041a \u041b\u0418\u0421\u0422\u0412\u042f\u041d\u041a\u0410<\/a><\/p>\n<p><a href=\"https:\/\/wydawnictwo.ug.edu.pl\/wp-content\/uploads\/2021\/08\/15-\u0414\u041e\u0420\u041e\u0413\u0410-\u041e\u0422-\u041b\u0418\u0421\u0422\u0412\u042f\u041d\u041a\u0418-\u0414\u041e-\u0411\u041e\u041b\u042c\u0428\u0418\u0425-\u041a\u041e\u0422\u041e\u0412.mp3\">15 &#8211; \u0414\u041e\u0420\u041e\u0413\u0410 \u041e\u0422 \u041b\u0418\u0421\u0422\u0412\u042f\u041d\u041a\u0418 \u0414\u041e \u0411\u041e\u041b\u042c\u0428\u0418\u0425 \u041a\u041e\u0422\u041e\u0412<\/a><\/p>\n<p><a href=\"https:\/\/wydawnictwo.ug.edu.pl\/wp-content\/uploads\/2021\/08\/16-\u0411\u041e\u041b\u042c\u0428\u0418\u0415-\u041a\u041e\u0422\u042b.mp3\">16 &#8211; \u0411\u041e\u041b\u042c\u0428\u0418\u0415 \u041a\u041e\u0422\u042b<\/a><\/p>\n<p><a href=\"https:\/\/wydawnictwo.ug.edu.pl\/wp-content\/uploads\/2021\/08\/17-\u041e\u041b\u042c\u0425\u041e\u041d.-\u0427\u0410\u0421\u0422\u042c-I.mp3\">17 &#8211; \u041e\u041b\u042c\u0425\u041e\u041d. \u0427\u0410\u0421\u0422\u042c I<\/a><\/p>\n<p><a href=\"https:\/\/wydawnictwo.ug.edu.pl\/wp-content\/uploads\/2021\/08\/18-\u041e\u041b\u042c\u0425\u041e\u041d.-\u0427\u0410\u0421\u0422\u042c-II.mp3\">18 &#8211; \u041e\u041b\u042c\u0425\u041e\u041d. \u0427\u0410\u0421\u0422\u042c II<\/a><\/p>\n","protected":false},"excerpt":{"rendered":"<p>Syberia to nie tylko najwi\u0119ksze jezioro, najzimniejsze miejsce na ziemi, ale przede wszystkim najciekawsze miejsce na \u015bwiecie, o kt\u00f3rym ka\u017cdy chce wiedzie\u0107 jak najwi\u0119cej. O jego historii, kulturze i wsp\u00f3\u0142czesnych trendach dowie si\u0119 czytelnik ucz\u0105cy si\u0119 j\u0119zyka rosyjskiego jako obcego na poziomie \u015bredniozaawansowanym.<\/p>\n<p><a href=\"https:\/\/wydawnictwo.ug.edu.pl\/wp-content\/uploads\/2021\/08\/syberia-mp3.zip\"><strong>Dost\u0119p do plik\u00f3w audio (zip).<\/strong><\/a><\/p>\n<p>&nbsp;<\/p>\n<p>&nbsp;<\/p>\n","protected":false},"featured_media":15150,"template":"","meta":{"_acf_changed":false},"journal":[],"rodzaj":[2602],"seria":[],"product_brand":[],"product_cat":[257,254],"product_tag":[411,651],"class_list":{"0":"post-46404","1":"product","2":"type-product","3":"status-publish","4":"has-post-thumbnail","6":"rodzaj-ksiazki","7":"product_cat-nauka-jezykow-obcych","8":"product_cat-jezykoznawstwo","9":"product_tag-joanna-mampe","10":"product_tag-lada-stepanova","12":"first","13":"instock","14":"taxable","15":"shipping-taxable","16":"product-type-simple"},"acf":[],"_links":{"self":[{"href":"https:\/\/wydawnictwo.ug.edu.pl\/en\/wp-json\/wp\/v2\/product\/46404","targetHints":{"allow":["GET"]}}],"collection":[{"href":"https:\/\/wydawnictwo.ug.edu.pl\/en\/wp-json\/wp\/v2\/product"}],"about":[{"href":"https:\/\/wydawnictwo.ug.edu.pl\/en\/wp-json\/wp\/v2\/types\/product"}],"wp:featuredmedia":[{"embeddable":true,"href":"https:\/\/wydawnictwo.ug.edu.pl\/en\/wp-json\/wp\/v2\/media\/15150"}],"wp:attachment":[{"href":"https:\/\/wydawnictwo.ug.edu.pl\/en\/wp-json\/wp\/v2\/media?parent=46404"}],"wp:term":[{"taxonomy":"journal","embeddable":true,"href":"https:\/\/wydawnictwo.ug.edu.pl\/en\/wp-json\/wp\/v2\/journal?post=46404"},{"taxonomy":"rodzaj","embeddable":true,"href":"https:\/\/wydawnictwo.ug.edu.pl\/en\/wp-json\/wp\/v2\/rodzaj?post=46404"},{"taxonomy":"seria","embeddable":true,"href":"https:\/\/wydawnictwo.ug.edu.pl\/en\/wp-json\/wp\/v2\/seria?post=46404"},{"taxonomy":"product_brand","embeddable":true,"href":"https:\/\/wydawnictwo.ug.edu.pl\/en\/wp-json\/wp\/v2\/product_brand?post=46404"},{"taxonomy":"product_cat","embeddable":true,"href":"https:\/\/wydawnictwo.ug.edu.pl\/en\/wp-json\/wp\/v2\/product_cat?post=46404"},{"taxonomy":"product_tag","embeddable":true,"href":"https:\/\/wydawnictwo.ug.edu.pl\/en\/wp-json\/wp\/v2\/product_tag?post=46404"}],"curies":[{"name":"wp","href":"https:\/\/api.w.org\/{rel}","templated":true}]}}