{"id":46403,"date":"2021-08-26T09:37:13","date_gmt":"2021-08-26T09:37:13","guid":{"rendered":"https:\/\/wydawnictwo.ug.edu.pl\/ksiegarnia-online\/uncategorized\/kaszubski-wirydarz\/"},"modified":"2026-02-11T14:17:40","modified_gmt":"2026-02-11T14:17:40","slug":"kaszubski-wirydarz","status":"publish","type":"product","link":"https:\/\/wydawnictwo.ug.edu.pl\/en\/ksiegarnia-online\/literaturoznawstwo\/kaszubski-wirydarz\/","title":{"rendered":"Kaszubski wirydarz"},"content":{"rendered":"","protected":false},"excerpt":{"rendered":"<p>Sumienno\u015b\u0107 i widoczny ponad wszelk\u0105 w\u0105tpliwo\u015b\u0107 perfekcjonizm w prowadzeniu procesu badawczo-interpretacyjnego przez Tadeusza Linknera\u00a0upowa\u017cnia go do formu\u0142owania odkrywczych i nowatorskich tez, jak\u017ce istotnych w rozpoznawaniu ca\u0142okszta\u0142tu zjawisk kaszubsko-pomorskiego kr\u0119gu\u00a0kulturowego [&#8230;]. W ten bowiem spos\u00f3b w pe\u0142ni realizuje si\u0119 fundamentalny\u00a0postulat nauki, ci\u0105gle poszukuj\u0105cej i uprzyst\u0119pniaj\u0105cej niezbadane kwestie.\u00a0Mo\u017cna to osi\u0105gn\u0105\u0107 tylko po dotarciu do \u017ar\u00f3de\u0142 i umiej\u0119tnym ich zinterpretowaniu,\u00a0co w pe\u0142ni Autorowi si\u0119 uda\u0142o&#8221;.<\/p>\n<p><em>Z recenzji ks. prof. dr. hab. Jana Walkusza<\/em><\/p>\n","protected":false},"featured_media":15154,"template":"","meta":{"_acf_changed":false},"journal":[],"rodzaj":[7074],"seria":[],"product_brand":[],"product_cat":[6925],"product_tag":[7868],"class_list":{"0":"post-46403","1":"product","2":"type-product","3":"status-publish","4":"has-post-thumbnail","6":"rodzaj-ksiazki","7":"product_cat-literaturoznawstwo","8":"product_tag-tadeusz-linknertadeusz-linkner","10":"first","11":"outofstock","12":"taxable","13":"shipping-taxable","14":"purchasable","15":"product-type-simple"},"acf":[],"_links":{"self":[{"href":"https:\/\/wydawnictwo.ug.edu.pl\/en\/wp-json\/wp\/v2\/product\/46403","targetHints":{"allow":["GET"]}}],"collection":[{"href":"https:\/\/wydawnictwo.ug.edu.pl\/en\/wp-json\/wp\/v2\/product"}],"about":[{"href":"https:\/\/wydawnictwo.ug.edu.pl\/en\/wp-json\/wp\/v2\/types\/product"}],"wp:featuredmedia":[{"embeddable":true,"href":"https:\/\/wydawnictwo.ug.edu.pl\/en\/wp-json\/wp\/v2\/media\/15154"}],"wp:attachment":[{"href":"https:\/\/wydawnictwo.ug.edu.pl\/en\/wp-json\/wp\/v2\/media?parent=46403"}],"wp:term":[{"taxonomy":"journal","embeddable":true,"href":"https:\/\/wydawnictwo.ug.edu.pl\/en\/wp-json\/wp\/v2\/journal?post=46403"},{"taxonomy":"rodzaj","embeddable":true,"href":"https:\/\/wydawnictwo.ug.edu.pl\/en\/wp-json\/wp\/v2\/rodzaj?post=46403"},{"taxonomy":"seria","embeddable":true,"href":"https:\/\/wydawnictwo.ug.edu.pl\/en\/wp-json\/wp\/v2\/seria?post=46403"},{"taxonomy":"product_brand","embeddable":true,"href":"https:\/\/wydawnictwo.ug.edu.pl\/en\/wp-json\/wp\/v2\/product_brand?post=46403"},{"taxonomy":"product_cat","embeddable":true,"href":"https:\/\/wydawnictwo.ug.edu.pl\/en\/wp-json\/wp\/v2\/product_cat?post=46403"},{"taxonomy":"product_tag","embeddable":true,"href":"https:\/\/wydawnictwo.ug.edu.pl\/en\/wp-json\/wp\/v2\/product_tag?post=46403"}],"curies":[{"name":"wp","href":"https:\/\/api.w.org\/{rel}","templated":true}]}}