{"id":46401,"date":"2021-08-26T09:51:13","date_gmt":"2021-08-26T09:51:13","guid":{"rendered":"https:\/\/wydawnictwo.ug.edu.pl\/ksiegarnia-online\/uncategorized\/w-poszukiwaniu-tozsamosci-jezykowej-tom-v\/"},"modified":"2026-02-11T14:17:45","modified_gmt":"2026-02-11T14:17:45","slug":"w-poszukiwaniu-tozsamosci-jezykowej-tom-v","status":"publish","type":"product","link":"https:\/\/wydawnictwo.ug.edu.pl\/en\/ksiegarnia-online\/jezykoznawstwo\/w-poszukiwaniu-tozsamosci-jezykowej-tom-v\/","title":{"rendered":"W poszukiwaniu to\u017csamo\u015bci j\u0119zykowej. Tom V"},"content":{"rendered":"","protected":false},"excerpt":{"rendered":"<p>[&#8230;] poj\u0119cie to\u017csamo\u015bci jednostki w opiniach wielu autor\u00f3w wydaje si\u0119 niezb\u0119dnym,\u00a0 a mo\u017ce nawet zasadniczym narz\u0119dziem poj\u0119ciowym w analizach sytuacji cz\u0142owieka\u00a0 w spo\u0142ecze\u0144stwie wsp\u00f3\u0142czesnym i pr\u00f3bach wyja\u015bnienia b\u0105d\u017a zrozumienia kluczowych fenomen\u00f3w spo\u0142ecznych naszych czas\u00f3w.<\/p>\n<p><em>Zbigniew Boksza\u0144ski<\/em><\/p>\n","protected":false},"featured_media":15163,"template":"","meta":{"_acf_changed":false},"journal":[],"rodzaj":[7074],"seria":[],"product_brand":[],"product_cat":[6924],"product_tag":[],"class_list":{"0":"post-46401","1":"product","2":"type-product","3":"status-publish","4":"has-post-thumbnail","6":"rodzaj-ksiazki","7":"product_cat-jezykoznawstwo","9":"first","10":"outofstock","11":"taxable","12":"shipping-taxable","13":"purchasable","14":"product-type-simple"},"acf":[],"_links":{"self":[{"href":"https:\/\/wydawnictwo.ug.edu.pl\/en\/wp-json\/wp\/v2\/product\/46401","targetHints":{"allow":["GET"]}}],"collection":[{"href":"https:\/\/wydawnictwo.ug.edu.pl\/en\/wp-json\/wp\/v2\/product"}],"about":[{"href":"https:\/\/wydawnictwo.ug.edu.pl\/en\/wp-json\/wp\/v2\/types\/product"}],"wp:featuredmedia":[{"embeddable":true,"href":"https:\/\/wydawnictwo.ug.edu.pl\/en\/wp-json\/wp\/v2\/media\/15163"}],"wp:attachment":[{"href":"https:\/\/wydawnictwo.ug.edu.pl\/en\/wp-json\/wp\/v2\/media?parent=46401"}],"wp:term":[{"taxonomy":"journal","embeddable":true,"href":"https:\/\/wydawnictwo.ug.edu.pl\/en\/wp-json\/wp\/v2\/journal?post=46401"},{"taxonomy":"rodzaj","embeddable":true,"href":"https:\/\/wydawnictwo.ug.edu.pl\/en\/wp-json\/wp\/v2\/rodzaj?post=46401"},{"taxonomy":"seria","embeddable":true,"href":"https:\/\/wydawnictwo.ug.edu.pl\/en\/wp-json\/wp\/v2\/seria?post=46401"},{"taxonomy":"product_brand","embeddable":true,"href":"https:\/\/wydawnictwo.ug.edu.pl\/en\/wp-json\/wp\/v2\/product_brand?post=46401"},{"taxonomy":"product_cat","embeddable":true,"href":"https:\/\/wydawnictwo.ug.edu.pl\/en\/wp-json\/wp\/v2\/product_cat?post=46401"},{"taxonomy":"product_tag","embeddable":true,"href":"https:\/\/wydawnictwo.ug.edu.pl\/en\/wp-json\/wp\/v2\/product_tag?post=46401"}],"curies":[{"name":"wp","href":"https:\/\/api.w.org\/{rel}","templated":true}]}}