{"id":46400,"date":"2021-08-26T10:04:16","date_gmt":"2021-08-26T10:04:16","guid":{"rendered":"https:\/\/wydawnictwo.ug.edu.pl\/ksiegarnia-online\/uncategorized\/swapy-kredytowe-charakterystyka-zastosowanie-oraz-rynek\/"},"modified":"2026-02-11T14:17:47","modified_gmt":"2026-02-11T14:17:47","slug":"swapy-kredytowe-charakterystyka-zastosowanie-oraz-rynek","status":"publish","type":"product","link":"https:\/\/wydawnictwo.ug.edu.pl\/en\/ksiegarnia-online\/ekonomia\/swapy-kredytowe-charakterystyka-zastosowanie-oraz-rynek\/","title":{"rendered":"Swapy kredytowe. Charakterystyka, zastosowanie oraz rynek"},"content":{"rendered":"","protected":false},"excerpt":{"rendered":"<p>Zagadnienie derywat\u00f3w kredytowych wzbudza zainteresowanie, poniewa\u017c przed wybuchem \u015bwiatowego kryzysu finansowego w 2007 r. by\u0142y one jednym z najszybciej rozwijaj\u0105cych si\u0119 segment\u00f3w rynku finansowego, bardzo zr\u00f3\u017cnicowanym pod wzgl\u0119dem tworz\u0105cych je instrument\u00f3w, a do tego innowacyjnym \u2013 jedna struktura by\u0142a modyfikowana i powstawa\u0142a z niej nowa lub z po\u0142\u0105czenia dw\u00f3ch struktur tworzono nowy pochodny instrument kredytowy. W toku ewolucji tego rynku okaza\u0142o si\u0119, \u017ce jednym z najlepiej rozwini\u0119tych segment\u00f3w s\u0105\u00a0 swapy kredytowe. Na skutek \u015bwiatowego kryzysu finansowego lat 2007\u20132009 rynek do\u015bwiadczy\u0142 zapa\u015bci i nigdy ju\u017c nie wr\u00f3ci\u0142 do stanu sprzed kryzysu.<\/p>\n<p>W rozwa\u017caniach naukowych dotycz\u0105cych swap\u00f3w kredytowych mo\u017cna wyr\u00f3\u017cni\u0107 zagadnienia, takie jak: u\u017cycie przez uczestnik\u00f3w rynku derywat\u00f3w kredytowych i powody, dla kt\u00f3rych po nie si\u0119gaj\u0105. Publikacja stanowi pr\u00f3b\u0119 wyczerpuj\u0105cego zaprezentowania tej problematyki, jak r\u00f3wnie\u017c ukazania zmian, do jakich dosz\u0142o na rynku swap\u00f3w kredytowych na przestrzeni lat.<\/p>\n","protected":false},"featured_media":15166,"template":"","meta":{"_acf_changed":false},"journal":[],"rodzaj":[],"seria":[],"product_brand":[],"product_cat":[6934],"product_tag":[654],"class_list":{"0":"post-46400","1":"product","2":"type-product","3":"status-publish","4":"has-post-thumbnail","6":"product_cat-ekonomia","7":"product_tag-monika-szmelter","9":"first","10":"instock","11":"taxable","12":"shipping-taxable","13":"purchasable","14":"product-type-simple"},"acf":[],"_links":{"self":[{"href":"https:\/\/wydawnictwo.ug.edu.pl\/en\/wp-json\/wp\/v2\/product\/46400","targetHints":{"allow":["GET"]}}],"collection":[{"href":"https:\/\/wydawnictwo.ug.edu.pl\/en\/wp-json\/wp\/v2\/product"}],"about":[{"href":"https:\/\/wydawnictwo.ug.edu.pl\/en\/wp-json\/wp\/v2\/types\/product"}],"wp:featuredmedia":[{"embeddable":true,"href":"https:\/\/wydawnictwo.ug.edu.pl\/en\/wp-json\/wp\/v2\/media\/15166"}],"wp:attachment":[{"href":"https:\/\/wydawnictwo.ug.edu.pl\/en\/wp-json\/wp\/v2\/media?parent=46400"}],"wp:term":[{"taxonomy":"journal","embeddable":true,"href":"https:\/\/wydawnictwo.ug.edu.pl\/en\/wp-json\/wp\/v2\/journal?post=46400"},{"taxonomy":"rodzaj","embeddable":true,"href":"https:\/\/wydawnictwo.ug.edu.pl\/en\/wp-json\/wp\/v2\/rodzaj?post=46400"},{"taxonomy":"seria","embeddable":true,"href":"https:\/\/wydawnictwo.ug.edu.pl\/en\/wp-json\/wp\/v2\/seria?post=46400"},{"taxonomy":"product_brand","embeddable":true,"href":"https:\/\/wydawnictwo.ug.edu.pl\/en\/wp-json\/wp\/v2\/product_brand?post=46400"},{"taxonomy":"product_cat","embeddable":true,"href":"https:\/\/wydawnictwo.ug.edu.pl\/en\/wp-json\/wp\/v2\/product_cat?post=46400"},{"taxonomy":"product_tag","embeddable":true,"href":"https:\/\/wydawnictwo.ug.edu.pl\/en\/wp-json\/wp\/v2\/product_tag?post=46400"}],"curies":[{"name":"wp","href":"https:\/\/api.w.org\/{rel}","templated":true}]}}