{"id":46399,"date":"2021-08-26T10:18:18","date_gmt":"2021-08-26T10:18:18","guid":{"rendered":"https:\/\/wydawnictwo.ug.edu.pl\/ksiegarnia-online\/uncategorized\/elektromobilnosc-w-ksztaltowaniu-rozwoju-drogowego-transportu-miejskiego-w-polsce\/"},"modified":"2026-02-11T14:17:47","modified_gmt":"2026-02-11T14:17:47","slug":"elektromobilnosc-w-ksztaltowaniu-rozwoju-drogowego-transportu-miejskiego-w-polsce","status":"publish","type":"product","link":"https:\/\/wydawnictwo.ug.edu.pl\/en\/ksiegarnia-online\/ekonomia\/elektromobilnosc-w-ksztaltowaniu-rozwoju-drogowego-transportu-miejskiego-w-polsce\/","title":{"rendered":"Elektromobilno\u015b\u0107 w kszta\u0142towaniu rozwoju drogowego transportu miejskiego w Polsce"},"content":{"rendered":"","protected":false},"excerpt":{"rendered":"<p>Obecnie na ca\u0142ym \u015bwiecie, w tym w Polsce, prowadzone s\u0105 prace analityczne, projektowe oraz wdro\u017ceniowe zwi\u0105zane z wymian\u0105 autobus\u00f3w konwencjonalnych na elektryczne w celu zmniejszenia koszt\u00f3w zewn\u0119trznych generowanych przez autobusy miejskie i poprawienia postrzegania transportu zbiorowego przez mieszka\u0144c\u00f3w miast. Inwestycje w tabor elektromobilny maj\u0105 si\u0119 r\u00f3wnie\u017c przyczyni\u0107 do zmniejszenia koszt\u00f3w eksploatacyjnych transportu miejskiego oraz zwi\u0119kszy\u0107 przewidywalno\u015b\u0107 ich wysoko\u015bci. Ze wzgl\u0119du na odmienne warunki eksploatacyjne, a tak\u017ce istotne r\u00f3\u017cnice w wysoko\u015bci cen taboru, wprowadzenia do eksploatacji oraz samej eksploatacji taboru elektromobilnego w stosunku do taboru konwencjonalnego, inwestycje te wymagaj\u0105 zbadania ich racjonalno\u015bci w kontekstach ekonomicznym i finansowym.<\/p>\n<p>G\u0142\u00f3wnym celem badawczym niniejszej monografii jest analiza uwarunkowa\u0144 rozwoju elektromobilno\u015bci, okre\u015blenie g\u0142\u00f3wnych czynnik\u00f3w wp\u0142ywaj\u0105cych na efektywno\u015b\u0107 inwestycji taborowych oraz zweryfikowanie zasadno\u015bci wprowadzania autobus\u00f3w elektrycznych do polskich system\u00f3w transportu miejskiego.<\/p>\n","protected":false},"featured_media":15171,"template":"","meta":{"_acf_changed":false},"journal":[],"rodzaj":[],"seria":[],"product_brand":[],"product_cat":[6934],"product_tag":[7867],"class_list":{"0":"post-46399","1":"product","2":"type-product","3":"status-publish","4":"has-post-thumbnail","6":"product_cat-ekonomia","7":"product_tag-aleksander-jagiello","9":"first","10":"outofstock","11":"taxable","12":"shipping-taxable","13":"purchasable","14":"product-type-simple"},"acf":[],"_links":{"self":[{"href":"https:\/\/wydawnictwo.ug.edu.pl\/en\/wp-json\/wp\/v2\/product\/46399","targetHints":{"allow":["GET"]}}],"collection":[{"href":"https:\/\/wydawnictwo.ug.edu.pl\/en\/wp-json\/wp\/v2\/product"}],"about":[{"href":"https:\/\/wydawnictwo.ug.edu.pl\/en\/wp-json\/wp\/v2\/types\/product"}],"wp:featuredmedia":[{"embeddable":true,"href":"https:\/\/wydawnictwo.ug.edu.pl\/en\/wp-json\/wp\/v2\/media\/15171"}],"wp:attachment":[{"href":"https:\/\/wydawnictwo.ug.edu.pl\/en\/wp-json\/wp\/v2\/media?parent=46399"}],"wp:term":[{"taxonomy":"journal","embeddable":true,"href":"https:\/\/wydawnictwo.ug.edu.pl\/en\/wp-json\/wp\/v2\/journal?post=46399"},{"taxonomy":"rodzaj","embeddable":true,"href":"https:\/\/wydawnictwo.ug.edu.pl\/en\/wp-json\/wp\/v2\/rodzaj?post=46399"},{"taxonomy":"seria","embeddable":true,"href":"https:\/\/wydawnictwo.ug.edu.pl\/en\/wp-json\/wp\/v2\/seria?post=46399"},{"taxonomy":"product_brand","embeddable":true,"href":"https:\/\/wydawnictwo.ug.edu.pl\/en\/wp-json\/wp\/v2\/product_brand?post=46399"},{"taxonomy":"product_cat","embeddable":true,"href":"https:\/\/wydawnictwo.ug.edu.pl\/en\/wp-json\/wp\/v2\/product_cat?post=46399"},{"taxonomy":"product_tag","embeddable":true,"href":"https:\/\/wydawnictwo.ug.edu.pl\/en\/wp-json\/wp\/v2\/product_tag?post=46399"}],"curies":[{"name":"wp","href":"https:\/\/api.w.org\/{rel}","templated":true}]}}