{"id":46397,"date":"2021-08-26T10:58:02","date_gmt":"2021-08-26T10:58:02","guid":{"rendered":"https:\/\/wydawnictwo.ug.edu.pl\/ksiegarnia-online\/uncategorized\/uwarunkowania-sukcesu-organizacji-w-warunkach-gospodarki-cyfrowej\/"},"modified":"2026-02-11T14:18:01","modified_gmt":"2026-02-11T14:18:01","slug":"uwarunkowania-sukcesu-organizacji-w-warunkach-gospodarki-cyfrowej","status":"publish","type":"product","link":"https:\/\/wydawnictwo.ug.edu.pl\/en\/ksiegarnia-online\/zarzadzanie\/uwarunkowania-sukcesu-organizacji-w-warunkach-gospodarki-cyfrowej\/","title":{"rendered":"Uwarunkowania sukcesu organizacji w warunkach gospodarki cyfrowej"},"content":{"rendered":"","protected":false},"excerpt":{"rendered":"<p>Jeste\u015bmy \u015bwiadkami rewolucji informacyjnej, kt\u00f3ra przyczynia si\u0119 do transformacji spo\u0142ecze\u0144stwa i gospodarki. Gospodarka cyfrowa i tradycyjna przenikaj\u0105 si\u0119 wsp\u00f3\u0142cze\u015bnie tak \u015bci\u015ble, i\u017c trudno je rozgraniczy\u0107. Dla sukcesu organizacji kluczowe staje si\u0119 zrozumienie charakterystyki i dynamiki uwarunkowa\u0144, w kt\u00f3rych przedsi\u0119biorstwa i instytucje publiczne funkcjonuj\u0105.<\/p>\n<p>Skuteczni mened\u017cerowie twierdz\u0105, \u017ce przetrwanie organizacji zale\u017cy od umiej\u0119tno\u015bci jej lider\u00f3w do elastycznego reagowania na niespodzianki i wyzwania rynku. Wra\u017cliwo\u015b\u0107 mened\u017cer\u00f3w na odczytywanie tych wyzwa\u0144 jest czynnikiem przes\u0105dzaj\u0105cym o poziomie i sposobie reagowania na nie w procesach przystosowawczych organizacji, kt\u00f3rymi zarz\u0105dzaj\u0105.<\/p>\n<p>W nadchodz\u0105cej przysz\u0142o\u015bci wygrywa\u0107 b\u0119d\u0105 nie te firmy, kt\u00f3rych liderzy pod\u0105\u017caj\u0105 za przej\u015bciowymi modami i fantazjami, ale te, kt\u00f3re potrafi\u0105 zintegrowa\u0107 now\u0105 wiedz\u0119 i nowe mo\u017cliwo\u015bci z w\u0142asnym zrozumieniem podstawowych prawd o sukcesie biznesu.<\/p>\n<p>Niniejsza monografia to kolejna pozycja z cyklu publikacji b\u0119d\u0105cych efektem konferencji naukowych organizowanych przez Katedr\u0119 Organizacji i Zarz\u0105dzania Uniwersytetu Gda\u0144skiego (wcze\u015bniej Instytutu Organizacji i Zarz\u0105dzania) pod wsp\u00f3lnym tytu\u0142em \u201eSukces organizacji\u201d. Na prezentowan\u0105 publikacj\u0119 sk\u0142ada si\u0119 zbi\u00f3r artyku\u0142\u00f3w, kt\u00f3re odnosz\u0105c si\u0119 do r\u00f3\u017cnych problem\u00f3w zarz\u0105dzania organizacjami w warunkach gospodarki cyfrowej, stanowi\u0105 wyniki bada\u0144 teoretycznych i empirycznych. Monografia powsta\u0142a w wyniku zaanga\u017cowania autor\u00f3w pochodz\u0105cych z wiod\u0105cych krajowych o\u015brodk\u00f3w akademickich.<\/p>\n","protected":false},"featured_media":15181,"template":"","meta":{"_acf_changed":false},"journal":[],"rodzaj":[],"seria":[],"product_brand":[],"product_cat":[6942],"product_tag":[],"class_list":{"0":"post-46397","1":"product","2":"type-product","3":"status-publish","4":"has-post-thumbnail","6":"product_cat-zarzadzanie","8":"first","9":"instock","10":"taxable","11":"shipping-taxable","12":"product-type-simple"},"acf":[],"_links":{"self":[{"href":"https:\/\/wydawnictwo.ug.edu.pl\/en\/wp-json\/wp\/v2\/product\/46397","targetHints":{"allow":["GET"]}}],"collection":[{"href":"https:\/\/wydawnictwo.ug.edu.pl\/en\/wp-json\/wp\/v2\/product"}],"about":[{"href":"https:\/\/wydawnictwo.ug.edu.pl\/en\/wp-json\/wp\/v2\/types\/product"}],"wp:featuredmedia":[{"embeddable":true,"href":"https:\/\/wydawnictwo.ug.edu.pl\/en\/wp-json\/wp\/v2\/media\/15181"}],"wp:attachment":[{"href":"https:\/\/wydawnictwo.ug.edu.pl\/en\/wp-json\/wp\/v2\/media?parent=46397"}],"wp:term":[{"taxonomy":"journal","embeddable":true,"href":"https:\/\/wydawnictwo.ug.edu.pl\/en\/wp-json\/wp\/v2\/journal?post=46397"},{"taxonomy":"rodzaj","embeddable":true,"href":"https:\/\/wydawnictwo.ug.edu.pl\/en\/wp-json\/wp\/v2\/rodzaj?post=46397"},{"taxonomy":"seria","embeddable":true,"href":"https:\/\/wydawnictwo.ug.edu.pl\/en\/wp-json\/wp\/v2\/seria?post=46397"},{"taxonomy":"product_brand","embeddable":true,"href":"https:\/\/wydawnictwo.ug.edu.pl\/en\/wp-json\/wp\/v2\/product_brand?post=46397"},{"taxonomy":"product_cat","embeddable":true,"href":"https:\/\/wydawnictwo.ug.edu.pl\/en\/wp-json\/wp\/v2\/product_cat?post=46397"},{"taxonomy":"product_tag","embeddable":true,"href":"https:\/\/wydawnictwo.ug.edu.pl\/en\/wp-json\/wp\/v2\/product_tag?post=46397"}],"curies":[{"name":"wp","href":"https:\/\/api.w.org\/{rel}","templated":true}]}}