{"id":46395,"date":"2021-09-06T10:58:55","date_gmt":"2021-09-06T10:58:55","guid":{"rendered":"https:\/\/wydawnictwo.ug.edu.pl\/ksiegarnia-online\/uncategorized\/neologizmy-slowotworcze-w-mowie-dzieci-w-wieku-przedszkolnym-4-6-lat\/"},"modified":"2026-02-11T14:12:15","modified_gmt":"2026-02-11T14:12:15","slug":"neologizmy-slowotworcze-w-mowie-dzieci-w-wieku-przedszkolnym-4-6-lat","status":"publish","type":"product","link":"https:\/\/wydawnictwo.ug.edu.pl\/en\/ksiegarnia-online\/jezykoznawstwo\/neologizmy-slowotworcze-w-mowie-dzieci-w-wieku-przedszkolnym-4-6-lat\/","title":{"rendered":"Neologizmy s\u0142owotw\u00f3rcze w mowie dzieci w wieku przedszkolnym (4-6 lat)"},"content":{"rendered":"","protected":false},"excerpt":{"rendered":"<p>\u201eAkty kreowania nowych wyraz\u00f3w s\u0105 immanentn\u0105 w\u0142a\u015bciwo\u015bci\u0105 j\u0119zyka naturalnego. Nowe s\u0142owa powstaj\u0105 po to, by zaspokoi\u0107 potrzeby m\u00f3wi\u0105cych: nazwa\u0107 to, co dot\u0105d nie by\u0142o nazwane, a domaga si\u0119 werbalizacji w postaci odr\u0119bnego znaku, oraz by od\u015bwie\u017cy\u0107 zasoby przez dublowanie poj\u0119\u0107 znanych, posiadaj\u0105cych synonimiczne odpowiedniki w zasobie leksykalnym (Grabias 1981: 96). (\u2026) W rozwoju mowy dziecka istotne s\u0105 te same motywacje. Podobnie jak doro\u015bli, dzieci zauwa\u017caj\u0105 w swoim otoczeniu nowe rzeczy, dla kt\u00f3rych brakuje im odpowiedniej nazwy, lub te\u017c chc\u0105 wyrazi\u0107 sw\u00f3j stosunek emocjonalny do przedmiot\u00f3w, zjawisk, czynno\u015bci, kt\u00f3rych nazwy ju\u017c znaj\u0105, ale sytuacja wymaga, aby okre\u015bli\u0107 je w nowy, niekonwencjonalny spos\u00f3b\u201d \u2013 ze w<em>st\u0119pu <\/em>do ksi\u0105\u017cki.<\/p>\n<p>W niniejszej publikacji autorki przedstawiaj\u0105 wyniki bada\u0144, kt\u00f3rych celem by\u0142o znalezienie odpowiedzi na pytanie: w jaki spos\u00f3b najm\u0142odsi u\u017cytkownicy j\u0119zyka buduj\u0105 swoj\u0105 \u015bwiadomo\u015b\u0107 metaj\u0119zykow\u0105. Badania obejmuj\u0105 pi\u0119\u0107 kategorii mutacyjnych rzeczownika. Autorki odnotowa\u0142y 796 formacji s\u0142owotw\u00f3rczych o charakterze neologicznym: zar\u00f3wno typy s\u0142owotw\u00f3rcze charakterystyczne dla wsp\u00f3\u0142czesnej polszczyzny, jak i struktury zawieraj\u0105ce wyk\u0142adniki spoza danej kategorii s\u0142owotw\u00f3rczej oraz jednostki zawieraj\u0105ce wyk\u0142adniki nieznane zasobom polszczyzny og\u00f3lnej.<\/p>\n","protected":false},"featured_media":15588,"template":"","meta":{"_acf_changed":false},"journal":[],"rodzaj":[7074],"seria":[],"product_brand":[],"product_cat":[6924],"product_tag":[],"class_list":{"0":"post-46395","1":"product","2":"type-product","3":"status-publish","4":"has-post-thumbnail","6":"rodzaj-ksiazki","7":"product_cat-jezykoznawstwo","8":"pa_rok-wydania-2021-en","10":"first","11":"outofstock","12":"taxable","13":"shipping-taxable","14":"purchasable","15":"product-type-simple"},"acf":[],"_links":{"self":[{"href":"https:\/\/wydawnictwo.ug.edu.pl\/en\/wp-json\/wp\/v2\/product\/46395","targetHints":{"allow":["GET"]}}],"collection":[{"href":"https:\/\/wydawnictwo.ug.edu.pl\/en\/wp-json\/wp\/v2\/product"}],"about":[{"href":"https:\/\/wydawnictwo.ug.edu.pl\/en\/wp-json\/wp\/v2\/types\/product"}],"wp:featuredmedia":[{"embeddable":true,"href":"https:\/\/wydawnictwo.ug.edu.pl\/en\/wp-json\/wp\/v2\/media\/15588"}],"wp:attachment":[{"href":"https:\/\/wydawnictwo.ug.edu.pl\/en\/wp-json\/wp\/v2\/media?parent=46395"}],"wp:term":[{"taxonomy":"journal","embeddable":true,"href":"https:\/\/wydawnictwo.ug.edu.pl\/en\/wp-json\/wp\/v2\/journal?post=46395"},{"taxonomy":"rodzaj","embeddable":true,"href":"https:\/\/wydawnictwo.ug.edu.pl\/en\/wp-json\/wp\/v2\/rodzaj?post=46395"},{"taxonomy":"seria","embeddable":true,"href":"https:\/\/wydawnictwo.ug.edu.pl\/en\/wp-json\/wp\/v2\/seria?post=46395"},{"taxonomy":"product_brand","embeddable":true,"href":"https:\/\/wydawnictwo.ug.edu.pl\/en\/wp-json\/wp\/v2\/product_brand?post=46395"},{"taxonomy":"product_cat","embeddable":true,"href":"https:\/\/wydawnictwo.ug.edu.pl\/en\/wp-json\/wp\/v2\/product_cat?post=46395"},{"taxonomy":"product_tag","embeddable":true,"href":"https:\/\/wydawnictwo.ug.edu.pl\/en\/wp-json\/wp\/v2\/product_tag?post=46395"}],"curies":[{"name":"wp","href":"https:\/\/api.w.org\/{rel}","templated":true}]}}