{"id":46394,"date":"2021-09-06T11:33:44","date_gmt":"2021-09-06T11:33:44","guid":{"rendered":"https:\/\/wydawnictwo.ug.edu.pl\/ksiegarnia-online\/uncategorized\/zarzadzanie-zdalnymi-pracownikami-specyfika-wyzwania-i-rozwiazania\/"},"modified":"2026-02-11T14:12:17","modified_gmt":"2026-02-11T14:12:17","slug":"zarzadzanie-zdalnymi-pracownikami-specyfika-wyzwania-i-rozwiazania","status":"publish","type":"product","link":"https:\/\/wydawnictwo.ug.edu.pl\/en\/ksiegarnia-online\/zarzadzanie\/zarzadzanie-zdalnymi-pracownikami-specyfika-wyzwania-i-rozwiazania\/","title":{"rendered":"Zarz\u0105dzanie zdalnymi pracownikami. Specyfika, wyzwania i rozwi\u0105zania"},"content":{"rendered":"","protected":false},"excerpt":{"rendered":"<p>Zdalna praca i b\u0119d\u0105ca jej cz\u0119\u015bci\u0105 telepraca jest form\u0105 organizacji pracy intelektualnej, kt\u00f3ra narodzi\u0142a si\u0119 oko\u0142o pi\u0119\u0107dziesi\u0119ciu lat temu. Pomimo wielu optymistycznych prognoz tempo popularyzacji tej formy organizacji pracy by\u0142o wolne. Dopiero pandemia koronawirusa, kt\u00f3ra wybuch\u0142a w 2020 roku, sta\u0142a si\u0119 punktem prze\u0142omowym w popularyzacji tej formy pracy. Wdro\u017cenie zdalnej pracy jest mo\u017cliwe dzi\u0119ki technologii teleinformatycznej. Jednak, aby praca przebiega\u0142a sprawnie i efektywnie, opr\u00f3cz technologii niezb\u0119dna jest r\u00f3wnie\u017c odpowiednia kultura organizacji, procesy komunikacyjne i mechanizmy koordynacji zdalnych pracownik\u00f3w. Autor ksi\u0105\u017cki spr\u00f3bowa\u0142 odpowiedzie\u0107 na pytanie, jak mo\u017cna wykorzystywa\u0107 technologi\u0119 teleinformatyczn\u0105 i rozwi\u0105zania organizacyjne do skuteczniejszego zarz\u0105dzania zdalnymi pracownikami: telepracownikami i cz\u0142onkami wirtualnych zespo\u0142\u00f3w. Zakres monografii obejmuje teleprac\u0119 i funkcjonowanie wirtualnych zespo\u0142\u00f3w, kt\u00f3re wsp\u00f3lnie sk\u0142adaj\u0105 si\u0119 na zjawisko zdalnej pracy.<\/p>\n","protected":false},"featured_media":15615,"template":"","meta":{"_acf_changed":false},"journal":[],"rodzaj":[],"seria":[],"product_brand":[],"product_cat":[6942],"product_tag":[7685],"class_list":{"0":"post-46394","1":"product","2":"type-product","3":"status-publish","4":"has-post-thumbnail","6":"product_cat-zarzadzanie","7":"product_tag-piotr-wrobelpiotr-wrobel","8":"pa_rok-wydania-2021-en","10":"first","11":"instock","12":"taxable","13":"shipping-taxable","14":"purchasable","15":"product-type-simple"},"acf":[],"_links":{"self":[{"href":"https:\/\/wydawnictwo.ug.edu.pl\/en\/wp-json\/wp\/v2\/product\/46394","targetHints":{"allow":["GET"]}}],"collection":[{"href":"https:\/\/wydawnictwo.ug.edu.pl\/en\/wp-json\/wp\/v2\/product"}],"about":[{"href":"https:\/\/wydawnictwo.ug.edu.pl\/en\/wp-json\/wp\/v2\/types\/product"}],"wp:featuredmedia":[{"embeddable":true,"href":"https:\/\/wydawnictwo.ug.edu.pl\/en\/wp-json\/wp\/v2\/media\/15615"}],"wp:attachment":[{"href":"https:\/\/wydawnictwo.ug.edu.pl\/en\/wp-json\/wp\/v2\/media?parent=46394"}],"wp:term":[{"taxonomy":"journal","embeddable":true,"href":"https:\/\/wydawnictwo.ug.edu.pl\/en\/wp-json\/wp\/v2\/journal?post=46394"},{"taxonomy":"rodzaj","embeddable":true,"href":"https:\/\/wydawnictwo.ug.edu.pl\/en\/wp-json\/wp\/v2\/rodzaj?post=46394"},{"taxonomy":"seria","embeddable":true,"href":"https:\/\/wydawnictwo.ug.edu.pl\/en\/wp-json\/wp\/v2\/seria?post=46394"},{"taxonomy":"product_brand","embeddable":true,"href":"https:\/\/wydawnictwo.ug.edu.pl\/en\/wp-json\/wp\/v2\/product_brand?post=46394"},{"taxonomy":"product_cat","embeddable":true,"href":"https:\/\/wydawnictwo.ug.edu.pl\/en\/wp-json\/wp\/v2\/product_cat?post=46394"},{"taxonomy":"product_tag","embeddable":true,"href":"https:\/\/wydawnictwo.ug.edu.pl\/en\/wp-json\/wp\/v2\/product_tag?post=46394"}],"curies":[{"name":"wp","href":"https:\/\/api.w.org\/{rel}","templated":true}]}}