{"id":46393,"date":"2021-09-06T11:44:35","date_gmt":"2021-09-06T11:44:35","guid":{"rendered":"https:\/\/wydawnictwo.ug.edu.pl\/ksiegarnia-online\/uncategorized\/dzieci-ulicy-tozsamosc-i-zmiana\/"},"modified":"2026-02-11T14:12:18","modified_gmt":"2026-02-11T14:12:18","slug":"dzieci-ulicy-tozsamosc-i-zmiana","status":"publish","type":"product","link":"https:\/\/wydawnictwo.ug.edu.pl\/en\/ksiegarnia-online\/pedagogika-i-psychologia\/dzieci-ulicy-tozsamosc-i-zmiana\/","title":{"rendered":"Dzieci Ulicy. To\u017csamo\u015b\u0107 i zmiana"},"content":{"rendered":"","protected":false},"excerpt":{"rendered":"<p>Zar\u00f3wno w Polsce, jak i na \u015bwiecie brakuje bada\u0144 bezpo\u015brednio odnosz\u0105cych si\u0119 do kompetencji dzieci ulicy. Niniejsza publikacja opisuje badania dotycz\u0105ce poczucia sprawstwa dzieci ulicy, na kt\u00f3re sk\u0142adaj\u0105 si\u0119 poczucie radzenia sobie ze stresem oraz poczucie koherencji. Ponadto ksi\u0105\u017cka przedstawia koncepcje pracy z t\u0105 kategori\u0105 dzieci stosowane przez podmioty realizuj\u0105ce projekty pracy ulicznej z dzie\u0107mi i m\u0142odzie\u017c\u0105. Poprzez w\u0142\u0105czenie do badania analiz dotycz\u0105cych to\u017csamo\u015bci dzieci ulicy autorka okre\u015bli\u0142a stopie\u0144 dopasowania realizowanych projekt\u00f3w do potrzeb i mo\u017cliwo\u015bci dzieci oraz ich efektywno\u015b\u0107. Rezultatem przeprowadzonych bada\u0144 jest wypracowanie rekomendacji w zakresie rozwoju \u015brodowiskowych metod pracy z dzie\u0107mi ulicy, mi\u0119dzy innymi takich jak streetworking i pedagogika ulicy.<\/p>\n","protected":false},"featured_media":15623,"template":"","meta":{"_acf_changed":false},"journal":[],"rodzaj":[],"seria":[],"product_brand":[],"product_cat":[271],"product_tag":[866],"class_list":{"0":"post-46393","1":"product","2":"type-product","3":"status-publish","4":"has-post-thumbnail","6":"product_cat-pedagogika-i-psychologia","7":"product_tag-jolanta-sokolowska","8":"pa_rok-wydania-861","10":"first","11":"instock","12":"taxable","13":"shipping-taxable","14":"product-type-simple"},"acf":[],"_links":{"self":[{"href":"https:\/\/wydawnictwo.ug.edu.pl\/en\/wp-json\/wp\/v2\/product\/46393","targetHints":{"allow":["GET"]}}],"collection":[{"href":"https:\/\/wydawnictwo.ug.edu.pl\/en\/wp-json\/wp\/v2\/product"}],"about":[{"href":"https:\/\/wydawnictwo.ug.edu.pl\/en\/wp-json\/wp\/v2\/types\/product"}],"wp:featuredmedia":[{"embeddable":true,"href":"https:\/\/wydawnictwo.ug.edu.pl\/en\/wp-json\/wp\/v2\/media\/15623"}],"wp:attachment":[{"href":"https:\/\/wydawnictwo.ug.edu.pl\/en\/wp-json\/wp\/v2\/media?parent=46393"}],"wp:term":[{"taxonomy":"journal","embeddable":true,"href":"https:\/\/wydawnictwo.ug.edu.pl\/en\/wp-json\/wp\/v2\/journal?post=46393"},{"taxonomy":"rodzaj","embeddable":true,"href":"https:\/\/wydawnictwo.ug.edu.pl\/en\/wp-json\/wp\/v2\/rodzaj?post=46393"},{"taxonomy":"seria","embeddable":true,"href":"https:\/\/wydawnictwo.ug.edu.pl\/en\/wp-json\/wp\/v2\/seria?post=46393"},{"taxonomy":"product_brand","embeddable":true,"href":"https:\/\/wydawnictwo.ug.edu.pl\/en\/wp-json\/wp\/v2\/product_brand?post=46393"},{"taxonomy":"product_cat","embeddable":true,"href":"https:\/\/wydawnictwo.ug.edu.pl\/en\/wp-json\/wp\/v2\/product_cat?post=46393"},{"taxonomy":"product_tag","embeddable":true,"href":"https:\/\/wydawnictwo.ug.edu.pl\/en\/wp-json\/wp\/v2\/product_tag?post=46393"}],"curies":[{"name":"wp","href":"https:\/\/api.w.org\/{rel}","templated":true}]}}