{"id":46392,"date":"2021-09-06T12:19:48","date_gmt":"2021-09-06T12:19:48","guid":{"rendered":"https:\/\/wydawnictwo.ug.edu.pl\/ksiegarnia-online\/uncategorized\/seppuku-jako-przyklad-procesu-normatywizacji-zwyczaju-w-prawie-japonskim\/"},"modified":"2026-02-11T14:12:19","modified_gmt":"2026-02-11T14:12:19","slug":"seppuku-jako-przyklad-procesu-normatywizacji-zwyczaju-w-prawie-japonskim","status":"publish","type":"product","link":"https:\/\/wydawnictwo.ug.edu.pl\/en\/ksiegarnia-online\/prawo-i-administracja\/seppuku-jako-przyklad-procesu-normatywizacji-zwyczaju-w-prawie-japonskim\/","title":{"rendered":"Seppuku jako przyk\u0142ad procesu normatywizacji zwyczaju w prawie japo\u0144skim"},"content":{"rendered":"","protected":false},"excerpt":{"rendered":"<p>Masz w zwyczaju zasiada\u0107 wieczorem w wygodnym fotelu z ksi\u0105\u017ck\u0105 w r\u0119ku? Czym jest zwyczaj? W jaki spos\u00f3b zwyczaj staje si\u0119 prawem? Jaka by\u0142a rola zwyczaju w procesie kszta\u0142towania si\u0119 Japonii? Autorka zabiera czytelnika w podr\u00f3\u017c po \u015bredniowiecznej Japonii, t\u0142umacz\u0105c po drodze, w jaki spos\u00f3b zwyczaj staje si\u0119 prawem. Za przyk\u0142ad s\u0142u\u017cy jej jeden z symboli Kraju Kwitn\u0105cej Wi\u015bni, czyli seppuku. Zwyczaj szczeg\u00f3lnie popularny w\u015br\u00f3d samuraj\u00f3w, kt\u00f3rzy bez cienia strachu godzili si\u0119 w brzuch w akcie rytualnego samob\u00f3jstwa. Wszyscy znamy te obrazki, widzieli\u015bmy je w filmach lub czytali\u015bmy o nich w ksi\u0105\u017ckach. Ma\u0142o kto jednak wie, \u017ce z czasem zwyczaj seppuku sta\u0142 si\u0119 w Japonii prawem. Seppuku, inaczej zwane harakiri, uznano oficjalnie za kar\u0119 \u015bmierci, kt\u00f3rej \u201eprzywilej\u201d odbycia mieli wy\u0142\u0105cznie samurajowie. Autorka opisuje ca\u0142y proces normatywizacji zwyczaju seppuku, przy okazji otwieraj\u0105c przed czytelnikiem te\u017c inne tajemnice Japonii. Si\u0119gaj\u0105c po t\u0119 ksi\u0105\u017ck\u0119, czytelnik b\u0119dzie obserwowa\u0142, jak przez wieki kszta\u0142towa\u0142a si\u0119 kultura tego kraju. Pozna skandale towarzysz\u0105ce zmianom kolejnych w\u0142adc\u00f3w i dowie si\u0119, jak rz\u0105dzi\u0107 \u201espod namiotu\u201d.<\/p>\n","protected":false},"featured_media":16014,"template":"","meta":{"_acf_changed":false},"journal":[],"rodzaj":[6667,2604],"seria":[6740],"product_brand":[],"product_cat":[232],"product_tag":[872],"class_list":{"0":"post-46392","1":"product","2":"type-product","3":"status-publish","4":"has-post-thumbnail","6":"rodzaj-czasopismo","7":"rodzaj-serie-wydawnicze","8":"seria-biblioteka-studiow-azji-wschodniej","9":"product_cat-prawo-i-administracja","10":"product_tag-luiza-kliczkowska","11":"pa_rok-wydania-861","13":"first","14":"instock","15":"taxable","16":"shipping-taxable","17":"purchasable","18":"product-type-simple"},"acf":[],"_links":{"self":[{"href":"https:\/\/wydawnictwo.ug.edu.pl\/en\/wp-json\/wp\/v2\/product\/46392","targetHints":{"allow":["GET"]}}],"collection":[{"href":"https:\/\/wydawnictwo.ug.edu.pl\/en\/wp-json\/wp\/v2\/product"}],"about":[{"href":"https:\/\/wydawnictwo.ug.edu.pl\/en\/wp-json\/wp\/v2\/types\/product"}],"wp:featuredmedia":[{"embeddable":true,"href":"https:\/\/wydawnictwo.ug.edu.pl\/en\/wp-json\/wp\/v2\/media\/16014"}],"wp:attachment":[{"href":"https:\/\/wydawnictwo.ug.edu.pl\/en\/wp-json\/wp\/v2\/media?parent=46392"}],"wp:term":[{"taxonomy":"journal","embeddable":true,"href":"https:\/\/wydawnictwo.ug.edu.pl\/en\/wp-json\/wp\/v2\/journal?post=46392"},{"taxonomy":"rodzaj","embeddable":true,"href":"https:\/\/wydawnictwo.ug.edu.pl\/en\/wp-json\/wp\/v2\/rodzaj?post=46392"},{"taxonomy":"seria","embeddable":true,"href":"https:\/\/wydawnictwo.ug.edu.pl\/en\/wp-json\/wp\/v2\/seria?post=46392"},{"taxonomy":"product_brand","embeddable":true,"href":"https:\/\/wydawnictwo.ug.edu.pl\/en\/wp-json\/wp\/v2\/product_brand?post=46392"},{"taxonomy":"product_cat","embeddable":true,"href":"https:\/\/wydawnictwo.ug.edu.pl\/en\/wp-json\/wp\/v2\/product_cat?post=46392"},{"taxonomy":"product_tag","embeddable":true,"href":"https:\/\/wydawnictwo.ug.edu.pl\/en\/wp-json\/wp\/v2\/product_tag?post=46392"}],"curies":[{"name":"wp","href":"https:\/\/api.w.org\/{rel}","templated":true}]}}