{"id":46391,"date":"2021-09-08T10:35:54","date_gmt":"2021-09-08T10:35:54","guid":{"rendered":"https:\/\/wydawnictwo.ug.edu.pl\/ksiegarnia-online\/uncategorized\/rozwoj-funkcji-logistycznych-w-grupie-pkp-przeslanki-i-uwarunkowania\/"},"modified":"2026-02-11T14:12:23","modified_gmt":"2026-02-11T14:12:23","slug":"rozwoj-funkcji-logistycznych-w-grupie-pkp-przeslanki-i-uwarunkowania","status":"publish","type":"product","link":"https:\/\/wydawnictwo.ug.edu.pl\/en\/ksiegarnia-online\/ekonomia\/rozwoj-funkcji-logistycznych-w-grupie-pkp-przeslanki-i-uwarunkowania\/","title":{"rendered":"Rozw\u00f3j funkcji logistycznych w Grupie PKP. Przes\u0142anki i uwarunkowania"},"content":{"rendered":"","protected":false},"excerpt":{"rendered":"<p>W grudniu 2019 r. na Wydziale Ekonomicznym Uniwersytetu Gda\u0144skiego odby\u0142a si\u0119, przy wsp\u00f3\u0142udziale merytorycznym i organizacyjnym PKP Cargo SA, XX. doroczna konferencja \u201eModelowanie proces\u00f3w i system\u00f3w logistycznych\u201d. Wiele zawartych w niniejszej monografii my\u015bli, wniosk\u00f3w i opinii jest wynikiem przeprowadzonej podczas wspomnianej konferencji dyskusji pomi\u0119dzy praktykami i przedstawicielami najbardziej znacz\u0105cych, krajowych, uniwersyteckich o\u015brodk\u00f3w logistyki.<\/p>\n<p>Przedsi\u0119biorstwa kolejowe maj\u0105 szczeg\u00f3lne uwarunkowania i zadania zwi\u0105zane z logistyk\u0105, poniewa\u017c z jednej strony s\u0105 elementem systemu wsparcia logistycznego kraju, realizuj\u0105c przewozy ludzi i \u0142adunk\u00f3w, z drugiej za\u015b strony dla realizacji swoich zada\u0144 produkcyjnych wymagaj\u0105 sprawnie funkcjonuj\u0105cego w\u0142asnego systemu wsparcia logistycznego. Nie do przecenienia s\u0105 wi\u0119c zawarte w niniejszej monografii uwagi i spostrze\u017cenia zwi\u0105zane z kszta\u0142towaniem nowych logistycznych form obs\u0142ugi logistycznej przez kolej oraz wybrane zagadnienia zwi\u0105zane z organizacyjno-prawnymi kwestiami budowania oferty Third Party Logistics.<\/p>\n","protected":false},"featured_media":15712,"template":"","meta":{"_acf_changed":false},"journal":[],"rodzaj":[],"seria":[],"product_brand":[],"product_cat":[6934],"product_tag":[],"class_list":{"0":"post-46391","1":"product","2":"type-product","3":"status-publish","4":"has-post-thumbnail","6":"product_cat-ekonomia","7":"pa_rok-wydania-2021-en","9":"first","10":"outofstock","11":"taxable","12":"shipping-taxable","13":"purchasable","14":"product-type-simple"},"acf":[],"_links":{"self":[{"href":"https:\/\/wydawnictwo.ug.edu.pl\/en\/wp-json\/wp\/v2\/product\/46391","targetHints":{"allow":["GET"]}}],"collection":[{"href":"https:\/\/wydawnictwo.ug.edu.pl\/en\/wp-json\/wp\/v2\/product"}],"about":[{"href":"https:\/\/wydawnictwo.ug.edu.pl\/en\/wp-json\/wp\/v2\/types\/product"}],"wp:featuredmedia":[{"embeddable":true,"href":"https:\/\/wydawnictwo.ug.edu.pl\/en\/wp-json\/wp\/v2\/media\/15712"}],"wp:attachment":[{"href":"https:\/\/wydawnictwo.ug.edu.pl\/en\/wp-json\/wp\/v2\/media?parent=46391"}],"wp:term":[{"taxonomy":"journal","embeddable":true,"href":"https:\/\/wydawnictwo.ug.edu.pl\/en\/wp-json\/wp\/v2\/journal?post=46391"},{"taxonomy":"rodzaj","embeddable":true,"href":"https:\/\/wydawnictwo.ug.edu.pl\/en\/wp-json\/wp\/v2\/rodzaj?post=46391"},{"taxonomy":"seria","embeddable":true,"href":"https:\/\/wydawnictwo.ug.edu.pl\/en\/wp-json\/wp\/v2\/seria?post=46391"},{"taxonomy":"product_brand","embeddable":true,"href":"https:\/\/wydawnictwo.ug.edu.pl\/en\/wp-json\/wp\/v2\/product_brand?post=46391"},{"taxonomy":"product_cat","embeddable":true,"href":"https:\/\/wydawnictwo.ug.edu.pl\/en\/wp-json\/wp\/v2\/product_cat?post=46391"},{"taxonomy":"product_tag","embeddable":true,"href":"https:\/\/wydawnictwo.ug.edu.pl\/en\/wp-json\/wp\/v2\/product_tag?post=46391"}],"curies":[{"name":"wp","href":"https:\/\/api.w.org\/{rel}","templated":true}]}}