{"id":46388,"date":"2021-09-09T11:43:34","date_gmt":"2021-09-09T11:43:34","guid":{"rendered":"https:\/\/wydawnictwo.ug.edu.pl\/ksiegarnia-online\/uncategorized\/czynniki-struktury-kapitalu-oraz-rentownosci-spolek-gieldowych-ujecie-teoretyczne-i-empiryczne\/"},"modified":"2026-02-11T14:12:31","modified_gmt":"2026-02-11T14:12:31","slug":"czynniki-struktury-kapitalu-oraz-rentownosci-spolek-gieldowych-ujecie-teoretyczne-i-empiryczne","status":"publish","type":"product","link":"https:\/\/wydawnictwo.ug.edu.pl\/en\/ksiegarnia-online\/zarzadzanie\/czynniki-struktury-kapitalu-oraz-rentownosci-spolek-gieldowych-ujecie-teoretyczne-i-empiryczne\/","title":{"rendered":"Czynniki struktury kapita\u0142u oraz rentowno\u015bci sp\u00f3\u0142ek gie\u0142dowych. Uj\u0119cie teoretyczne i empiryczne"},"content":{"rendered":"","protected":false},"excerpt":{"rendered":"<p>\u015aledz\u0105c publikacje z ostatnich lat dotycz\u0105ce obszaru oddzia\u0142ywania czynnik\u00f3w na struktur\u0119 kapita\u0142u i wyniki przedsi\u0119biorstw, wyra\u017anie wida\u0107, \u017ce brakuje opracowa\u0144, kt\u00f3re traktuj\u0105 te zagadnienia w spos\u00f3b kompleksowy, ze szczeg\u00f3lnym uwzgl\u0119dnieniem strony empirycznej. Pomys\u0142 opublikowania pracy Ewy Majerowskiej i Magdaleny Gostkowskiej-Drzewickiej pt.\u00a0<em>Czynniki struktury kapita\u0142u oraz rentowno\u015b\u0107 sp\u00f3\u0142ek gie\u0142dowych. Uj\u0119cie teoretyczne i empiryczne<\/em>\u00a0\u2013 kt\u00f3ra wype\u0142nia t\u0119 luk\u0119 \u2013 uwa\u017cam za bardzo udany. [&#8230;]<\/p>\n<p>Zawarte w monografii elementy teoretyczne i empiryczne sprawiaj\u0105, \u017ce jest ona skierowana do szerokiego grona odbiorc\u00f3w: teoretyk\u00f3w i praktyk\u00f3w, ale r\u00f3wnie\u017c mo\u017ce by\u0107 polecana studentom starszych lat studi\u00f3w ekonomicznych lub doktorantom.<\/p>\n<p><em>Z recenzji dr hab. Beaty Bieszk-Sto\u0142orz, prof. US<\/em><\/p>\n","protected":false},"featured_media":15724,"template":"","meta":{"_acf_changed":false},"journal":[],"rodzaj":[7074],"seria":[],"product_brand":[],"product_cat":[6942],"product_tag":[],"class_list":{"0":"post-46388","1":"product","2":"type-product","3":"status-publish","4":"has-post-thumbnail","6":"rodzaj-ksiazki","7":"product_cat-zarzadzanie","8":"pa_rok-wydania-2021-en","10":"first","11":"outofstock","12":"taxable","13":"shipping-taxable","14":"purchasable","15":"product-type-simple"},"acf":[],"_links":{"self":[{"href":"https:\/\/wydawnictwo.ug.edu.pl\/en\/wp-json\/wp\/v2\/product\/46388","targetHints":{"allow":["GET"]}}],"collection":[{"href":"https:\/\/wydawnictwo.ug.edu.pl\/en\/wp-json\/wp\/v2\/product"}],"about":[{"href":"https:\/\/wydawnictwo.ug.edu.pl\/en\/wp-json\/wp\/v2\/types\/product"}],"wp:featuredmedia":[{"embeddable":true,"href":"https:\/\/wydawnictwo.ug.edu.pl\/en\/wp-json\/wp\/v2\/media\/15724"}],"wp:attachment":[{"href":"https:\/\/wydawnictwo.ug.edu.pl\/en\/wp-json\/wp\/v2\/media?parent=46388"}],"wp:term":[{"taxonomy":"journal","embeddable":true,"href":"https:\/\/wydawnictwo.ug.edu.pl\/en\/wp-json\/wp\/v2\/journal?post=46388"},{"taxonomy":"rodzaj","embeddable":true,"href":"https:\/\/wydawnictwo.ug.edu.pl\/en\/wp-json\/wp\/v2\/rodzaj?post=46388"},{"taxonomy":"seria","embeddable":true,"href":"https:\/\/wydawnictwo.ug.edu.pl\/en\/wp-json\/wp\/v2\/seria?post=46388"},{"taxonomy":"product_brand","embeddable":true,"href":"https:\/\/wydawnictwo.ug.edu.pl\/en\/wp-json\/wp\/v2\/product_brand?post=46388"},{"taxonomy":"product_cat","embeddable":true,"href":"https:\/\/wydawnictwo.ug.edu.pl\/en\/wp-json\/wp\/v2\/product_cat?post=46388"},{"taxonomy":"product_tag","embeddable":true,"href":"https:\/\/wydawnictwo.ug.edu.pl\/en\/wp-json\/wp\/v2\/product_tag?post=46388"}],"curies":[{"name":"wp","href":"https:\/\/api.w.org\/{rel}","templated":true}]}}