{"id":46387,"date":"2021-09-10T12:17:35","date_gmt":"2021-09-10T12:17:35","guid":{"rendered":"https:\/\/wydawnictwo.ug.edu.pl\/ksiegarnia-online\/uncategorized\/poljsko-srpske-knjizevne-veze-prevodi-i-recepcija\/"},"modified":"2026-02-11T14:12:37","modified_gmt":"2026-02-11T14:12:37","slug":"poljsko-srpske-knjizevne-veze-prevodi-i-recepcija","status":"publish","type":"product","link":"https:\/\/wydawnictwo.ug.edu.pl\/en\/ksiegarnia-online\/literaturoznawstwo\/poljsko-srpske-knjizevne-veze-prevodi-i-recepcija\/","title":{"rendered":"Poljsko srpske knji\u017eevne veze \u2013 prevodi i recepcija"},"content":{"rendered":"","protected":false},"excerpt":{"rendered":"<p><span data-contrast=\"auto\">Publikacja napisana w j\u0119zyku serbskim, zosta\u0142a po\u015bwi\u0119cona polsko-serbskim zwi\u0105zkom literackim i teatralnym, a tak\u017ce literaturze serbskiej w\u015br\u00f3d Polak\u00f3w. Powsta\u0142a na podstawie t\u0142umacze\u0144 ksi\u0105\u017cek, artyku\u0142\u00f3w w czasopismach, gazetach i antologiach, opracowa\u0144 literacko-historycznych i bibliografii. Autor ukazuje uwarunkowania kulturowo-historyczne, kt\u00f3re <\/span><span data-contrast=\"auto\">przyczyni\u0142y si\u0119 do wzmocnienia i zmniejszenia zainteresowania literatur\u0105 Serb\u00f3w i Polak\u00f3w.\u00a0<\/span><\/p>\n","protected":false},"featured_media":16012,"template":"","meta":{"_acf_changed":false},"journal":[],"rodzaj":[7074],"seria":[],"product_brand":[],"product_cat":[6925],"product_tag":[7850],"class_list":{"0":"post-46387","1":"product","2":"type-product","3":"status-publish","4":"has-post-thumbnail","6":"rodzaj-ksiazki","7":"product_cat-literaturoznawstwo","8":"product_tag-dejan-ajdacic","9":"pa_rok-wydania-2021-en","11":"first","12":"outofstock","13":"taxable","14":"shipping-taxable","15":"purchasable","16":"product-type-simple"},"acf":[],"_links":{"self":[{"href":"https:\/\/wydawnictwo.ug.edu.pl\/en\/wp-json\/wp\/v2\/product\/46387","targetHints":{"allow":["GET"]}}],"collection":[{"href":"https:\/\/wydawnictwo.ug.edu.pl\/en\/wp-json\/wp\/v2\/product"}],"about":[{"href":"https:\/\/wydawnictwo.ug.edu.pl\/en\/wp-json\/wp\/v2\/types\/product"}],"wp:featuredmedia":[{"embeddable":true,"href":"https:\/\/wydawnictwo.ug.edu.pl\/en\/wp-json\/wp\/v2\/media\/16012"}],"wp:attachment":[{"href":"https:\/\/wydawnictwo.ug.edu.pl\/en\/wp-json\/wp\/v2\/media?parent=46387"}],"wp:term":[{"taxonomy":"journal","embeddable":true,"href":"https:\/\/wydawnictwo.ug.edu.pl\/en\/wp-json\/wp\/v2\/journal?post=46387"},{"taxonomy":"rodzaj","embeddable":true,"href":"https:\/\/wydawnictwo.ug.edu.pl\/en\/wp-json\/wp\/v2\/rodzaj?post=46387"},{"taxonomy":"seria","embeddable":true,"href":"https:\/\/wydawnictwo.ug.edu.pl\/en\/wp-json\/wp\/v2\/seria?post=46387"},{"taxonomy":"product_brand","embeddable":true,"href":"https:\/\/wydawnictwo.ug.edu.pl\/en\/wp-json\/wp\/v2\/product_brand?post=46387"},{"taxonomy":"product_cat","embeddable":true,"href":"https:\/\/wydawnictwo.ug.edu.pl\/en\/wp-json\/wp\/v2\/product_cat?post=46387"},{"taxonomy":"product_tag","embeddable":true,"href":"https:\/\/wydawnictwo.ug.edu.pl\/en\/wp-json\/wp\/v2\/product_tag?post=46387"}],"curies":[{"name":"wp","href":"https:\/\/api.w.org\/{rel}","templated":true}]}}