{"id":46384,"date":"2021-09-10T13:07:25","date_gmt":"2021-09-10T13:07:25","guid":{"rendered":"https:\/\/wydawnictwo.ug.edu.pl\/?post_type=product&#038;p=46384"},"modified":"2026-02-18T12:13:08","modified_gmt":"2026-02-18T12:13:08","slug":"zarzadzanie-finansami-w-podmiotach-leczniczych","status":"publish","type":"product","link":"https:\/\/wydawnictwo.ug.edu.pl\/en\/ksiegarnia-online\/zarzadzanie\/zarzadzanie-finansami-w-podmiotach-leczniczych\/","title":{"rendered":"Zarz\u0105dzanie finansami w podmiotach leczniczych"},"content":{"rendered":"","protected":false},"excerpt":{"rendered":"<p>Problematyka zarz\u0105dzania finansami podmiot\u00f3w leczniczych stanowi ciekawy obszar bada\u0144 i\u00a0jest przedmiotem zainteresowania zar\u00f3wno w\u00a0Polsce, jak\u00a0i\u00a0na ca\u0142ym \u015bwiecie. Wynika to g\u0142\u00f3wnie ze\u00a0wzrastaj\u0105cego znaczenia opieki zdrowotnej dla jednostek, a\u00a0tak\u017ce ca\u0142ych spo\u0142ecze\u0144stw. Ma\u00a0to szczeg\u00f3lne znaczenie w\u00a0kontek\u015bcie zmian demograficznych\u00a0\u2013 starzenia si\u0119 spo\u0142ecze\u0144stw, wyd\u0142u\u017cania czasu trwania \u017cycia, a\u00a0tak\u017ce w\u00a0kontek\u015bcie istotnego post\u0119pu w\u00a0obszarze wiedzy i\u00a0technologii medycznej. To\u00a0z\u00a0kolei rodzi zapotrzebowanie na specjalistyczn\u0105 wiedz\u0119 z\u00a0zakresu zarz\u0105dzania finansami podmiot\u00f3w leczniczych w\u015br\u00f3d wielu grup interesariuszy\u00a0\u2013 praktyk\u00f3w zarz\u0105dzaj\u0105cych finansami tych jednostek, pracownik\u00f3w jednostek samorz\u0105du terytorialnego, pracownik\u00f3w Narodowego Funduszu Zdrowia (NFZ), naukowc\u00f3w, student\u00f3w. Niniejsza monografia wychodzi naprzeciw opisywanym potrzebom\u00a0\u2013 stanowi kompendium wiedzy o\u00a0zarz\u0105dzaniu finansami w\u00a0podmiotach leczniczych uwzgl\u0119dniaj\u0105ce specyfik\u0119 gospodarki finansowej tych podmiot\u00f3w. W\u00a0opracowaniu podkre\u015blono tak\u017ce r\u00f3\u017cnorodny charakter podmiot\u00f3w medycznych publicznych i\u00a0prywatnych oraz implikacje, jakie niesie to dla ich gospodarki finansowej.<\/p>\n<p>Publikacja sfinansowana ze \u015brodk\u00f3w projektu PROgram Rozwoju Uniwersytetu Gda\u0144skiego (ProUG).<\/p>\n","protected":false},"featured_media":16007,"template":"","meta":{"_acf_changed":false},"journal":[],"rodzaj":[],"seria":[],"product_brand":[],"product_cat":[6942],"product_tag":[8335,8336],"class_list":{"0":"post-46384","1":"product","2":"type-product","3":"status-publish","4":"has-post-thumbnail","6":"product_cat-zarzadzanie","7":"product_tag-kamila-stanczak-strumillo","8":"product_tag-roman-kotapski","10":"first","11":"outofstock","12":"taxable","13":"shipping-taxable","14":"product-type-simple"},"acf":[],"_links":{"self":[{"href":"https:\/\/wydawnictwo.ug.edu.pl\/en\/wp-json\/wp\/v2\/product\/46384","targetHints":{"allow":["GET"]}}],"collection":[{"href":"https:\/\/wydawnictwo.ug.edu.pl\/en\/wp-json\/wp\/v2\/product"}],"about":[{"href":"https:\/\/wydawnictwo.ug.edu.pl\/en\/wp-json\/wp\/v2\/types\/product"}],"wp:featuredmedia":[{"embeddable":true,"href":"https:\/\/wydawnictwo.ug.edu.pl\/en\/wp-json\/wp\/v2\/media\/16007"}],"wp:attachment":[{"href":"https:\/\/wydawnictwo.ug.edu.pl\/en\/wp-json\/wp\/v2\/media?parent=46384"}],"wp:term":[{"taxonomy":"journal","embeddable":true,"href":"https:\/\/wydawnictwo.ug.edu.pl\/en\/wp-json\/wp\/v2\/journal?post=46384"},{"taxonomy":"rodzaj","embeddable":true,"href":"https:\/\/wydawnictwo.ug.edu.pl\/en\/wp-json\/wp\/v2\/rodzaj?post=46384"},{"taxonomy":"seria","embeddable":true,"href":"https:\/\/wydawnictwo.ug.edu.pl\/en\/wp-json\/wp\/v2\/seria?post=46384"},{"taxonomy":"product_brand","embeddable":true,"href":"https:\/\/wydawnictwo.ug.edu.pl\/en\/wp-json\/wp\/v2\/product_brand?post=46384"},{"taxonomy":"product_cat","embeddable":true,"href":"https:\/\/wydawnictwo.ug.edu.pl\/en\/wp-json\/wp\/v2\/product_cat?post=46384"},{"taxonomy":"product_tag","embeddable":true,"href":"https:\/\/wydawnictwo.ug.edu.pl\/en\/wp-json\/wp\/v2\/product_tag?post=46384"}],"curies":[{"name":"wp","href":"https:\/\/api.w.org\/{rel}","templated":true}]}}