{"id":46380,"date":"2021-09-15T11:19:57","date_gmt":"2021-09-15T11:19:57","guid":{"rendered":"https:\/\/wydawnictwo.ug.edu.pl\/ksiegarnia-online\/uncategorized\/wajda-czlowiek-z-gdanska\/"},"modified":"2026-02-11T14:12:43","modified_gmt":"2026-02-11T14:12:43","slug":"wajda-czlowiek-z-gdanska","status":"publish","type":"product","link":"https:\/\/wydawnictwo.ug.edu.pl\/en\/ksiegarnia-online\/sztuka\/wajda-czlowiek-z-gdanska\/","title":{"rendered":"Wajda. Cz\u0142owiek z Gda\u0144ska"},"content":{"rendered":"","protected":false},"excerpt":{"rendered":"<p>Obszerny katalog zosta\u0142 wydany z okazji wystawy rysunk\u00f3w i akwarel Andrzeja Wajdy oraz plakat\u00f3w do jego film\u00f3w z kolekcji Muzeum Sztuki i Techniki Japo\u0144skiej Manggha, kt\u00f3ra odbywa si\u0119 na Uniwersytecie Gda\u0144skim od 5 pa\u017adziernika 2021 do 30 stycznia 2022. Katalog sk\u0142ada si\u0119 z dw\u00f3ch cz\u0119\u015bci. W pierwszej znajduj\u0105 si\u0119 teksty o Andrzeju Wajdzie, w drugiej s\u0105 prezentowane jego prace z Archiwum Andrzeja Wajdy w Muzeum Manggha \u2013 rysunki i akwarele. W\u015br\u00f3d tekst\u00f3w znajduj\u0105 si\u0119 s\u0142owa wst\u0119pne Rektora UG prof. Piotra Stepnowskiego, dyrektor Muzeum Manggha Bogny-Dziechciaruk-Maj i pani prof. Krystyny Zachwatowicz-Wajdy, a tak\u017ce wyk\u0142ad doktorski Andrzeja Wajdy z okazji otrzymania tytu\u0142u doktora honoris causa Uniwersytetu Gda\u0144skiego, laudacja promotora tego doktoratu prof. Jerzego Limona, artyku\u0142 Joanny Kamie\u0144 o zwi\u0105zkach Andrzeja Wajdy z Gda\u0144skiem, przegl\u0105dowe opracowanie prof. Krzysztofa Kornackiego prezentuj\u0105ce ca\u0142\u0105 tw\u00f3rczo\u015b\u0107 filmow\u0105 Andrzeja Wajdy, wzbogacone licznymi storyboardami i plakatami z Archiwum Muzeum Manggha i kuratorski szkic dr Anny Kr\u00f3l prezentuj\u0105cy tw\u00f3rczo\u015b\u0107 malarsk\u0105 Wajdy. Autorem koncepcji graficznej katalogu i druk\u00f3w towarzysz\u0105cych wystawie jest grafik Rafa\u0142 Sosin.<\/p>\n<p>&nbsp;<\/p>\n<p>&#8220;W powszechnej \u015bwiadomo\u015bci Andrzej Wajda funkcjonuje przede wszystkim, je\u015bli nie wy\u0142\u0105cznie, jako wybitny re\u017cyser, autor arcywa\u017cnych film\u00f3w, kt\u00f3re przez lata kszta\u0142towa\u0142y nasz\u0105 \u015bwiadomo\u015b\u0107, jeden z tw\u00f3rc\u00f3w Polskiej Szko\u0142y Filmowej. W du\u017co mniejszym stopniu pami\u0119ta si\u0119 dzi\u015b, niestety, o jego znakomitym dorobku teatralnym. A ju\u017c z ca\u0142\u0105 pewno\u015bci\u0105 najmniej znana jest tw\u00f3rczo\u015b\u0107 rysunkowa tego artysty. Nie mo\u017cna pomin\u0105\u0107 tego, \u017ce Andrzej Wajda rozpocz\u0105\u0142 swoj\u0105 drog\u0119 artystyczn\u0105 od studi\u00f3w na krakowskiej Akademii Sztuk Pi\u0119knych. I cho\u0107 wkr\u00f3tce zamieni\u0142 malarstwo na film, nigdy nie przesta\u0142 by\u0107 malarzem. Pos\u0142ugiwanie si\u0119 notesem i szkicownikiem by\u0142o dla Wajdy codzienn\u0105 czynno\u015bci\u0105, z czasem staj\u0105c si\u0119 nawykiem. Rysunek, szkic czy notatka malarska by\u0142y sposobem zapisu wra\u017ce\u0144, pomys\u0142\u00f3w i projekt\u00f3w, tworz\u0105c podstaw\u0119 metody tw\u00f3rczej Artysty. Przez ca\u0142e \u017cycie Wajda widzia\u0142 i my\u015bla\u0142 po malarsku, czego dowodz\u0105 tak\u017ce jego realizacje filmowe&#8221;.<\/p>\n<p align=\"right\">Dyrektor Muzeum Manggha<\/p>\n<p align=\"right\"><i>Bogna Dziechciaruk-Maj<\/i><\/p>\n<p style=\"text-align: left;\" align=\"right\">Publikacja znajduje si\u0119 w bazie serwisu <a href=\"https:\/\/nakanapie.pl\/ksiazka\/wajda-czlowiek-z-gdanska\">nakanapie.pl<\/a>.<\/p>\n","protected":false},"featured_media":16016,"template":"","meta":{"_acf_changed":false},"journal":[],"rodzaj":[7074],"seria":[],"product_brand":[],"product_cat":[6939],"product_tag":[7855,7417,7413],"class_list":{"0":"post-46380","1":"product","2":"type-product","3":"status-publish","4":"has-post-thumbnail","6":"rodzaj-ksiazki","7":"product_cat-sztuka","8":"product_tag-anna-krol","9":"product_tag-joanna-kamienjoanna-kamien","10":"product_tag-kamil-zeidlerkamil-zeidler","11":"pa_rok-wydania-2020-en","13":"first","14":"instock","15":"taxable","16":"shipping-taxable","17":"purchasable","18":"product-type-simple"},"acf":[],"_links":{"self":[{"href":"https:\/\/wydawnictwo.ug.edu.pl\/en\/wp-json\/wp\/v2\/product\/46380","targetHints":{"allow":["GET"]}}],"collection":[{"href":"https:\/\/wydawnictwo.ug.edu.pl\/en\/wp-json\/wp\/v2\/product"}],"about":[{"href":"https:\/\/wydawnictwo.ug.edu.pl\/en\/wp-json\/wp\/v2\/types\/product"}],"wp:featuredmedia":[{"embeddable":true,"href":"https:\/\/wydawnictwo.ug.edu.pl\/en\/wp-json\/wp\/v2\/media\/16016"}],"wp:attachment":[{"href":"https:\/\/wydawnictwo.ug.edu.pl\/en\/wp-json\/wp\/v2\/media?parent=46380"}],"wp:term":[{"taxonomy":"journal","embeddable":true,"href":"https:\/\/wydawnictwo.ug.edu.pl\/en\/wp-json\/wp\/v2\/journal?post=46380"},{"taxonomy":"rodzaj","embeddable":true,"href":"https:\/\/wydawnictwo.ug.edu.pl\/en\/wp-json\/wp\/v2\/rodzaj?post=46380"},{"taxonomy":"seria","embeddable":true,"href":"https:\/\/wydawnictwo.ug.edu.pl\/en\/wp-json\/wp\/v2\/seria?post=46380"},{"taxonomy":"product_brand","embeddable":true,"href":"https:\/\/wydawnictwo.ug.edu.pl\/en\/wp-json\/wp\/v2\/product_brand?post=46380"},{"taxonomy":"product_cat","embeddable":true,"href":"https:\/\/wydawnictwo.ug.edu.pl\/en\/wp-json\/wp\/v2\/product_cat?post=46380"},{"taxonomy":"product_tag","embeddable":true,"href":"https:\/\/wydawnictwo.ug.edu.pl\/en\/wp-json\/wp\/v2\/product_tag?post=46380"}],"curies":[{"name":"wp","href":"https:\/\/api.w.org\/{rel}","templated":true}]}}