{"id":46378,"date":"2021-09-16T07:04:28","date_gmt":"2021-09-16T07:04:28","guid":{"rendered":"https:\/\/wydawnictwo.ug.edu.pl\/ksiegarnia-online\/uncategorized\/w-kierunku-uniwersytetu-przedsiebiorczego\/"},"modified":"2026-02-11T14:12:43","modified_gmt":"2026-02-11T14:12:43","slug":"w-kierunku-uniwersytetu-przedsiebiorczego","status":"publish","type":"product","link":"https:\/\/wydawnictwo.ug.edu.pl\/en\/ksiegarnia-online\/zarzadzanie\/w-kierunku-uniwersytetu-przedsiebiorczego\/","title":{"rendered":"W kierunku uniwersytetu przedsi\u0119biorczego"},"content":{"rendered":"","protected":false},"excerpt":{"rendered":"<p>Ksi\u0105\u017cka stanowi pr\u00f3b\u0119 odpowiedzi na pytania\u00a0dotycz\u0105ce zagadnie\u0144 wsp\u00f3\u0142pracy mi\u0119dzyorganizacyjnej, ze szczeg\u00f3lnym uwzgl\u0119dnieniem wsp\u00f3\u0142pracy uczelni technicznych z przedsi\u0119biorstwami.\u00a0Autorka wychodzi od przedstawienia\u00a0zmieniaj\u0105cej\u00a0si\u0119 roli\u00a0uniwersytetu na przestrzeni stuleci, jako instytucji pe\u0142ni\u0105cej rol\u0119 o\u015brodka\u00a0edukacyjnego,\u00a0naukowego,\u00a0kulturotw\u00f3rczego\u00a0i wspieraj\u0105cego rozw\u00f3j innowacji.\u00a0Wskazuje kierunki zmian w d\u0105\u017ceniu do upowszechnienia za\u0142o\u017ce\u0144 koncepcji uniwersytetu przedsi\u0119biorczego, zak\u0142adaj\u0105cej m.in. poszukiwanie mo\u017cliwo\u015bci zmian,\u00a0alternatywnych \u017ar\u00f3de\u0142 finansowania dzia\u0142alno\u015bci, poszerzanie osi\u0105gni\u0119\u0107\u00a0badawczych i dydaktycznych, a tak\u017ce rozwijanie\u00a0wsp\u00f3\u0142pracy z przemys\u0142em w zakresie transferu wiedzy.<\/p>\n<p>Seria wydawnicza <em>Dissertationes Laudatissimae Universitas Gedanensis<\/em> zosta\u0142a utworzona w celu wspierania osi\u0105gni\u0119\u0107 m\u0142odych naukowc\u00f3w, nowo wypromowanych doktor\u00f3w Uniwersytetu Gda\u0144skiego. Sk\u0142adaj\u0105 si\u0119 na ni\u0105 prace doktorskie wyr\u00f3\u017cnione przez w\u0142adze dzieka\u0144skie i rektorskie Uniwersytetu Gda\u0144skiego. W ramach serii ukazuj\u0105 si\u0119 ksi\u0105\u017cki z bardzo r\u00f3\u017cnych dziedzin i o r\u00f3\u017cnej tematyce, a \u0142\u0105czy je wszystkie fakt, \u017ce autor ka\u017cdej z nich jest laureatem Konkursu Prorektora ds. Bada\u0144 Naukowych Uniwersytetu Gda\u0144skiego na dofinansowanie wydania wyr\u00f3\u017cniaj\u0105cych si\u0119 prac doktorskich w Wydawnictwie Uniwersytetu Gda\u0144skiego. Seria ta jest zatem wyrazem wsparcia m\u0142odych naukowc\u00f3w, a tak\u017ce docenienia cz\u0119sto bardzo ciekawych bada\u0144 prowadzonych przez nich na etapie drogi do uzyskania stopnia doktora nauk.<\/p>\n","protected":false},"featured_media":16031,"template":"","meta":{"_acf_changed":false},"journal":[],"rodzaj":[7077,7076],"seria":[7797],"product_brand":[],"product_cat":[6942],"product_tag":[7387],"class_list":{"0":"post-46378","1":"product","2":"type-product","3":"status-publish","4":"has-post-thumbnail","6":"rodzaj-czasopismo","7":"rodzaj-serie-wydawnicze","8":"seria-dissertationes-laudatissimae-universitas-gedanensis","9":"product_cat-zarzadzanie","10":"product_tag-emilia-dobrowolskaemilia-dobrowolska","11":"pa_rok-wydania-2021-en","13":"first","14":"instock","15":"taxable","16":"shipping-taxable","17":"product-type-simple"},"acf":[],"_links":{"self":[{"href":"https:\/\/wydawnictwo.ug.edu.pl\/en\/wp-json\/wp\/v2\/product\/46378","targetHints":{"allow":["GET"]}}],"collection":[{"href":"https:\/\/wydawnictwo.ug.edu.pl\/en\/wp-json\/wp\/v2\/product"}],"about":[{"href":"https:\/\/wydawnictwo.ug.edu.pl\/en\/wp-json\/wp\/v2\/types\/product"}],"wp:featuredmedia":[{"embeddable":true,"href":"https:\/\/wydawnictwo.ug.edu.pl\/en\/wp-json\/wp\/v2\/media\/16031"}],"wp:attachment":[{"href":"https:\/\/wydawnictwo.ug.edu.pl\/en\/wp-json\/wp\/v2\/media?parent=46378"}],"wp:term":[{"taxonomy":"journal","embeddable":true,"href":"https:\/\/wydawnictwo.ug.edu.pl\/en\/wp-json\/wp\/v2\/journal?post=46378"},{"taxonomy":"rodzaj","embeddable":true,"href":"https:\/\/wydawnictwo.ug.edu.pl\/en\/wp-json\/wp\/v2\/rodzaj?post=46378"},{"taxonomy":"seria","embeddable":true,"href":"https:\/\/wydawnictwo.ug.edu.pl\/en\/wp-json\/wp\/v2\/seria?post=46378"},{"taxonomy":"product_brand","embeddable":true,"href":"https:\/\/wydawnictwo.ug.edu.pl\/en\/wp-json\/wp\/v2\/product_brand?post=46378"},{"taxonomy":"product_cat","embeddable":true,"href":"https:\/\/wydawnictwo.ug.edu.pl\/en\/wp-json\/wp\/v2\/product_cat?post=46378"},{"taxonomy":"product_tag","embeddable":true,"href":"https:\/\/wydawnictwo.ug.edu.pl\/en\/wp-json\/wp\/v2\/product_tag?post=46378"}],"curies":[{"name":"wp","href":"https:\/\/api.w.org\/{rel}","templated":true}]}}