{"id":46376,"date":"2021-09-20T10:43:07","date_gmt":"2021-09-20T10:43:07","guid":{"rendered":"https:\/\/wydawnictwo.ug.edu.pl\/ksiegarnia-online\/uncategorized\/w-poszukiwaniu-tozsamosci-tom-vi\/"},"modified":"2026-02-11T14:12:46","modified_gmt":"2026-02-11T14:12:46","slug":"w-poszukiwaniu-tozsamosci-tom-vi","status":"publish","type":"product","link":"https:\/\/wydawnictwo.ug.edu.pl\/en\/ksiegarnia-online\/jezykoznawstwo\/w-poszukiwaniu-tozsamosci-tom-vi\/","title":{"rendered":"W poszukiwaniu to\u017csamo\u015bci j\u0119zykowej. Tom VI"},"content":{"rendered":"","protected":false},"excerpt":{"rendered":"<p style=\"text-align: left;\">To\u017csamo\u015b\u0107 zawsze aktywuje si\u0119 w sytuacji kontaktu z odmienno\u015bci\u0105. St\u0105d znaczenie r\u00f3\u017cnych wymiar\u00f3w to\u017csamo\u015bci zale\u017cy od typu zr\u00f3\u017cnicowania, kt\u00f3rego do\u015bwiadcza jednostka.<\/p>\n<p style=\"text-align: right;\"><em>Miros\u0142aw Sobecki<\/em><\/p>\n<p>Sz\u00f3sty tom cyklu monografii, kt\u00f3rych tematyka oscyluje wok\u00f3\u0142 szerokiego zakresu zagadnie\u0144 zwi\u0105zanych z j\u0119zykow\u0105 egzemplifikacj\u0105 samo\u015bwiadomo\u015bci jednostki, stanowi\u0105cych bogate \u017ar\u00f3d\u0142o inspiracji dla interdyscyplinarnych dyskusji i bada\u0144 naukowych. Znalaz\u0142y si\u0119 w nim teksty dotycz\u0105ce zagadnie\u0144 to\u017csamo\u015bci w j\u0119zyku i kulturze, w opracowaniach leksykograficznych, a tak\u017ce literaturze i przek\u0142adzie.<\/p>\n<p>&nbsp;<\/p>\n","protected":false},"featured_media":16125,"template":"","meta":{"_acf_changed":false},"journal":[],"rodzaj":[7074],"seria":[],"product_brand":[],"product_cat":[6924],"product_tag":[],"class_list":{"0":"post-46376","1":"product","2":"type-product","3":"status-publish","4":"has-post-thumbnail","6":"rodzaj-ksiazki","7":"product_cat-jezykoznawstwo","8":"pa_rok-wydania-2021-en","10":"first","11":"outofstock","12":"taxable","13":"shipping-taxable","14":"purchasable","15":"product-type-simple"},"acf":[],"_links":{"self":[{"href":"https:\/\/wydawnictwo.ug.edu.pl\/en\/wp-json\/wp\/v2\/product\/46376","targetHints":{"allow":["GET"]}}],"collection":[{"href":"https:\/\/wydawnictwo.ug.edu.pl\/en\/wp-json\/wp\/v2\/product"}],"about":[{"href":"https:\/\/wydawnictwo.ug.edu.pl\/en\/wp-json\/wp\/v2\/types\/product"}],"wp:featuredmedia":[{"embeddable":true,"href":"https:\/\/wydawnictwo.ug.edu.pl\/en\/wp-json\/wp\/v2\/media\/16125"}],"wp:attachment":[{"href":"https:\/\/wydawnictwo.ug.edu.pl\/en\/wp-json\/wp\/v2\/media?parent=46376"}],"wp:term":[{"taxonomy":"journal","embeddable":true,"href":"https:\/\/wydawnictwo.ug.edu.pl\/en\/wp-json\/wp\/v2\/journal?post=46376"},{"taxonomy":"rodzaj","embeddable":true,"href":"https:\/\/wydawnictwo.ug.edu.pl\/en\/wp-json\/wp\/v2\/rodzaj?post=46376"},{"taxonomy":"seria","embeddable":true,"href":"https:\/\/wydawnictwo.ug.edu.pl\/en\/wp-json\/wp\/v2\/seria?post=46376"},{"taxonomy":"product_brand","embeddable":true,"href":"https:\/\/wydawnictwo.ug.edu.pl\/en\/wp-json\/wp\/v2\/product_brand?post=46376"},{"taxonomy":"product_cat","embeddable":true,"href":"https:\/\/wydawnictwo.ug.edu.pl\/en\/wp-json\/wp\/v2\/product_cat?post=46376"},{"taxonomy":"product_tag","embeddable":true,"href":"https:\/\/wydawnictwo.ug.edu.pl\/en\/wp-json\/wp\/v2\/product_tag?post=46376"}],"curies":[{"name":"wp","href":"https:\/\/api.w.org\/{rel}","templated":true}]}}