{"id":46375,"date":"2021-09-20T11:01:40","date_gmt":"2021-09-20T11:01:40","guid":{"rendered":"https:\/\/wydawnictwo.ug.edu.pl\/ksiegarnia-online\/uncategorized\/jezykowe-kreacje-swiata-transcendentnego-i-czlowieka-wobec-sacrum-w-poezji-jacka-kaczmarskiego\/"},"modified":"2026-02-11T14:12:50","modified_gmt":"2026-02-11T14:12:50","slug":"jezykowe-kreacje-swiata-transcendentnego-i-czlowieka-wobec-sacrum-w-poezji-jacka-kaczmarskiego","status":"publish","type":"product","link":"https:\/\/wydawnictwo.ug.edu.pl\/en\/ksiegarnia-online\/literatura-piekna\/jezykowe-kreacje-swiata-transcendentnego-i-czlowieka-wobec-sacrum-w-poezji-jacka-kaczmarskiego\/","title":{"rendered":"J\u0119zykowe kreacje \u015bwiata transcendentnego i cz\u0142owieka wobec sacrum w poezji Jacka Kaczmarskiego"},"content":{"rendered":"","protected":false},"excerpt":{"rendered":"<p>Ksi\u0105\u017cka Izabeli K\u0119pki to rzecz ze wszech miar interesuj\u0105ca i cenna. W kontek\u015bcie wielu opracowa\u0144 o charakterze literaturoznawczym do tej pory odczuwa\u0142o si\u0119 dotkliwy brak obszernych studi\u00f3w lingwistycznych na temat spu\u015bcizny wybitnego artysty ko\u0144ca XX wieku \u2013 Jacka Kaczmarskiego. Autorka ow\u0105 luk\u0119 badawcz\u0105 dostrzeg\u0142a i ze znawstwem opisa\u0142a. Ca\u0142y tekst czyta si\u0119 z ogromn\u0105 przyjemno\u015bci\u0105, w pewnym sensie nawet fascynacj\u0105, wynikaj\u0105c\u0105 z precyzji s\u0142ownej i analitycznej wnikliwo\u015bci Autorki, Jej staranno\u015bci w doborze materia\u0142u ilustracyjnego, komentowanego z finezyjn\u0105 misterno\u015bci\u0105. Temu w\u0142a\u015bnie zawdzi\u0119czamy intryguj\u0105cy, wieloaspektowy opis artystycznej kreacji Boga, anio\u0142a i diab\u0142a, nieba i piek\u0142a oraz cz\u0142owieka wobec sacrum. [\u2026] To studium pi\u0119kne i m\u0105dre, kt\u00f3rego w polskiej literaturze naukowej zdecydowanie brakowa\u0142o.<\/p>\n<p style=\"text-align: right;\"><em>Z recenzji prof. dr hab. Urszuli Sok\u00f3lskiej<\/em><\/p>\n","protected":false},"featured_media":16151,"template":"","meta":{"_acf_changed":false},"journal":[],"rodzaj":[],"seria":[],"product_brand":[],"product_cat":[6979],"product_tag":[],"class_list":{"0":"post-46375","1":"product","2":"type-product","3":"status-publish","4":"has-post-thumbnail","6":"product_cat-literatura-piekna","8":"first","9":"outofstock","10":"taxable","11":"shipping-taxable","12":"purchasable","13":"product-type-simple"},"acf":[],"_links":{"self":[{"href":"https:\/\/wydawnictwo.ug.edu.pl\/en\/wp-json\/wp\/v2\/product\/46375","targetHints":{"allow":["GET"]}}],"collection":[{"href":"https:\/\/wydawnictwo.ug.edu.pl\/en\/wp-json\/wp\/v2\/product"}],"about":[{"href":"https:\/\/wydawnictwo.ug.edu.pl\/en\/wp-json\/wp\/v2\/types\/product"}],"wp:featuredmedia":[{"embeddable":true,"href":"https:\/\/wydawnictwo.ug.edu.pl\/en\/wp-json\/wp\/v2\/media\/16151"}],"wp:attachment":[{"href":"https:\/\/wydawnictwo.ug.edu.pl\/en\/wp-json\/wp\/v2\/media?parent=46375"}],"wp:term":[{"taxonomy":"journal","embeddable":true,"href":"https:\/\/wydawnictwo.ug.edu.pl\/en\/wp-json\/wp\/v2\/journal?post=46375"},{"taxonomy":"rodzaj","embeddable":true,"href":"https:\/\/wydawnictwo.ug.edu.pl\/en\/wp-json\/wp\/v2\/rodzaj?post=46375"},{"taxonomy":"seria","embeddable":true,"href":"https:\/\/wydawnictwo.ug.edu.pl\/en\/wp-json\/wp\/v2\/seria?post=46375"},{"taxonomy":"product_brand","embeddable":true,"href":"https:\/\/wydawnictwo.ug.edu.pl\/en\/wp-json\/wp\/v2\/product_brand?post=46375"},{"taxonomy":"product_cat","embeddable":true,"href":"https:\/\/wydawnictwo.ug.edu.pl\/en\/wp-json\/wp\/v2\/product_cat?post=46375"},{"taxonomy":"product_tag","embeddable":true,"href":"https:\/\/wydawnictwo.ug.edu.pl\/en\/wp-json\/wp\/v2\/product_tag?post=46375"}],"curies":[{"name":"wp","href":"https:\/\/api.w.org\/{rel}","templated":true}]}}