{"id":46373,"date":"2021-10-04T13:05:20","date_gmt":"2021-10-04T13:05:20","guid":{"rendered":"https:\/\/wydawnictwo.ug.edu.pl\/ksiegarnia-online\/uncategorized\/wdrazanie-pracy-zdalnej-w-organizacjach-ludzie-procesy-technologie-bezpieczenstwo\/"},"modified":"2026-02-11T14:09:46","modified_gmt":"2026-02-11T14:09:46","slug":"wdrazanie-pracy-zdalnej-w-organizacjach-ludzie-procesy-technologie-bezpieczenstwo","status":"publish","type":"product","link":"https:\/\/wydawnictwo.ug.edu.pl\/en\/ksiegarnia-online\/zarzadzanie\/wdrazanie-pracy-zdalnej-w-organizacjach-ludzie-procesy-technologie-bezpieczenstwo\/","title":{"rendered":"Wdra\u017canie pracy zdalnej w organizacjach. Ludzie, procesy, technologie, bezpiecze\u0144stwo"},"content":{"rendered":"","protected":false},"excerpt":{"rendered":"<p>Wprowadzenie lockdownu, b\u0119d\u0105cego wynikiem pandemii COVID-19, zmusi\u0142o wiele organizacji w Polsce do wdro\u017cenia pracy zdalnej. Przyspieszone tempo zmian w zakresie trybu pracy ujawni\u0142o wiele komplikacji zwi\u0105zanych zar\u00f3wno z efektywno\u015bci\u0105 pracownik\u00f3w, jak i zdolno\u015bciami organizacyjnymi pracodawc\u00f3w. Praca zdalna wymusi\u0142a na cz\u0142onkach kadr mened\u017cerskich wypracowanie nowych metod i technik zarz\u0105dzania rozproszonym zespo\u0142em, utrzymania w\u015br\u00f3d pracownik\u00f3w mobilizacji oraz ewaluacji ich efektywno\u015bci. Zwi\u0105zane z prac\u0105 zdaln\u0105 komplikacje i nast\u0119pstwa, sta\u0142y si\u0119 podstaw\u0105 do wysnutych w niniejszej monografii tez.<\/p>\n","protected":false},"featured_media":16257,"template":"","meta":{"_acf_changed":false},"journal":[],"rodzaj":[],"seria":[],"product_brand":[],"product_cat":[6942],"product_tag":[],"class_list":{"0":"post-46373","1":"product","2":"type-product","3":"status-publish","4":"has-post-thumbnail","6":"product_cat-zarzadzanie","7":"pa_rok-wydania-2021-en","9":"first","10":"outofstock","11":"taxable","12":"shipping-taxable","13":"purchasable","14":"product-type-simple"},"acf":[],"_links":{"self":[{"href":"https:\/\/wydawnictwo.ug.edu.pl\/en\/wp-json\/wp\/v2\/product\/46373","targetHints":{"allow":["GET"]}}],"collection":[{"href":"https:\/\/wydawnictwo.ug.edu.pl\/en\/wp-json\/wp\/v2\/product"}],"about":[{"href":"https:\/\/wydawnictwo.ug.edu.pl\/en\/wp-json\/wp\/v2\/types\/product"}],"wp:featuredmedia":[{"embeddable":true,"href":"https:\/\/wydawnictwo.ug.edu.pl\/en\/wp-json\/wp\/v2\/media\/16257"}],"wp:attachment":[{"href":"https:\/\/wydawnictwo.ug.edu.pl\/en\/wp-json\/wp\/v2\/media?parent=46373"}],"wp:term":[{"taxonomy":"journal","embeddable":true,"href":"https:\/\/wydawnictwo.ug.edu.pl\/en\/wp-json\/wp\/v2\/journal?post=46373"},{"taxonomy":"rodzaj","embeddable":true,"href":"https:\/\/wydawnictwo.ug.edu.pl\/en\/wp-json\/wp\/v2\/rodzaj?post=46373"},{"taxonomy":"seria","embeddable":true,"href":"https:\/\/wydawnictwo.ug.edu.pl\/en\/wp-json\/wp\/v2\/seria?post=46373"},{"taxonomy":"product_brand","embeddable":true,"href":"https:\/\/wydawnictwo.ug.edu.pl\/en\/wp-json\/wp\/v2\/product_brand?post=46373"},{"taxonomy":"product_cat","embeddable":true,"href":"https:\/\/wydawnictwo.ug.edu.pl\/en\/wp-json\/wp\/v2\/product_cat?post=46373"},{"taxonomy":"product_tag","embeddable":true,"href":"https:\/\/wydawnictwo.ug.edu.pl\/en\/wp-json\/wp\/v2\/product_tag?post=46373"}],"curies":[{"name":"wp","href":"https:\/\/api.w.org\/{rel}","templated":true}]}}