{"id":46370,"date":"2021-10-08T07:30:06","date_gmt":"2021-10-08T07:30:06","guid":{"rendered":"https:\/\/wydawnictwo.ug.edu.pl\/ksiegarnia-online\/uncategorized\/porosty-z-rodzaju-parmelia-w-polsce-studium-taksonomiczne\/"},"modified":"2026-02-11T14:09:52","modified_gmt":"2026-02-11T14:09:52","slug":"porosty-z-rodzaju-parmelia-w-polsce-studium-taksonomiczne","status":"publish","type":"product","link":"https:\/\/wydawnictwo.ug.edu.pl\/en\/ksiegarnia-online\/biologia\/porosty-z-rodzaju-parmelia-w-polsce-studium-taksonomiczne\/","title":{"rendered":"Porosty z rodzaju Parmelia w Polsce. Studium taksonomiczne"},"content":{"rendered":"","protected":false},"excerpt":{"rendered":"<p><span style=\"font-weight: 400;\">Monografia zawiera wyniki bada\u0144 taksonomicznych oraz chemataksonomicznych wraz z analiz\u0105 powi\u0105za\u0144 filogenetycznych mi\u0119dzy taksonami <em>Parmelia barrenoae<\/em>, <em>P. ernstiae<\/em>, <em>P. omphalodes<\/em>, <em>P. pinnatifida<\/em>, <em>P. saxatilis<\/em>, <em>P. submontana<\/em> oraz <em>P. sulcata<\/em> wyst\u0119puj\u0105cymi w Polsce. Przebadano 3560 okaz\u00f3w <em>Parmelia<\/em> zdeponowanych w polskich i europejskich zielnikach naukowych. Dla wszystkich takson\u00f3w podano nowe stanowiska na terenie kraju. Taksony <em>P. barrenoae<\/em>, <em>P. ernstiae<\/em>, <em>P. saxatilis<\/em>, <em>P. serrana<\/em> oraz <em>P. sulcata<\/em> to gatunki cz\u0119ste w Polsce. <em>Parmelia omphalodes<\/em>, <em>P. pinnatifida<\/em> oraz <em>P. submontana<\/em> to taksony rzadkie w skali kraju. Wyst\u0119powanie <em>P. discordans<\/em> w Polsce uznano za w\u0105tpliwe. Morfologiczne i chemiczne cechy pomocne w identyfikacji zebrano w postaci klucza do oznaczania takson\u00f3w <em>Parmelia<\/em> w Polsce.<\/span><\/p>\n","protected":false},"featured_media":16295,"template":"","meta":{"_acf_changed":false},"journal":[],"rodzaj":[],"seria":[],"product_brand":[],"product_cat":[7307],"product_tag":[],"class_list":{"0":"post-46370","1":"product","2":"type-product","3":"status-publish","4":"has-post-thumbnail","6":"product_cat-biologia","7":"pa_rok-wydania-2021-en","9":"first","10":"outofstock","11":"taxable","12":"shipping-taxable","13":"purchasable","14":"product-type-simple"},"acf":[],"_links":{"self":[{"href":"https:\/\/wydawnictwo.ug.edu.pl\/en\/wp-json\/wp\/v2\/product\/46370","targetHints":{"allow":["GET"]}}],"collection":[{"href":"https:\/\/wydawnictwo.ug.edu.pl\/en\/wp-json\/wp\/v2\/product"}],"about":[{"href":"https:\/\/wydawnictwo.ug.edu.pl\/en\/wp-json\/wp\/v2\/types\/product"}],"wp:featuredmedia":[{"embeddable":true,"href":"https:\/\/wydawnictwo.ug.edu.pl\/en\/wp-json\/wp\/v2\/media\/16295"}],"wp:attachment":[{"href":"https:\/\/wydawnictwo.ug.edu.pl\/en\/wp-json\/wp\/v2\/media?parent=46370"}],"wp:term":[{"taxonomy":"journal","embeddable":true,"href":"https:\/\/wydawnictwo.ug.edu.pl\/en\/wp-json\/wp\/v2\/journal?post=46370"},{"taxonomy":"rodzaj","embeddable":true,"href":"https:\/\/wydawnictwo.ug.edu.pl\/en\/wp-json\/wp\/v2\/rodzaj?post=46370"},{"taxonomy":"seria","embeddable":true,"href":"https:\/\/wydawnictwo.ug.edu.pl\/en\/wp-json\/wp\/v2\/seria?post=46370"},{"taxonomy":"product_brand","embeddable":true,"href":"https:\/\/wydawnictwo.ug.edu.pl\/en\/wp-json\/wp\/v2\/product_brand?post=46370"},{"taxonomy":"product_cat","embeddable":true,"href":"https:\/\/wydawnictwo.ug.edu.pl\/en\/wp-json\/wp\/v2\/product_cat?post=46370"},{"taxonomy":"product_tag","embeddable":true,"href":"https:\/\/wydawnictwo.ug.edu.pl\/en\/wp-json\/wp\/v2\/product_tag?post=46370"}],"curies":[{"name":"wp","href":"https:\/\/api.w.org\/{rel}","templated":true}]}}