{"id":46369,"date":"2021-10-08T07:38:43","date_gmt":"2021-10-08T07:38:43","guid":{"rendered":"https:\/\/wydawnictwo.ug.edu.pl\/ksiegarnia-online\/uncategorized\/stwardnienie-rozsiane-a-rodzina-analiza-psychologiczna\/"},"modified":"2026-02-11T14:09:52","modified_gmt":"2026-02-11T14:09:52","slug":"stwardnienie-rozsiane-a-rodzina-analiza-psychologiczna","status":"publish","type":"product","link":"https:\/\/wydawnictwo.ug.edu.pl\/en\/ksiegarnia-online\/pedagogika-i-psychologia\/stwardnienie-rozsiane-a-rodzina-analiza-psychologiczna\/","title":{"rendered":"Stwardnienie rozsiane a rodzina. Analiza psychologiczna"},"content":{"rendered":"","protected":false},"excerpt":{"rendered":"<p><span data-contrast=\"none\">Stwardnienie rozsiane zajmuje szczeg\u00f3lne miejsce w\u015br\u00f3d chor\u00f3b przewlek\u0142ych. W przebiegu schorzenia rozwijaj\u0105 si\u0119 objawy neurologiczne, psychiatryczne i psychologiczne, zmieniaj\u0105ce ca\u0142kowicie \u017cycie pacjenta i jego rodziny.\u00a0Choroba niweczy plany \u017cyciowe, staj\u0105c si\u0119 \u017ar\u00f3d\u0142em stresu i dyskomfortu psychicznego.\u00a0Pogorszeniu ulegaj\u0105 relacje ma\u0142\u017ce\u0144skie, trudne te\u017c staje si\u0119 utrzymanie\u00a0silnych wi\u0119zi z\u00a0dzie\u0107mi.\u00a0<\/span><span data-contrast=\"auto\">Wobec wielu trudno\u015bci spo\u0142ecznych, emocjonalnych i egzystencjalnych pacjent oraz jego bliscy wymagaj\u0105 wsparcia i profesjonalnej pomocy psychologicznej.\u00a0<\/span><span data-ccp-props=\"{&quot;201341983&quot;:0,&quot;335551550&quot;:6,&quot;335551620&quot;:6,&quot;335559740&quot;:360}\">\u00a0<\/span><\/p>\n<p><span data-contrast=\"auto\">Monografia stanowi pr\u00f3b\u0119 opisania systemu rodzinnego w obliczu zmiany jak\u0105 wywo\u0142uje kryzys w postaci choroby przewlek\u0142ej. <\/span><span data-contrast=\"none\">Starano si\u0119 przybli\u017cy\u0107 r\u00f3\u017cnorodne aspekty \u017cycia rodziny,\u00a0<\/span><span data-contrast=\"auto\">przedstawi\u0107 perspektyw\u0119 zar\u00f3wno pacjenta, jak r\u00f3wnie\u017c jego bliskich \u2013 wsp\u00f3\u0142ma\u0142\u017conka, dzieci\u00a0<\/span><span data-contrast=\"none\">oraz zaproponowa\u0107\u00a0<\/span><span data-contrast=\"auto\">dzia\u0142ania terapeutyczne obejmuj\u0105ce wszystkich cz\u0142onk\u00f3w rodziny.<\/span><span data-ccp-props=\"{&quot;201341983&quot;:0,&quot;335551550&quot;:6,&quot;335551620&quot;:6,&quot;335559740&quot;:360}\">\u00a0<\/span><\/p>\n","protected":false},"featured_media":16300,"template":"","meta":{"_acf_changed":false},"journal":[],"rodzaj":[],"seria":[],"product_brand":[],"product_cat":[7007],"product_tag":[7848],"class_list":{"0":"post-46369","1":"product","2":"type-product","3":"status-publish","4":"has-post-thumbnail","6":"product_cat-pedagogika-i-psychologia","7":"product_tag-natalia-treder-rochna","8":"pa_rok-wydania-2021-en","10":"first","11":"instock","12":"taxable","13":"shipping-taxable","14":"purchasable","15":"product-type-simple"},"acf":[],"_links":{"self":[{"href":"https:\/\/wydawnictwo.ug.edu.pl\/en\/wp-json\/wp\/v2\/product\/46369","targetHints":{"allow":["GET"]}}],"collection":[{"href":"https:\/\/wydawnictwo.ug.edu.pl\/en\/wp-json\/wp\/v2\/product"}],"about":[{"href":"https:\/\/wydawnictwo.ug.edu.pl\/en\/wp-json\/wp\/v2\/types\/product"}],"wp:featuredmedia":[{"embeddable":true,"href":"https:\/\/wydawnictwo.ug.edu.pl\/en\/wp-json\/wp\/v2\/media\/16300"}],"wp:attachment":[{"href":"https:\/\/wydawnictwo.ug.edu.pl\/en\/wp-json\/wp\/v2\/media?parent=46369"}],"wp:term":[{"taxonomy":"journal","embeddable":true,"href":"https:\/\/wydawnictwo.ug.edu.pl\/en\/wp-json\/wp\/v2\/journal?post=46369"},{"taxonomy":"rodzaj","embeddable":true,"href":"https:\/\/wydawnictwo.ug.edu.pl\/en\/wp-json\/wp\/v2\/rodzaj?post=46369"},{"taxonomy":"seria","embeddable":true,"href":"https:\/\/wydawnictwo.ug.edu.pl\/en\/wp-json\/wp\/v2\/seria?post=46369"},{"taxonomy":"product_brand","embeddable":true,"href":"https:\/\/wydawnictwo.ug.edu.pl\/en\/wp-json\/wp\/v2\/product_brand?post=46369"},{"taxonomy":"product_cat","embeddable":true,"href":"https:\/\/wydawnictwo.ug.edu.pl\/en\/wp-json\/wp\/v2\/product_cat?post=46369"},{"taxonomy":"product_tag","embeddable":true,"href":"https:\/\/wydawnictwo.ug.edu.pl\/en\/wp-json\/wp\/v2\/product_tag?post=46369"}],"curies":[{"name":"wp","href":"https:\/\/api.w.org\/{rel}","templated":true}]}}