{"id":46367,"date":"2021-10-08T13:12:32","date_gmt":"2021-10-08T13:12:32","guid":{"rendered":"https:\/\/wydawnictwo.ug.edu.pl\/ksiegarnia-online\/uncategorized\/das-polnische-im-spiegel-des-deutschen-studien-zur-kontrastiven-linguistik\/"},"modified":"2026-02-11T14:09:57","modified_gmt":"2026-02-11T14:09:57","slug":"das-polnische-im-spiegel-des-deutschen-studien-zur-kontrastiven-linguistik","status":"publish","type":"product","link":"https:\/\/wydawnictwo.ug.edu.pl\/en\/ksiegarnia-online\/nauka-jezykow-obcych\/das-polnische-im-spiegel-des-deutschen-studien-zur-kontrastiven-linguistik\/","title":{"rendered":"Das Polnische im Spiegel des Deutschen. Studien zur kontrastiven Linguistik"},"content":{"rendered":"<p><a href=\"https:\/\/wydawnictwo.ug.edu.pl\/wp-content\/uploads\/2021\/10\/poradnik_jezykowy.792.2022.03.8-Lazinski1.pdf\">Recenzja skryptu z czasopisma &#8220;Poradnik J\u0119zykowy&#8221;.<\/a><\/p>\n<p><a href=\"https:\/\/wydawnictwo.ug.edu.pl\/wp-content\/uploads\/2021\/10\/Staniewski_rec.-Das-Polnische-im-Spiegel.pdf\">Recenzja z \u201eLinguistische Treffen in Wroc\u0142aw\u201d vol. 21, 2022(1).<\/a><\/p>\n","protected":false},"excerpt":{"rendered":"<p>Die Arbeit ist in erster Linie als akademisches Studienbuch zur Kontrastiven Linguistik Deutsch-Polnisch f\u00fcr Studenten und Doktoranden gedacht. Sie setzt sich aus acht Kapiteln un einer umfangreichen Bibliographie zusammen. Das erste Kapitel schildert im Abriss die Geschichte kontrastiver Untersuchungen unter besonderer Ber\u00fccksichtigung der deutsch-polnischen Analysen. Die systemorientierten Kapitel 2-7 betreffen an Verb und Verbalphrase gebundene Erscheinungen wie Aspektualit\u00e4t und Aktionsarten, Tempora, Passiv, Modi, Modalverben und ihre Entsprechungen oder Wiedergabe in der anderen Sprache. Das kommunikativ orientierte Kapitel 8 zeigt, mit welchen sprachlichen Mitteln das Einsch\u00e4tzen in den beiden Sprachen realisiert wird. Die einzelnen Kapitel schie\u00dfen kurze \u00dcbungen ab.<\/p>\n<p style=\"text-align: right;\"><em>Aus dem Gutachten von Prof. Czes\u0142awa Schatte<\/em><\/p>\n","protected":false},"featured_media":16325,"template":"","meta":{"_acf_changed":false},"journal":[],"rodzaj":[7330],"seria":[],"product_brand":[],"product_cat":[7310],"product_tag":[],"class_list":{"0":"post-46367","1":"product","2":"type-product","3":"status-publish","4":"has-post-thumbnail","6":"rodzaj-schoolbook","7":"product_cat-nauka-jezykow-obcych","8":"pa_rok-wydania-2021-en","10":"first","11":"outofstock","12":"taxable","13":"shipping-taxable","14":"purchasable","15":"product-type-simple"},"acf":[],"_links":{"self":[{"href":"https:\/\/wydawnictwo.ug.edu.pl\/en\/wp-json\/wp\/v2\/product\/46367","targetHints":{"allow":["GET"]}}],"collection":[{"href":"https:\/\/wydawnictwo.ug.edu.pl\/en\/wp-json\/wp\/v2\/product"}],"about":[{"href":"https:\/\/wydawnictwo.ug.edu.pl\/en\/wp-json\/wp\/v2\/types\/product"}],"wp:featuredmedia":[{"embeddable":true,"href":"https:\/\/wydawnictwo.ug.edu.pl\/en\/wp-json\/wp\/v2\/media\/16325"}],"wp:attachment":[{"href":"https:\/\/wydawnictwo.ug.edu.pl\/en\/wp-json\/wp\/v2\/media?parent=46367"}],"wp:term":[{"taxonomy":"journal","embeddable":true,"href":"https:\/\/wydawnictwo.ug.edu.pl\/en\/wp-json\/wp\/v2\/journal?post=46367"},{"taxonomy":"rodzaj","embeddable":true,"href":"https:\/\/wydawnictwo.ug.edu.pl\/en\/wp-json\/wp\/v2\/rodzaj?post=46367"},{"taxonomy":"seria","embeddable":true,"href":"https:\/\/wydawnictwo.ug.edu.pl\/en\/wp-json\/wp\/v2\/seria?post=46367"},{"taxonomy":"product_brand","embeddable":true,"href":"https:\/\/wydawnictwo.ug.edu.pl\/en\/wp-json\/wp\/v2\/product_brand?post=46367"},{"taxonomy":"product_cat","embeddable":true,"href":"https:\/\/wydawnictwo.ug.edu.pl\/en\/wp-json\/wp\/v2\/product_cat?post=46367"},{"taxonomy":"product_tag","embeddable":true,"href":"https:\/\/wydawnictwo.ug.edu.pl\/en\/wp-json\/wp\/v2\/product_tag?post=46367"}],"curies":[{"name":"wp","href":"https:\/\/api.w.org\/{rel}","templated":true}]}}