{"id":46366,"date":"2021-10-08T13:34:16","date_gmt":"2021-10-08T13:34:16","guid":{"rendered":"https:\/\/wydawnictwo.ug.edu.pl\/ksiegarnia-online\/uncategorized\/text-und-diskurswelten-gestern-und-heute\/"},"modified":"2026-02-11T14:09:57","modified_gmt":"2026-02-11T14:09:57","slug":"text-und-diskurswelten-gestern-und-heute","status":"publish","type":"product","link":"https:\/\/wydawnictwo.ug.edu.pl\/en\/ksiegarnia-online\/jezykoznawstwo\/text-und-diskurswelten-gestern-und-heute\/","title":{"rendered":"Studia Germanica Gedanensia 45. Text- und Diskurswelten gestern und heute"},"content":{"rendered":"","protected":false},"excerpt":{"rendered":"<p><span class=\"TextRun SCXW170557669 BCX0\" lang=\"PL-PL\" xml:lang=\"PL-PL\" data-contrast=\"auto\"><span class=\"NormalTextRun SCXW170557669 BCX0\">Tom pokonferencyjny <\/span><span class=\"NormalTextRun SCXW170557669 BCX0\">\u201e<\/span><span class=\"NormalTextRun SpellingErrorV2 SCXW170557669 BCX0\">Text<\/span><span class=\"NormalTextRun SCXW170557669 BCX0\">&#8211; <\/span><span class=\"NormalTextRun SpellingErrorV2 SCXW170557669 BCX0\">und<\/span><span class=\"NormalTextRun SCXW170557669 BCX0\">\u00a0<\/span><span class=\"NormalTextRun SpellingErrorV2 SCXW170557669 BCX0\">Diskurswelten<\/span><span class=\"NormalTextRun SCXW170557669 BCX0\">\u00a0<\/span><span class=\"NormalTextRun SpellingErrorV2 SCXW170557669 BCX0\">gestern<\/span><span class=\"NormalTextRun SCXW170557669 BCX0\">\u00a0<\/span><span class=\"NormalTextRun SpellingErrorV2 SCXW170557669 BCX0\">und<\/span><span class=\"NormalTextRun SCXW170557669 BCX0\">\u00a0<\/span><span class=\"NormalTextRun SpellingErrorV2 SCXW170557669 BCX0\">heute<\/span><span class=\"NormalTextRun SCXW170557669 BCX0\">\u201c<\/span><span class=\"NormalTextRun SCXW170557669 BCX0\"> z serii <span class=\"NormalTextRun SpellingErrorV2 BCX0 DefaultHighlightTransition SCXW130958061\">Studia<\/span><span class=\"NormalTextRun BCX0 SCXW130958061\">\u00a0<\/span><span class=\"NormalTextRun SpellingErrorV2 BCX0 SCXW130958061\">Germanica<\/span><span class=\"NormalTextRun BCX0 SCXW130958061\">\u00a0<\/span><span class=\"NormalTextRun SpellingErrorV2 BCX0 SCXW130958061\">Gedanensia <\/span>45\/2021<\/span><span class=\"NormalTextRun SCXW170557669 BCX0\"> po\u015bwi\u0119cony jest za<\/span><span class=\"NormalTextRun SCXW170557669 BCX0\">gadnieniom analizy tekstu i dyskursu, zar\u00f3wno z perspektywy synchronicznej, jak i diachronicznej. Celem publikacji jest przedstawienie najnowszych rozwi\u0105za\u0144, tendencji rozwojowych, a tak\u017ce luk badawczych w obr\u0119bie lingwistyki tekstu i dyskursu.<\/span><\/span><span class=\"EOP SCXW170557669 BCX0\" data-ccp-props=\"{&quot;201341983&quot;:0,&quot;335551550&quot;:6,&quot;335551620&quot;:6,&quot;335559740&quot;:240,&quot;469777462&quot;:[360],&quot;469777927&quot;:[0],&quot;469777928&quot;:[8]}\">\u00a0<\/span><\/p>\n","protected":false},"featured_media":16622,"template":"","meta":{"_acf_changed":false},"journal":[7069],"rodzaj":[7077],"seria":[],"product_brand":[],"product_cat":[6924,6925,6926],"product_tag":[],"class_list":{"0":"post-46366","1":"product","2":"type-product","3":"status-publish","4":"has-post-thumbnail","6":"journal-studia-germanica-gedanensia","7":"rodzaj-czasopismo","8":"product_cat-jezykoznawstwo","9":"product_cat-literaturoznawstwo","10":"product_cat-przekladoznawstwo","11":"pa_rok-wydania-2021-en","13":"first","14":"outofstock","15":"taxable","16":"shipping-taxable","17":"purchasable","18":"product-type-simple"},"acf":[],"_links":{"self":[{"href":"https:\/\/wydawnictwo.ug.edu.pl\/en\/wp-json\/wp\/v2\/product\/46366","targetHints":{"allow":["GET"]}}],"collection":[{"href":"https:\/\/wydawnictwo.ug.edu.pl\/en\/wp-json\/wp\/v2\/product"}],"about":[{"href":"https:\/\/wydawnictwo.ug.edu.pl\/en\/wp-json\/wp\/v2\/types\/product"}],"wp:featuredmedia":[{"embeddable":true,"href":"https:\/\/wydawnictwo.ug.edu.pl\/en\/wp-json\/wp\/v2\/media\/16622"}],"wp:attachment":[{"href":"https:\/\/wydawnictwo.ug.edu.pl\/en\/wp-json\/wp\/v2\/media?parent=46366"}],"wp:term":[{"taxonomy":"journal","embeddable":true,"href":"https:\/\/wydawnictwo.ug.edu.pl\/en\/wp-json\/wp\/v2\/journal?post=46366"},{"taxonomy":"rodzaj","embeddable":true,"href":"https:\/\/wydawnictwo.ug.edu.pl\/en\/wp-json\/wp\/v2\/rodzaj?post=46366"},{"taxonomy":"seria","embeddable":true,"href":"https:\/\/wydawnictwo.ug.edu.pl\/en\/wp-json\/wp\/v2\/seria?post=46366"},{"taxonomy":"product_brand","embeddable":true,"href":"https:\/\/wydawnictwo.ug.edu.pl\/en\/wp-json\/wp\/v2\/product_brand?post=46366"},{"taxonomy":"product_cat","embeddable":true,"href":"https:\/\/wydawnictwo.ug.edu.pl\/en\/wp-json\/wp\/v2\/product_cat?post=46366"},{"taxonomy":"product_tag","embeddable":true,"href":"https:\/\/wydawnictwo.ug.edu.pl\/en\/wp-json\/wp\/v2\/product_tag?post=46366"}],"curies":[{"name":"wp","href":"https:\/\/api.w.org\/{rel}","templated":true}]}}