{"id":46362,"date":"2021-10-18T08:44:36","date_gmt":"2021-10-18T08:44:36","guid":{"rendered":"https:\/\/wydawnictwo.ug.edu.pl\/ksiegarnia-online\/uncategorized\/organiczna-analiza-jakosciowa-srodkow-leczniczych\/"},"modified":"2026-02-11T14:10:03","modified_gmt":"2026-02-11T14:10:03","slug":"organiczna-analiza-jakosciowa-srodkow-leczniczych","status":"publish","type":"product","link":"https:\/\/wydawnictwo.ug.edu.pl\/en\/ksiegarnia-online\/chemia-i-fizyka\/organiczna-analiza-jakosciowa-srodkow-leczniczych\/","title":{"rendered":"Analiza jako\u015bciowa organicznych \u015brodk\u00f3w farmaceutycznych"},"content":{"rendered":"","protected":false},"excerpt":{"rendered":"<p><span data-contrast=\"auto\">Podczas gdy na polskim rynku ksi\u0119garskim dost\u0119pne s\u0105 pozycje, stanowi\u0105ce wystarczaj\u0105cy materia\u0142 referencyjny do prowadzenia zaj\u0119\u0107 laboratoryjnych po\u015bwi\u0119conych syntezie \u015brodk\u00f3w leczniczych, trudno jest znale\u017a\u0107 podr\u0119cznik, kt\u00f3ry stanowi\u0142by dobre odniesienie dla zaj\u0119\u0107 z analizy chemicznej jedno i wielosk\u0142adnikowych farmaceutyk\u00f3w oraz innych organicznych zwi\u0105zk\u00f3w biologicznie aktywnych. G\u0142\u00f3wn\u0105 intencj\u0105 przy\u015bwiecaj\u0105c\u0105 tworzeniu tego podr\u0119cznika by\u0142o nauczenie czytelnika podstaw samodzielnego wyboru w\u0142a\u015bciwej metody analitycznej, a nast\u0119pnie sprawnego przeprowadzania analizy identyfikacyjnej substancji bioorganicznych. Publikacja przybli\u017ca istotne elementy struktury chemicznej badanych zwi\u0105zk\u00f3w oraz ich w\u0142a\u015bciwo\u015bci fizykochemiczne, koncentruj\u0105c si\u0119 na opisie metod niewymagaj\u0105cych skomplikowanej aparatury instrumentalnej. P<span class=\"NormalTextRun SCXW7031822 BCX0\">rzeznaczony dla student\u00f3w kierunk\u00f3w chemicznych i farmaceutycznych p<\/span><\/span><span data-contrast=\"auto\">odr\u0119cznik, zosta\u0142 zilustrowany schematami chemicznymi oraz kolorowymi fotografiami, prezentuj\u0105cymi liczne pr\u00f3by diagnostyczne.<\/span><\/p>\n<p>&nbsp;<\/p>\n","protected":false},"featured_media":16425,"template":"","meta":{"_acf_changed":false},"journal":[],"rodzaj":[7330],"seria":[],"product_brand":[],"product_cat":[7308],"product_tag":[7839,7840],"class_list":{"0":"post-46362","1":"product","2":"type-product","3":"status-publish","4":"has-post-thumbnail","6":"rodzaj-schoolbook","7":"product_cat-chemia-i-fizyka","8":"product_tag-franciszek-kasprzykowski","9":"product_tag-regina-kasprzykowskaregina-kasprzykowska","10":"pa_rok-wydania-2021-en","12":"first","13":"instock","14":"taxable","15":"shipping-taxable","16":"purchasable","17":"product-type-simple"},"acf":[],"_links":{"self":[{"href":"https:\/\/wydawnictwo.ug.edu.pl\/en\/wp-json\/wp\/v2\/product\/46362","targetHints":{"allow":["GET"]}}],"collection":[{"href":"https:\/\/wydawnictwo.ug.edu.pl\/en\/wp-json\/wp\/v2\/product"}],"about":[{"href":"https:\/\/wydawnictwo.ug.edu.pl\/en\/wp-json\/wp\/v2\/types\/product"}],"wp:featuredmedia":[{"embeddable":true,"href":"https:\/\/wydawnictwo.ug.edu.pl\/en\/wp-json\/wp\/v2\/media\/16425"}],"wp:attachment":[{"href":"https:\/\/wydawnictwo.ug.edu.pl\/en\/wp-json\/wp\/v2\/media?parent=46362"}],"wp:term":[{"taxonomy":"journal","embeddable":true,"href":"https:\/\/wydawnictwo.ug.edu.pl\/en\/wp-json\/wp\/v2\/journal?post=46362"},{"taxonomy":"rodzaj","embeddable":true,"href":"https:\/\/wydawnictwo.ug.edu.pl\/en\/wp-json\/wp\/v2\/rodzaj?post=46362"},{"taxonomy":"seria","embeddable":true,"href":"https:\/\/wydawnictwo.ug.edu.pl\/en\/wp-json\/wp\/v2\/seria?post=46362"},{"taxonomy":"product_brand","embeddable":true,"href":"https:\/\/wydawnictwo.ug.edu.pl\/en\/wp-json\/wp\/v2\/product_brand?post=46362"},{"taxonomy":"product_cat","embeddable":true,"href":"https:\/\/wydawnictwo.ug.edu.pl\/en\/wp-json\/wp\/v2\/product_cat?post=46362"},{"taxonomy":"product_tag","embeddable":true,"href":"https:\/\/wydawnictwo.ug.edu.pl\/en\/wp-json\/wp\/v2\/product_tag?post=46362"}],"curies":[{"name":"wp","href":"https:\/\/api.w.org\/{rel}","templated":true}]}}