{"id":46361,"date":"2021-10-18T08:54:32","date_gmt":"2021-10-18T08:54:32","guid":{"rendered":"https:\/\/wydawnictwo.ug.edu.pl\/ksiegarnia-online\/uncategorized\/jak-pracowac-z-wyobraznia-ksiega-konspektow\/"},"modified":"2026-02-11T14:10:03","modified_gmt":"2026-02-11T14:10:03","slug":"jak-pracowac-z-wyobraznia-ksiega-konspektow","status":"publish","type":"product","link":"https:\/\/wydawnictwo.ug.edu.pl\/en\/ksiegarnia-online\/pedagogika-i-psychologia\/jak-pracowac-z-wyobraznia-ksiega-konspektow\/","title":{"rendered":"Jak pracowa\u0107 z wyobra\u017ani\u0105? Ksi\u0119ga konspekt\u00f3w"},"content":{"rendered":"","protected":false},"excerpt":{"rendered":"<p style=\"text-align: left;\">Niniejszy podr\u0119cznik jest zbiorem opracowanych w latach 2018-2021 plan\u00f3w zaj\u0119\u0107 i warsztat\u00f3w tw\u00f3rczego pisania, w kt\u00f3rych brali udzia\u0142 studenci kierunku Zarz\u0105dzanie Instytucjami Artystycznymi na Uniwersytecie Gda\u0144skim. Przygotowane przez student\u00f3w konspekty mog\u0105 pos\u0142u\u017cy\u0107 nauczycielom w prowadzeniu warsztat\u00f3w z tw\u00f3rczego pisania. Szczeg\u00f3\u0142owo uj\u0119te grupy odbiorc\u00f3w wyznaczaj\u0105 szeroki zasi\u0119g, od prowadzonych w soboty warsztat\u00f3w dla niepracuj\u0105cych matek do medytacyjno-relaksuj\u0105cych zaj\u0119\u0107 dla student\u00f3w z u\u017cyciem gong\u00f3w tybeta\u0144skich.<\/p>\n","protected":false},"featured_media":16427,"template":"","meta":{"_acf_changed":false},"journal":[],"rodzaj":[],"seria":[],"product_brand":[],"product_cat":[7007],"product_tag":[7838],"class_list":{"0":"post-46361","1":"product","2":"type-product","3":"status-publish","4":"has-post-thumbnail","6":"product_cat-pedagogika-i-psychologia","7":"product_tag-izabela-morska","8":"pa_rok-wydania-2021-en","10":"first","11":"instock","12":"taxable","13":"shipping-taxable","14":"purchasable","15":"product-type-simple"},"acf":[],"_links":{"self":[{"href":"https:\/\/wydawnictwo.ug.edu.pl\/en\/wp-json\/wp\/v2\/product\/46361","targetHints":{"allow":["GET"]}}],"collection":[{"href":"https:\/\/wydawnictwo.ug.edu.pl\/en\/wp-json\/wp\/v2\/product"}],"about":[{"href":"https:\/\/wydawnictwo.ug.edu.pl\/en\/wp-json\/wp\/v2\/types\/product"}],"wp:featuredmedia":[{"embeddable":true,"href":"https:\/\/wydawnictwo.ug.edu.pl\/en\/wp-json\/wp\/v2\/media\/16427"}],"wp:attachment":[{"href":"https:\/\/wydawnictwo.ug.edu.pl\/en\/wp-json\/wp\/v2\/media?parent=46361"}],"wp:term":[{"taxonomy":"journal","embeddable":true,"href":"https:\/\/wydawnictwo.ug.edu.pl\/en\/wp-json\/wp\/v2\/journal?post=46361"},{"taxonomy":"rodzaj","embeddable":true,"href":"https:\/\/wydawnictwo.ug.edu.pl\/en\/wp-json\/wp\/v2\/rodzaj?post=46361"},{"taxonomy":"seria","embeddable":true,"href":"https:\/\/wydawnictwo.ug.edu.pl\/en\/wp-json\/wp\/v2\/seria?post=46361"},{"taxonomy":"product_brand","embeddable":true,"href":"https:\/\/wydawnictwo.ug.edu.pl\/en\/wp-json\/wp\/v2\/product_brand?post=46361"},{"taxonomy":"product_cat","embeddable":true,"href":"https:\/\/wydawnictwo.ug.edu.pl\/en\/wp-json\/wp\/v2\/product_cat?post=46361"},{"taxonomy":"product_tag","embeddable":true,"href":"https:\/\/wydawnictwo.ug.edu.pl\/en\/wp-json\/wp\/v2\/product_tag?post=46361"}],"curies":[{"name":"wp","href":"https:\/\/api.w.org\/{rel}","templated":true}]}}