{"id":46358,"date":"2021-10-28T10:10:33","date_gmt":"2021-10-28T10:10:33","guid":{"rendered":"https:\/\/wydawnictwo.ug.edu.pl\/ksiegarnia-online\/uncategorized\/christianitas-antiqua-vol-ix-religia-i-wladza-w-poznym-antyku-i-we-wczesnym-sredniowieczu\/"},"modified":"2026-02-11T14:10:07","modified_gmt":"2026-02-11T14:10:07","slug":"christianitas-antiqua-vol-ix-religia-i-wladza-w-poznym-antyku-i-we-wczesnym-sredniowieczu","status":"publish","type":"product","link":"https:\/\/wydawnictwo.ug.edu.pl\/en\/ksiegarnia-online\/historia\/christianitas-antiqua-vol-ix-religia-i-wladza-w-poznym-antyku-i-we-wczesnym-sredniowieczu\/","title":{"rendered":"Christianitas Antiqua vol. IX. Religia i w\u0142adza w p\u00f3\u017anym antyku i we wczesnym \u015bredniowieczu"},"content":{"rendered":"","protected":false},"excerpt":{"rendered":"<p>Oddajemy do r\u0105k czytelnik\u00f3w dziewi\u0105ty tom \u201eChristianitas Antiqua\u201d zatytu\u0142owany Religia i w\u0142adza u schy\u0142ku staro\u017cytno\u015bci i we wczesnym \u015bredniowieczu. Dwa pierwsze teksty otwieraj\u0105ce tom, autorstwa Anny Paj\u0105kowskiej, odnosz\u0105 si\u0119 do dzie\u0142 Juliana Apostaty. Autorka na ich podstawie rekonstruuje obraz Konstantyna Wielkiego w Cesarzach oraz omawia chrze\u015bcija\u0144sk\u0105 terminologi\u0119 u\u017cywan\u0105 przez cesarza Juliana w jego pismach. W tomie odnajdujemy r\u00f3wnie\u017c tekst Macieja Wojcieszaka o kondycji kult\u00f3w poga\u0144skich w chrystianizuj\u0105cym si\u0119 Cesarstwie Rzymskim w \u015bwietle dzie\u0142 Kommodiana (IV w.) oraz artyku\u0142 Mateusza B\u0119tkowskiego przedstawiaj\u0105cy nowe spojrzenie na posta\u0107 Agrestiusa z Luxeuil (VI\/VII w.) i jego stosunek do kwestii Trzech Rozdzia\u0142\u00f3w.<\/p>\n<p>W drugiej cz\u0119\u015bci tomu (Fontes) zamieszczone zosta\u0142y t\u0142umaczenia p\u00f3\u017anoantycznych tekst\u00f3w sporz\u0105dzone przez Micha\u0142a Kosznickiego (Himeriusz z Prusy, Mowa 62) oraz Macieja Wojcieszaka (Paulin z Noli, Listy 1\u20132). Ta druga publikacja wymaga kilku s\u0142\u00f3w wyja\u015bnienia. T\u0142umaczenie tekstu magister Wojcieszak sporz\u0105dzi\u0142 jeszcze w 2018 r., w ramach prac nad przygotowywan\u0105 rozpraw\u0105 doktorsk\u0105 dotycz\u0105c\u0105 obrazu spo\u0142ecze\u0144stwa zachodniorzymskiego w \u015bwietle p\u00f3\u017anoantycznej \u0142aci\u0144skiej literatury patrystycznej. Niech wi\u0119c przek\u0142ad ten wraz ze wst\u0119pem oraz komentarzem historycznym b\u0119dzie alternatywnym do edycji list\u00f3w Paulina z Noli, kt\u00f3re ukaza\u0142y si\u0119 w krakowskim wydawnictwie WAM w 2019 r.<\/p>\n<p><em>Z praefatio<\/em><\/p>\n","protected":false},"featured_media":29591,"template":"","meta":{"_acf_changed":false},"journal":[7328],"rodzaj":[7077],"seria":[],"product_brand":[],"product_cat":[6958],"product_tag":[],"class_list":{"0":"post-46358","1":"product","2":"type-product","3":"status-publish","4":"has-post-thumbnail","6":"journal-christianitas-antiqua","7":"rodzaj-czasopismo","8":"product_cat-historia","9":"pa_rok-wydania-2021-en","11":"first","12":"outofstock","13":"taxable","14":"shipping-taxable","15":"purchasable","16":"product-type-simple"},"acf":[],"_links":{"self":[{"href":"https:\/\/wydawnictwo.ug.edu.pl\/en\/wp-json\/wp\/v2\/product\/46358","targetHints":{"allow":["GET"]}}],"collection":[{"href":"https:\/\/wydawnictwo.ug.edu.pl\/en\/wp-json\/wp\/v2\/product"}],"about":[{"href":"https:\/\/wydawnictwo.ug.edu.pl\/en\/wp-json\/wp\/v2\/types\/product"}],"wp:featuredmedia":[{"embeddable":true,"href":"https:\/\/wydawnictwo.ug.edu.pl\/en\/wp-json\/wp\/v2\/media\/29591"}],"wp:attachment":[{"href":"https:\/\/wydawnictwo.ug.edu.pl\/en\/wp-json\/wp\/v2\/media?parent=46358"}],"wp:term":[{"taxonomy":"journal","embeddable":true,"href":"https:\/\/wydawnictwo.ug.edu.pl\/en\/wp-json\/wp\/v2\/journal?post=46358"},{"taxonomy":"rodzaj","embeddable":true,"href":"https:\/\/wydawnictwo.ug.edu.pl\/en\/wp-json\/wp\/v2\/rodzaj?post=46358"},{"taxonomy":"seria","embeddable":true,"href":"https:\/\/wydawnictwo.ug.edu.pl\/en\/wp-json\/wp\/v2\/seria?post=46358"},{"taxonomy":"product_brand","embeddable":true,"href":"https:\/\/wydawnictwo.ug.edu.pl\/en\/wp-json\/wp\/v2\/product_brand?post=46358"},{"taxonomy":"product_cat","embeddable":true,"href":"https:\/\/wydawnictwo.ug.edu.pl\/en\/wp-json\/wp\/v2\/product_cat?post=46358"},{"taxonomy":"product_tag","embeddable":true,"href":"https:\/\/wydawnictwo.ug.edu.pl\/en\/wp-json\/wp\/v2\/product_tag?post=46358"}],"curies":[{"name":"wp","href":"https:\/\/api.w.org\/{rel}","templated":true}]}}