{"id":46357,"date":"2021-11-02T08:11:33","date_gmt":"2021-11-02T08:11:33","guid":{"rendered":"https:\/\/wydawnictwo.ug.edu.pl\/ksiegarnia-online\/uncategorized\/gdanskie-studia-miedzynarodowe-2020-vol-18-no-1-2\/"},"modified":"2026-02-11T14:10:07","modified_gmt":"2026-02-11T14:10:07","slug":"gdanskie-studia-miedzynarodowe-2020-vol-18-no-1-2","status":"publish","type":"product","link":"https:\/\/wydawnictwo.ug.edu.pl\/en\/ksiegarnia-online\/prawo-i-administracja\/gdanskie-studia-miedzynarodowe-2020-vol-18-no-1-2\/","title":{"rendered":"Gda\u0144skie Studia Mi\u0119dzynarodowe 2020 vol. 18 No. 1-2. International Cultural Heritage Law"},"content":{"rendered":"","protected":false},"excerpt":{"rendered":"<p><strong>Gda\u0144skie Studia Mi\u0119dzynarodowe<\/strong> to czasopismo naukowe wydawane od 1998 roku przez Instytut Politologii Uniwersytetu Gda\u0144skiego, kt\u00f3rego celem jest wielowymiarowe, interdyscyplinarne wyja\u015bnianie i analizowanie z\u0142o\u017conych proces\u00f3w zachodz\u0105cych w \u015brodowisku mi\u0119dzynarodowym. Tematami podejmowanymi przez autor\u00f3w publikuj\u0105cych na \u0142amach rocznika s\u0105 m.in.: problemy z zakresu stosunk\u00f3w mi\u0119dzynarodowych, politologii, dyplomacji, bezpiecze\u0144stwa narodowego, globalistyki, geopolityki, czy geoekonomii.<\/p>\n","protected":false},"featured_media":16661,"template":"","meta":{"_acf_changed":false},"journal":[7751],"rodzaj":[7077],"seria":[],"product_brand":[],"product_cat":[6932],"product_tag":[],"class_list":{"0":"post-46357","1":"product","2":"type-product","3":"status-publish","4":"has-post-thumbnail","6":"journal-gdanskie-studia-miedzynarodowe","7":"rodzaj-czasopismo","8":"product_cat-prawo-i-administracja","9":"pa_rok-wydania-2021-en","11":"first","12":"outofstock","13":"taxable","14":"shipping-taxable","15":"purchasable","16":"product-type-simple"},"acf":[],"_links":{"self":[{"href":"https:\/\/wydawnictwo.ug.edu.pl\/en\/wp-json\/wp\/v2\/product\/46357","targetHints":{"allow":["GET"]}}],"collection":[{"href":"https:\/\/wydawnictwo.ug.edu.pl\/en\/wp-json\/wp\/v2\/product"}],"about":[{"href":"https:\/\/wydawnictwo.ug.edu.pl\/en\/wp-json\/wp\/v2\/types\/product"}],"wp:featuredmedia":[{"embeddable":true,"href":"https:\/\/wydawnictwo.ug.edu.pl\/en\/wp-json\/wp\/v2\/media\/16661"}],"wp:attachment":[{"href":"https:\/\/wydawnictwo.ug.edu.pl\/en\/wp-json\/wp\/v2\/media?parent=46357"}],"wp:term":[{"taxonomy":"journal","embeddable":true,"href":"https:\/\/wydawnictwo.ug.edu.pl\/en\/wp-json\/wp\/v2\/journal?post=46357"},{"taxonomy":"rodzaj","embeddable":true,"href":"https:\/\/wydawnictwo.ug.edu.pl\/en\/wp-json\/wp\/v2\/rodzaj?post=46357"},{"taxonomy":"seria","embeddable":true,"href":"https:\/\/wydawnictwo.ug.edu.pl\/en\/wp-json\/wp\/v2\/seria?post=46357"},{"taxonomy":"product_brand","embeddable":true,"href":"https:\/\/wydawnictwo.ug.edu.pl\/en\/wp-json\/wp\/v2\/product_brand?post=46357"},{"taxonomy":"product_cat","embeddable":true,"href":"https:\/\/wydawnictwo.ug.edu.pl\/en\/wp-json\/wp\/v2\/product_cat?post=46357"},{"taxonomy":"product_tag","embeddable":true,"href":"https:\/\/wydawnictwo.ug.edu.pl\/en\/wp-json\/wp\/v2\/product_tag?post=46357"}],"curies":[{"name":"wp","href":"https:\/\/api.w.org\/{rel}","templated":true}]}}