{"id":46355,"date":"2021-11-03T09:06:38","date_gmt":"2021-11-03T09:06:38","guid":{"rendered":"https:\/\/wydawnictwo.ug.edu.pl\/ksiegarnia-online\/uncategorized\/blade-runner-o-prawach-quasi-czlowieka\/"},"modified":"2026-02-11T14:10:11","modified_gmt":"2026-02-11T14:10:11","slug":"blade-runner-o-prawach-quasi-czlowieka","status":"publish","type":"product","link":"https:\/\/wydawnictwo.ug.edu.pl\/en\/ksiegarnia-online\/prawo-i-administracja\/blade-runner-o-prawach-quasi-czlowieka\/","title":{"rendered":"Blade Runner. O prawach quasi-cz\u0142owieka"},"content":{"rendered":"","protected":false},"excerpt":{"rendered":"<p>Pytaniem nas nurtuj\u0105cym jest \u2013 czy je\u015bli dzi\u0119ki technologii przysz\u0142o\u015bci da si\u0119 stworzy\u0107 \u201e\u017cywy organizm\u201d na kszta\u0142t cz\u0142owieka, b\u0119dzie on m\u00f3g\u0142 sta\u0107 si\u0119 podmiotem prawa, a co za tym idzie \u2013 czy ten tw\u00f3r mo\u017ce zosta\u0107 obj\u0119ty ochron\u0105 prawn\u0105, jak\u0105 zapewnia dzi\u015b ludziom system ochrony praw cz\u0142owieka? (\u2026) Tytu\u0142owy problem jeszcze jaki\u015b czas temu m\u00f3g\u0142 si\u0119 wydawa\u0107 pomys\u0142em aktualnym tylko dla pisarzy i mi\u0142o\u015bnik\u00f3w literatury oraz filmu science fiction. Dzi\u015b ju\u017c z ca\u0142\u0105 pewno\u015bci\u0105 wiemy, co po cz\u0119\u015bci uzmys\u0142owi\u0142a nam praca nad prezentowan\u0105 tu ksi\u0105\u017ck\u0105, \u017ce nie jest to jedynie wydumany pomys\u0142 filozof\u00f3w ani te\u017c wy\u0142\u0105cznie tematyka dzie\u0142 fantastyczno-naukowych. Kwestia przez nas poruszona pr\u0119dzej czy p\u00f3\u017aniej stanie si\u0119 donios\u0142ym problemem nie tylko naukowym, ale przede wszystkim praktycznym, ze wszystkimi tego konsekwencjami\u2026<\/p>\n<p style=\"text-align: right;\"><em>Prof. Kamil Zeidler, fragment Prologu<\/em><\/p>\n<p>&nbsp;<\/p>\n<p>Ksi\u0105\u017cka <em>Blade Runner. O prawach quasi-cz\u0142owieka<\/em> ukazuje si\u0119 w serii wydawniczej Studia z Estetyki Prawa, funkcjonuj\u0105cej na Wydziale Prawa i Administracji Uniwersytetu Gda\u0144skiego. Wielowiekowe i g\u0142\u0119boko humanistyczne tradycje prawnicze sprawiaj\u0105, \u017ce cz\u0119sto prawnicy to nie tylko zwykli rzemie\u015blnicy prawa, ale te\u017c arty\u015bci na us\u0142ugach samej Iustitii. Uniwersytety za\u015b, na kt\u00f3rych od \u015bredniowiecza prawo by\u0142o jednym z czterech podstawowych fakultet\u00f3w, to nie szko\u0142y zawodowe, a universitas, czyli wsp\u00f3lnoty nauczaj\u0105cych i ucz\u0105cych si\u0119 \u2013 ku chwale prawdy, sprawiedliwo\u015bci, r\u00f3wno\u015bci, dobra i pi\u0119kna. Ta ostatnia idea i warto\u015b\u0107, w po\u0142\u0105czeniu ze studiami nad prawem, jest motywem przewodnim Studi\u00f3w z Estetyki Prawa.<\/p>\n<p>Publikacja znajduje si\u0119 w bazie serwisu <a href=\"https:\/\/nakanapie.pl\/ksiazka\/blade-runner-o-prawach-quasi-czlowieka\">nakanapie.pl<\/a>.<\/p>\n","protected":false},"featured_media":16601,"template":"","meta":{"_acf_changed":false},"journal":[],"rodzaj":[7077,7076],"seria":[7083],"product_brand":[],"product_cat":[6932],"product_tag":[7413],"class_list":{"0":"post-46355","1":"product","2":"type-product","3":"status-publish","4":"has-post-thumbnail","6":"rodzaj-czasopismo","7":"rodzaj-serie-wydawnicze","8":"seria-studia-z-estetyki-prawa","9":"product_cat-prawo-i-administracja","10":"product_tag-kamil-zeidlerkamil-zeidler","12":"first","13":"instock","14":"taxable","15":"shipping-taxable","16":"purchasable","17":"product-type-simple"},"acf":[],"_links":{"self":[{"href":"https:\/\/wydawnictwo.ug.edu.pl\/en\/wp-json\/wp\/v2\/product\/46355","targetHints":{"allow":["GET"]}}],"collection":[{"href":"https:\/\/wydawnictwo.ug.edu.pl\/en\/wp-json\/wp\/v2\/product"}],"about":[{"href":"https:\/\/wydawnictwo.ug.edu.pl\/en\/wp-json\/wp\/v2\/types\/product"}],"wp:featuredmedia":[{"embeddable":true,"href":"https:\/\/wydawnictwo.ug.edu.pl\/en\/wp-json\/wp\/v2\/media\/16601"}],"wp:attachment":[{"href":"https:\/\/wydawnictwo.ug.edu.pl\/en\/wp-json\/wp\/v2\/media?parent=46355"}],"wp:term":[{"taxonomy":"journal","embeddable":true,"href":"https:\/\/wydawnictwo.ug.edu.pl\/en\/wp-json\/wp\/v2\/journal?post=46355"},{"taxonomy":"rodzaj","embeddable":true,"href":"https:\/\/wydawnictwo.ug.edu.pl\/en\/wp-json\/wp\/v2\/rodzaj?post=46355"},{"taxonomy":"seria","embeddable":true,"href":"https:\/\/wydawnictwo.ug.edu.pl\/en\/wp-json\/wp\/v2\/seria?post=46355"},{"taxonomy":"product_brand","embeddable":true,"href":"https:\/\/wydawnictwo.ug.edu.pl\/en\/wp-json\/wp\/v2\/product_brand?post=46355"},{"taxonomy":"product_cat","embeddable":true,"href":"https:\/\/wydawnictwo.ug.edu.pl\/en\/wp-json\/wp\/v2\/product_cat?post=46355"},{"taxonomy":"product_tag","embeddable":true,"href":"https:\/\/wydawnictwo.ug.edu.pl\/en\/wp-json\/wp\/v2\/product_tag?post=46355"}],"curies":[{"name":"wp","href":"https:\/\/api.w.org\/{rel}","templated":true}]}}