{"id":46352,"date":"2021-11-05T08:31:01","date_gmt":"2021-11-05T08:31:01","guid":{"rendered":"https:\/\/wydawnictwo.ug.edu.pl\/ksiegarnia-online\/uncategorized\/gdansk-w-okresie-nowozytnym-kultura-religia-spoleczenstwo-i-stosunki-miedzynarodowe\/"},"modified":"2026-02-11T14:10:14","modified_gmt":"2026-02-11T14:10:14","slug":"gdansk-w-okresie-nowozytnym-kultura-religia-spoleczenstwo-i-stosunki-miedzynarodowe","status":"publish","type":"product","link":"https:\/\/wydawnictwo.ug.edu.pl\/en\/ksiegarnia-online\/historia\/gdansk-w-okresie-nowozytnym-kultura-religia-spoleczenstwo-i-stosunki-miedzynarodowe\/","title":{"rendered":"Gda\u0144sk w okresie nowo\u017cytnym. Kultura, religia, spo\u0142ecze\u0144stwo i stosunki mi\u0119dzynarodowe"},"content":{"rendered":"","protected":false},"excerpt":{"rendered":"<p><em>Gda\u0144sk w okresie nowo\u017cytnym Kultura, religia, polityka, spo\u0142ecze\u0144stwo i stosunki mi\u0119dzynarodowe<\/em> to publikacja powsta\u0142a jako efekt mi\u0119dzynarodowej konferencji naukowej, kt\u00f3ra odby\u0142a si\u0119 na Uniwersytecie Gda\u0144skim w 2019 roku. W dwunastu referatach polscy i niemieccy badacze poddaj\u0105 analizie wybrane zagadnienia zwi\u0105zane z miastem Gda\u0144sk i procesami zachodz\u0105cymi w oraz wok\u00f3\u0142 miejskiej przestrzeni w okresie nowo\u017cytnym. Naukowcy przybli\u017caj\u0105 dotychczas ma\u0142o znane fakty zwi\u0105zane z histori\u0105 miasta oraz formu\u0142uj\u0105 nowe postulaty badawcze. Sta\u0142ym punktem odniesienia dla wi\u0119kszo\u015bci artyku\u0142\u00f3w s\u0105 dzieje Prus, Polski oraz Europy.<\/p>\n","protected":false},"featured_media":16659,"template":"","meta":{"_acf_changed":false},"journal":[],"rodzaj":[],"seria":[],"product_brand":[],"product_cat":[6958],"product_tag":[7833,7577],"class_list":{"0":"post-46352","1":"product","2":"type-product","3":"status-publish","4":"has-post-thumbnail","6":"product_cat-historia","7":"product_tag-jurgen-sarnowsky","8":"product_tag-wieslaw-dlugokecki","9":"pa_rok-wydania-2021-en","11":"first","12":"instock","13":"taxable","14":"shipping-taxable","15":"purchasable","16":"product-type-simple"},"acf":[],"_links":{"self":[{"href":"https:\/\/wydawnictwo.ug.edu.pl\/en\/wp-json\/wp\/v2\/product\/46352","targetHints":{"allow":["GET"]}}],"collection":[{"href":"https:\/\/wydawnictwo.ug.edu.pl\/en\/wp-json\/wp\/v2\/product"}],"about":[{"href":"https:\/\/wydawnictwo.ug.edu.pl\/en\/wp-json\/wp\/v2\/types\/product"}],"wp:featuredmedia":[{"embeddable":true,"href":"https:\/\/wydawnictwo.ug.edu.pl\/en\/wp-json\/wp\/v2\/media\/16659"}],"wp:attachment":[{"href":"https:\/\/wydawnictwo.ug.edu.pl\/en\/wp-json\/wp\/v2\/media?parent=46352"}],"wp:term":[{"taxonomy":"journal","embeddable":true,"href":"https:\/\/wydawnictwo.ug.edu.pl\/en\/wp-json\/wp\/v2\/journal?post=46352"},{"taxonomy":"rodzaj","embeddable":true,"href":"https:\/\/wydawnictwo.ug.edu.pl\/en\/wp-json\/wp\/v2\/rodzaj?post=46352"},{"taxonomy":"seria","embeddable":true,"href":"https:\/\/wydawnictwo.ug.edu.pl\/en\/wp-json\/wp\/v2\/seria?post=46352"},{"taxonomy":"product_brand","embeddable":true,"href":"https:\/\/wydawnictwo.ug.edu.pl\/en\/wp-json\/wp\/v2\/product_brand?post=46352"},{"taxonomy":"product_cat","embeddable":true,"href":"https:\/\/wydawnictwo.ug.edu.pl\/en\/wp-json\/wp\/v2\/product_cat?post=46352"},{"taxonomy":"product_tag","embeddable":true,"href":"https:\/\/wydawnictwo.ug.edu.pl\/en\/wp-json\/wp\/v2\/product_tag?post=46352"}],"curies":[{"name":"wp","href":"https:\/\/api.w.org\/{rel}","templated":true}]}}