{"id":46351,"date":"2021-11-09T10:24:15","date_gmt":"2021-11-09T10:24:15","guid":{"rendered":"https:\/\/wydawnictwo.ug.edu.pl\/ksiegarnia-online\/uncategorized\/adaptacyjnosc-polskiego-rynku-finansowego-od-lat-90-xx-wieku-poprzez-kryzys-finansowy-2007-2009-do-epidemii-covid-19\/"},"modified":"2026-02-11T14:07:28","modified_gmt":"2026-02-11T14:07:28","slug":"adaptacyjnosc-polskiego-rynku-finansowego-od-lat-90-xx-wieku-poprzez-kryzys-finansowy-2007-2009-do-epidemii-covid-19","status":"publish","type":"product","link":"https:\/\/wydawnictwo.ug.edu.pl\/en\/ksiegarnia-online\/ekonomia\/adaptacyjnosc-polskiego-rynku-finansowego-od-lat-90-xx-wieku-poprzez-kryzys-finansowy-2007-2009-do-epidemii-covid-19\/","title":{"rendered":"Adaptacyjno\u015b\u0107 polskiego rynku finansowego od lat 90. XX wieku poprzez kryzys finansowy 2007-2009 do pandemii COVID-19"},"content":{"rendered":"","protected":false},"excerpt":{"rendered":"<p>\u201eAutor podejmuje si\u0119 przeprowadzenia kompleksowego badania adaptacyjno\u015bci polskiego rynku finansowego. Nale\u017cy to uzna\u0107 za przedsi\u0119wzi\u0119cie nowatorskie i oryginalne. O ile bowiem dokonywano badania takiego zagadnienia na rynkach zagranicznych, to nie dokonano go dotychczas odno\u015bnie do ca\u0142ego rynku finansowego w Polsce\u201d.<\/p>\n<p style=\"text-align: right;\"><em>Z recenzji dr. hab. Marcina Kalinowskiego, prof. WSB<\/em><\/p>\n<p>\u201eAparat badawczy cechuje si\u0119 wieloma interesuj\u0105cymi, indywidualnymi rozwi\u0105zaniami. Same badania zosta\u0142y przeprowadzone w zdyscyplinowany, uporz\u0105dkowany spos\u00f3b, a uzyskane w nich wyniki zaprezentowano przejrzy\u015bcie i przekonuj\u0105co\u201d.<\/p>\n<p style=\"text-align: right;\"><em>Z recenzji dr. hab. Dariusza Filara, emerytowanego prof. UG<\/em><\/p>\n","protected":false},"featured_media":16681,"template":"","meta":{"_acf_changed":false},"journal":[],"rodzaj":[7074],"seria":[],"product_brand":[],"product_cat":[6934],"product_tag":[],"class_list":{"0":"post-46351","1":"product","2":"type-product","3":"status-publish","4":"has-post-thumbnail","6":"rodzaj-ksiazki","7":"product_cat-ekonomia","8":"pa_rok-wydania-2021-en","10":"first","11":"outofstock","12":"taxable","13":"shipping-taxable","14":"purchasable","15":"product-type-simple"},"acf":[],"_links":{"self":[{"href":"https:\/\/wydawnictwo.ug.edu.pl\/en\/wp-json\/wp\/v2\/product\/46351","targetHints":{"allow":["GET"]}}],"collection":[{"href":"https:\/\/wydawnictwo.ug.edu.pl\/en\/wp-json\/wp\/v2\/product"}],"about":[{"href":"https:\/\/wydawnictwo.ug.edu.pl\/en\/wp-json\/wp\/v2\/types\/product"}],"wp:featuredmedia":[{"embeddable":true,"href":"https:\/\/wydawnictwo.ug.edu.pl\/en\/wp-json\/wp\/v2\/media\/16681"}],"wp:attachment":[{"href":"https:\/\/wydawnictwo.ug.edu.pl\/en\/wp-json\/wp\/v2\/media?parent=46351"}],"wp:term":[{"taxonomy":"journal","embeddable":true,"href":"https:\/\/wydawnictwo.ug.edu.pl\/en\/wp-json\/wp\/v2\/journal?post=46351"},{"taxonomy":"rodzaj","embeddable":true,"href":"https:\/\/wydawnictwo.ug.edu.pl\/en\/wp-json\/wp\/v2\/rodzaj?post=46351"},{"taxonomy":"seria","embeddable":true,"href":"https:\/\/wydawnictwo.ug.edu.pl\/en\/wp-json\/wp\/v2\/seria?post=46351"},{"taxonomy":"product_brand","embeddable":true,"href":"https:\/\/wydawnictwo.ug.edu.pl\/en\/wp-json\/wp\/v2\/product_brand?post=46351"},{"taxonomy":"product_cat","embeddable":true,"href":"https:\/\/wydawnictwo.ug.edu.pl\/en\/wp-json\/wp\/v2\/product_cat?post=46351"},{"taxonomy":"product_tag","embeddable":true,"href":"https:\/\/wydawnictwo.ug.edu.pl\/en\/wp-json\/wp\/v2\/product_tag?post=46351"}],"curies":[{"name":"wp","href":"https:\/\/api.w.org\/{rel}","templated":true}]}}