{"id":46347,"date":"2021-11-10T12:30:00","date_gmt":"2021-11-10T12:30:00","guid":{"rendered":"https:\/\/wydawnictwo.ug.edu.pl\/ksiegarnia-online\/uncategorized\/czlowiek-i-miasto-gdansk-i-inne-przestrzenie\/"},"modified":"2026-02-11T14:07:37","modified_gmt":"2026-02-11T14:07:37","slug":"czlowiek-i-miasto-gdansk-i-inne-przestrzenie","status":"publish","type":"product","link":"https:\/\/wydawnictwo.ug.edu.pl\/en\/ksiegarnia-online\/historia-sztuki-i-kulturoznawstwo\/czlowiek-i-miasto-gdansk-i-inne-przestrzenie\/","title":{"rendered":"Cz\u0142owiek i miasto. Gda\u0144sk i inne przestrzenie"},"content":{"rendered":"","protected":false},"excerpt":{"rendered":"<p style=\"text-align: left;\">Projektuj\u0105c (a potem buduj\u0105c) miasta i osiedla, zapomniano, \u017ce nie maj\u0105 one by\u0107 ani \u201emaszyn\u0105 do mieszkania\u201d, ani wielkoskalowym dzie\u0142em sztuki. Miasto to w pierwszej kolejno\u015bci miejsce do \u017cycia jego mieszka\u0144c\u00f3w. W mie\u015bcie cz\u0142owiek realizuje swoj\u0105 egzystencj\u0119 nie jako spacerowicz, turysta czy w\u0142\u00f3cz\u0119ga, ale jako mieszkaniec. Wybieraj\u0105c konkretne miasto, a w nim miejsce do \u017cycia, chce mie\u0107 poczucie bycia u siebie. By\u0107 u siebie to znaczy mie\u0107 przestrze\u0144, gdzie jest si\u0119 gospodarzem. I gdzie mo\u017cna si\u0119 czu\u0107 swobodniej. Tu cz\u0142owiek mo\u017ce zrzuci\u0107 maski, kt\u00f3re zak\u0142ada, obcuj\u0105c w \u015bwiecie z innymi, mniej lub bardziej obcymi lud\u017ami. Tu mo\u017ce by\u0107 autentyczny, nie musi odgrywa\u0107 r\u00f3l, jakie napisali inni. Tu przebywaj\u0105 bliscy, znajomi i ci, kt\u00f3rym si\u0119 ufa. W zwi\u0105zku z tym tu cz\u0142owiek mo\u017ce czu\u0107 si\u0119 bezpiecznie. Warto doda\u0107, \u017ce wa\u017cnym, chocia\u017c niekoniecznym, sk\u0142adnikiem swojsko\u015bci jest wsp\u00f3\u0142udzia\u0142 w budowaniu swojego miejsca. Mie\u0107 swoje miejsce to znaczy mie\u0107 dok\u0105d wraca\u0107 z podr\u00f3\u017cy. Mie\u0107 punkt, wzgl\u0119dem kt\u00f3rego ocenia si\u0119, czy by\u0142 to daleki, czy bliski wyjazd. (\u2026) By\u0107 w mie\u015bcie to tak\u017ce by\u0107 wobec miejskich przestrzeni. Ich kszta\u0142t, a co za tym idzie \u2013 charakter wp\u0142ywa na ludzkie samopoczucie, ale i na form\u0119 relacji mi\u0119dzyludzkich. Nie tylko charakter budynk\u00f3w i ich funkcja, ale i spos\u00f3b ich wzajemnego usytuowania oddzia\u0142uje na to, jak cz\u0142owiek odbiera przestrze\u0144 miasta i jak si\u0119 w niej zachowuje. St\u0105d mo\u017cna m\u00f3wi\u0107 o wytwarzaniu miejskich przestrzeni. Niniejsza ksi\u0105\u017cka jest w\u0142a\u015bnie efektem indywidualnych (ale te\u017c negocjowanych w zespo\u0142owych dyskusjach) produkcji miejsc, czy te\u017c \u2013 jak by powiedzia\u0142 Michel de Certeau \u2013 zapisem opowie\u015bci przestrzennych, subiektywnych modeli retoryki spaceru, jednostkowych akt\u00f3w wypowiedzi formu\u0142owanych w ramach langue porz\u0105dku urbanistycznego Gda\u0144ska, Londynu, Berlina czy \u0141odzi. Niezmiernie wa\u017cnym aspektem prezentowanych w tomie \u201eodczyta\u0144\/wsp\u00f3\u0142-pisa\u0144\u201d miasta pozostaje autorskie do\u015bwiadczenie tw\u00f3rc\u00f3w artyku\u0142\u00f3w.<\/p>\n<p style=\"text-align: right;\">Katarzyna Szalewska i Zbyszek Dymarski ze <em>Wst\u0119pu<\/em><\/p>\n","protected":false},"featured_media":17695,"template":"","meta":{"_acf_changed":false},"journal":[],"rodzaj":[7077,7076],"seria":[7826],"product_brand":[],"product_cat":[6936],"product_tag":[7827,7828],"class_list":{"0":"post-46347","1":"product","2":"type-product","3":"status-publish","4":"has-post-thumbnail","6":"rodzaj-czasopismo","7":"rodzaj-serie-wydawnicze","8":"seria-czlowiek-i-miasto","9":"product_cat-historia-sztuki-i-kulturoznawstwo","10":"product_tag-katarzyna-szalewska","11":"product_tag-zbyszek-dymarskizbyszek-dymarski","12":"pa_rok-wydania-2021-en","14":"first","15":"instock","16":"taxable","17":"shipping-taxable","18":"purchasable","19":"product-type-simple"},"acf":[],"_links":{"self":[{"href":"https:\/\/wydawnictwo.ug.edu.pl\/en\/wp-json\/wp\/v2\/product\/46347","targetHints":{"allow":["GET"]}}],"collection":[{"href":"https:\/\/wydawnictwo.ug.edu.pl\/en\/wp-json\/wp\/v2\/product"}],"about":[{"href":"https:\/\/wydawnictwo.ug.edu.pl\/en\/wp-json\/wp\/v2\/types\/product"}],"wp:featuredmedia":[{"embeddable":true,"href":"https:\/\/wydawnictwo.ug.edu.pl\/en\/wp-json\/wp\/v2\/media\/17695"}],"wp:attachment":[{"href":"https:\/\/wydawnictwo.ug.edu.pl\/en\/wp-json\/wp\/v2\/media?parent=46347"}],"wp:term":[{"taxonomy":"journal","embeddable":true,"href":"https:\/\/wydawnictwo.ug.edu.pl\/en\/wp-json\/wp\/v2\/journal?post=46347"},{"taxonomy":"rodzaj","embeddable":true,"href":"https:\/\/wydawnictwo.ug.edu.pl\/en\/wp-json\/wp\/v2\/rodzaj?post=46347"},{"taxonomy":"seria","embeddable":true,"href":"https:\/\/wydawnictwo.ug.edu.pl\/en\/wp-json\/wp\/v2\/seria?post=46347"},{"taxonomy":"product_brand","embeddable":true,"href":"https:\/\/wydawnictwo.ug.edu.pl\/en\/wp-json\/wp\/v2\/product_brand?post=46347"},{"taxonomy":"product_cat","embeddable":true,"href":"https:\/\/wydawnictwo.ug.edu.pl\/en\/wp-json\/wp\/v2\/product_cat?post=46347"},{"taxonomy":"product_tag","embeddable":true,"href":"https:\/\/wydawnictwo.ug.edu.pl\/en\/wp-json\/wp\/v2\/product_tag?post=46347"}],"curies":[{"name":"wp","href":"https:\/\/api.w.org\/{rel}","templated":true}]}}