{"id":46346,"date":"2021-11-11T09:33:02","date_gmt":"2021-11-11T09:33:02","guid":{"rendered":"https:\/\/wydawnictwo.ug.edu.pl\/ksiegarnia-online\/uncategorized\/script-zagadnienia-sztuki-i-techniki-operatorskiej-zeszyt-5\/"},"modified":"2026-02-11T14:07:39","modified_gmt":"2026-02-11T14:07:39","slug":"script-zagadnienia-sztuki-i-techniki-operatorskiej-zeszyt-5","status":"publish","type":"product","link":"https:\/\/wydawnictwo.ug.edu.pl\/en\/ksiegarnia-online\/sztuka\/script-zagadnienia-sztuki-i-techniki-operatorskiej-zeszyt-5\/","title":{"rendered":"Script. Zeszyt 5. Zagadnienia sztuki i techniki operatorskiej"},"content":{"rendered":"","protected":false},"excerpt":{"rendered":"<p>SCRIPT to pismo, kt\u00f3re \u0142\u0105czy do\u015bwiadczenia praktyk\u00f3w kina z uj\u0119ciem teoretycznym. Po\u0142\u0105czenie dw\u00f3ch perspektyw jest efektem wsp\u00f3\u0142pracy Gdy\u0144skiej Szko\u0142y Filmowej oraz Uniwersytetu Gda\u0144skiego.<\/p>\n","protected":false},"featured_media":16792,"template":"","meta":{"_acf_changed":false},"journal":[],"rodzaj":[7077,7076],"seria":[7824],"product_brand":[],"product_cat":[6939],"product_tag":[7630,7825],"class_list":{"0":"post-46346","1":"product","2":"type-product","3":"status-publish","4":"has-post-thumbnail","6":"rodzaj-czasopismo","7":"rodzaj-serie-wydawnicze","8":"seria-script","9":"product_cat-sztuka","10":"product_tag-krzysztof-kornackikrzysztof-kornacki","11":"product_tag-slawomir-platek","13":"first","14":"outofstock","15":"taxable","16":"shipping-taxable","17":"purchasable","18":"product-type-simple"},"acf":[],"_links":{"self":[{"href":"https:\/\/wydawnictwo.ug.edu.pl\/en\/wp-json\/wp\/v2\/product\/46346","targetHints":{"allow":["GET"]}}],"collection":[{"href":"https:\/\/wydawnictwo.ug.edu.pl\/en\/wp-json\/wp\/v2\/product"}],"about":[{"href":"https:\/\/wydawnictwo.ug.edu.pl\/en\/wp-json\/wp\/v2\/types\/product"}],"wp:featuredmedia":[{"embeddable":true,"href":"https:\/\/wydawnictwo.ug.edu.pl\/en\/wp-json\/wp\/v2\/media\/16792"}],"wp:attachment":[{"href":"https:\/\/wydawnictwo.ug.edu.pl\/en\/wp-json\/wp\/v2\/media?parent=46346"}],"wp:term":[{"taxonomy":"journal","embeddable":true,"href":"https:\/\/wydawnictwo.ug.edu.pl\/en\/wp-json\/wp\/v2\/journal?post=46346"},{"taxonomy":"rodzaj","embeddable":true,"href":"https:\/\/wydawnictwo.ug.edu.pl\/en\/wp-json\/wp\/v2\/rodzaj?post=46346"},{"taxonomy":"seria","embeddable":true,"href":"https:\/\/wydawnictwo.ug.edu.pl\/en\/wp-json\/wp\/v2\/seria?post=46346"},{"taxonomy":"product_brand","embeddable":true,"href":"https:\/\/wydawnictwo.ug.edu.pl\/en\/wp-json\/wp\/v2\/product_brand?post=46346"},{"taxonomy":"product_cat","embeddable":true,"href":"https:\/\/wydawnictwo.ug.edu.pl\/en\/wp-json\/wp\/v2\/product_cat?post=46346"},{"taxonomy":"product_tag","embeddable":true,"href":"https:\/\/wydawnictwo.ug.edu.pl\/en\/wp-json\/wp\/v2\/product_tag?post=46346"}],"curies":[{"name":"wp","href":"https:\/\/api.w.org\/{rel}","templated":true}]}}