{"id":46344,"date":"2021-11-16T13:37:06","date_gmt":"2021-11-16T13:37:06","guid":{"rendered":"https:\/\/wydawnictwo.ug.edu.pl\/ksiegarnia-online\/uncategorized\/prawo-a-ryzyko-depozytu-bankowego\/"},"modified":"2026-02-11T14:07:39","modified_gmt":"2026-02-11T14:07:39","slug":"prawo-a-ryzyko-depozytu-bankowego","status":"publish","type":"product","link":"https:\/\/wydawnictwo.ug.edu.pl\/en\/ksiegarnia-online\/prawo-i-administracja\/prawo-a-ryzyko-depozytu-bankowego\/","title":{"rendered":"Prawo a ryzyko depozytu bankowego"},"content":{"rendered":"","protected":false},"excerpt":{"rendered":"<p>Inspiracj\u0105 do podj\u0119cia bada\u0144 dotycz\u0105cych wp\u0142ywu rozwi\u0105za\u0144 normatywnych na ryzyko obci\u0105\u017caj\u0105ce \u015brodki pieni\u0119\u017cne na rachunku bankowym sta\u0142o si\u0119 jej spo\u0142eczne znaczenie oraz brak ca\u0142o\u015bciowych opracowa\u0144 naukowych z tego zakresu. W bogatym dorobku dogmatyki prawa w zakresie prawa bankowego pomini\u0119to jak dot\u0105d kwestie analizy rozwi\u0105za\u0144 prawnych z punktu widzenia ich wp\u0142ywu na ryzyko ponoszone przez deponenta \u2014 wierzyciela banku oraz bank \u2014 d\u0142u\u017cnika deponenta. Tymczasem kontrahenci bank\u00f3w to cz\u0119sto podmioty gromadz\u0105ce na rachunkach bankowych pieni\u0119\u017cne efekty pracy pokole\u0144, za\u015b bezpiecze\u0144stwo \u015brodk\u00f3w pieni\u0119\u017cnych powierzonych bankom jest podstaw\u0105 si\u0142y i bezpiecze\u0144stwa finansowego pa\u0144stwa. Problem wp\u0142ywu prawnych rozwi\u0105za\u0144 na ryzyko obci\u0105\u017caj\u0105ce depozyty bankowe ujawnia zatem istotny walor spo\u0142eczny i potrzeb\u0119 naukowej refleksji.<\/p>\n<p style=\"text-align: right;\"><em>Ze Wst\u0119pu<\/em><\/p>\n<p>&nbsp;<\/p>\n","protected":false},"featured_media":16787,"template":"","meta":{"_acf_changed":false},"journal":[],"rodzaj":[],"seria":[],"product_brand":[],"product_cat":[6932],"product_tag":[],"class_list":{"0":"post-46344","1":"product","2":"type-product","3":"status-publish","4":"has-post-thumbnail","6":"product_cat-prawo-i-administracja","7":"pa_rok-wydania-2021-en","9":"first","10":"outofstock","11":"taxable","12":"shipping-taxable","13":"purchasable","14":"product-type-simple"},"acf":[],"_links":{"self":[{"href":"https:\/\/wydawnictwo.ug.edu.pl\/en\/wp-json\/wp\/v2\/product\/46344","targetHints":{"allow":["GET"]}}],"collection":[{"href":"https:\/\/wydawnictwo.ug.edu.pl\/en\/wp-json\/wp\/v2\/product"}],"about":[{"href":"https:\/\/wydawnictwo.ug.edu.pl\/en\/wp-json\/wp\/v2\/types\/product"}],"wp:featuredmedia":[{"embeddable":true,"href":"https:\/\/wydawnictwo.ug.edu.pl\/en\/wp-json\/wp\/v2\/media\/16787"}],"wp:attachment":[{"href":"https:\/\/wydawnictwo.ug.edu.pl\/en\/wp-json\/wp\/v2\/media?parent=46344"}],"wp:term":[{"taxonomy":"journal","embeddable":true,"href":"https:\/\/wydawnictwo.ug.edu.pl\/en\/wp-json\/wp\/v2\/journal?post=46344"},{"taxonomy":"rodzaj","embeddable":true,"href":"https:\/\/wydawnictwo.ug.edu.pl\/en\/wp-json\/wp\/v2\/rodzaj?post=46344"},{"taxonomy":"seria","embeddable":true,"href":"https:\/\/wydawnictwo.ug.edu.pl\/en\/wp-json\/wp\/v2\/seria?post=46344"},{"taxonomy":"product_brand","embeddable":true,"href":"https:\/\/wydawnictwo.ug.edu.pl\/en\/wp-json\/wp\/v2\/product_brand?post=46344"},{"taxonomy":"product_cat","embeddable":true,"href":"https:\/\/wydawnictwo.ug.edu.pl\/en\/wp-json\/wp\/v2\/product_cat?post=46344"},{"taxonomy":"product_tag","embeddable":true,"href":"https:\/\/wydawnictwo.ug.edu.pl\/en\/wp-json\/wp\/v2\/product_tag?post=46344"}],"curies":[{"name":"wp","href":"https:\/\/api.w.org\/{rel}","templated":true}]}}