{"id":46343,"date":"2021-11-16T14:05:20","date_gmt":"2021-11-16T14:05:20","guid":{"rendered":"https:\/\/wydawnictwo.ug.edu.pl\/ksiegarnia-online\/uncategorized\/problemy-wczesnej-edukacji-2021-nr-1-52\/"},"modified":"2026-02-11T14:07:40","modified_gmt":"2026-02-11T14:07:40","slug":"problemy-wczesnej-edukacji-2021-nr-1-52","status":"publish","type":"product","link":"https:\/\/wydawnictwo.ug.edu.pl\/en\/ksiegarnia-online\/pedagogika-i-psychologia\/problemy-wczesnej-edukacji-2021-nr-1-52\/","title":{"rendered":"Problemy Wczesnej Edukacji 2021, nr 1 (52)"},"content":{"rendered":"","protected":false},"excerpt":{"rendered":"<p>\u201eProblemy Wczesnej Edukacji\u201d to czasopismo naukowe, kt\u00f3re publikuje oryginalne artyku\u0142y naukowe w j\u0119zykach polskim i angielskim, kt\u00f3rych tematyka wpisuje si\u0119 w nurt bada\u0144 nad dzieckiem i dzieci\u0144stwem oraz wczesn\u0105 edukacj\u0105. Znajduj\u0105ce si\u0119 w czasopi\u015bmie artyku\u0142y maj\u0105 zar\u00f3wno charakter teoretyczny, jak i empiryczny i wi\u0105\u017c\u0105 namys\u0142 nad wczesn\u0105 edukacj\u0105 z innymi subdyscyplinami pedagogiki, takimi, jak: pedagogika og\u00f3lna, dydaktyka, pedagogika spo\u0142eczna, pedeutologia, ale tak\u017ce z innymi dziedzinami wiedzy, czyli z filozofi\u0105 i socjologi\u0105 edukacji, antropologi\u0105 kulturow\u0105, psychologi\u0105 czy naukami prawnymi.<\/p>\n","protected":false},"featured_media":16789,"template":"","meta":{"_acf_changed":false},"journal":[7066],"rodzaj":[7077],"seria":[],"product_brand":[],"product_cat":[7007],"product_tag":[],"class_list":{"0":"post-46343","1":"product","2":"type-product","3":"status-publish","4":"has-post-thumbnail","6":"journal-problemy-wczesnej-edukacji","7":"rodzaj-czasopismo","8":"product_cat-pedagogika-i-psychologia","9":"pa_rok-wydania-2021-en","11":"first","12":"outofstock","13":"taxable","14":"shipping-taxable","15":"purchasable","16":"product-type-simple"},"acf":[],"_links":{"self":[{"href":"https:\/\/wydawnictwo.ug.edu.pl\/en\/wp-json\/wp\/v2\/product\/46343","targetHints":{"allow":["GET"]}}],"collection":[{"href":"https:\/\/wydawnictwo.ug.edu.pl\/en\/wp-json\/wp\/v2\/product"}],"about":[{"href":"https:\/\/wydawnictwo.ug.edu.pl\/en\/wp-json\/wp\/v2\/types\/product"}],"wp:featuredmedia":[{"embeddable":true,"href":"https:\/\/wydawnictwo.ug.edu.pl\/en\/wp-json\/wp\/v2\/media\/16789"}],"wp:attachment":[{"href":"https:\/\/wydawnictwo.ug.edu.pl\/en\/wp-json\/wp\/v2\/media?parent=46343"}],"wp:term":[{"taxonomy":"journal","embeddable":true,"href":"https:\/\/wydawnictwo.ug.edu.pl\/en\/wp-json\/wp\/v2\/journal?post=46343"},{"taxonomy":"rodzaj","embeddable":true,"href":"https:\/\/wydawnictwo.ug.edu.pl\/en\/wp-json\/wp\/v2\/rodzaj?post=46343"},{"taxonomy":"seria","embeddable":true,"href":"https:\/\/wydawnictwo.ug.edu.pl\/en\/wp-json\/wp\/v2\/seria?post=46343"},{"taxonomy":"product_brand","embeddable":true,"href":"https:\/\/wydawnictwo.ug.edu.pl\/en\/wp-json\/wp\/v2\/product_brand?post=46343"},{"taxonomy":"product_cat","embeddable":true,"href":"https:\/\/wydawnictwo.ug.edu.pl\/en\/wp-json\/wp\/v2\/product_cat?post=46343"},{"taxonomy":"product_tag","embeddable":true,"href":"https:\/\/wydawnictwo.ug.edu.pl\/en\/wp-json\/wp\/v2\/product_tag?post=46343"}],"curies":[{"name":"wp","href":"https:\/\/api.w.org\/{rel}","templated":true}]}}