{"id":46342,"date":"2021-11-17T10:25:43","date_gmt":"2021-11-17T10:25:43","guid":{"rendered":"https:\/\/wydawnictwo.ug.edu.pl\/ksiegarnia-online\/uncategorized\/studia-z-dziejow-sredniowiecza-tom-24\/"},"modified":"2026-02-11T14:07:44","modified_gmt":"2026-02-11T14:07:44","slug":"studia-z-dziejow-sredniowiecza-tom-24","status":"publish","type":"product","link":"https:\/\/wydawnictwo.ug.edu.pl\/en\/ksiegarnia-online\/historia\/studia-z-dziejow-sredniowiecza-tom-24\/","title":{"rendered":"Studia z Dziej\u00f3w \u015aredniowiecza. Tom 24"},"content":{"rendered":"","protected":false},"excerpt":{"rendered":"<p>Studia z Dziej\u00f3w \u015aredniowiecza to czasopismo wydawane przez Zak\u0142ad Historii \u015aredniowiecza Polski i Nauk Pomocniczych Historii Uniwersytetu Gda\u0144skiego.<\/p>\n<p>Czasopismo w <a href=\"https:\/\/czasopisma.bg.ug.edu.pl\/index.php\/stzdsr\/issue\/view\/463?fbclid=IwAR2oy2DU5p7amfDHG2iDo_jJWnK0VBLn8GsyhvNRv396Y9xTmhAjIE0rJwQ\">otwartym dost\u0119pie<\/a>.<\/p>\n","protected":false},"featured_media":16795,"template":"","meta":{"_acf_changed":false},"journal":[7071],"rodzaj":[7077],"seria":[],"product_brand":[],"product_cat":[6958],"product_tag":[],"class_list":{"0":"post-46342","1":"product","2":"type-product","3":"status-publish","4":"has-post-thumbnail","6":"journal-studia-z-dziejow-sredniowiecza","7":"rodzaj-czasopismo","8":"product_cat-historia","9":"pa_rok-wydania-2021-en","11":"first","12":"outofstock","13":"taxable","14":"shipping-taxable","15":"purchasable","16":"product-type-simple"},"acf":[],"_links":{"self":[{"href":"https:\/\/wydawnictwo.ug.edu.pl\/en\/wp-json\/wp\/v2\/product\/46342","targetHints":{"allow":["GET"]}}],"collection":[{"href":"https:\/\/wydawnictwo.ug.edu.pl\/en\/wp-json\/wp\/v2\/product"}],"about":[{"href":"https:\/\/wydawnictwo.ug.edu.pl\/en\/wp-json\/wp\/v2\/types\/product"}],"wp:featuredmedia":[{"embeddable":true,"href":"https:\/\/wydawnictwo.ug.edu.pl\/en\/wp-json\/wp\/v2\/media\/16795"}],"wp:attachment":[{"href":"https:\/\/wydawnictwo.ug.edu.pl\/en\/wp-json\/wp\/v2\/media?parent=46342"}],"wp:term":[{"taxonomy":"journal","embeddable":true,"href":"https:\/\/wydawnictwo.ug.edu.pl\/en\/wp-json\/wp\/v2\/journal?post=46342"},{"taxonomy":"rodzaj","embeddable":true,"href":"https:\/\/wydawnictwo.ug.edu.pl\/en\/wp-json\/wp\/v2\/rodzaj?post=46342"},{"taxonomy":"seria","embeddable":true,"href":"https:\/\/wydawnictwo.ug.edu.pl\/en\/wp-json\/wp\/v2\/seria?post=46342"},{"taxonomy":"product_brand","embeddable":true,"href":"https:\/\/wydawnictwo.ug.edu.pl\/en\/wp-json\/wp\/v2\/product_brand?post=46342"},{"taxonomy":"product_cat","embeddable":true,"href":"https:\/\/wydawnictwo.ug.edu.pl\/en\/wp-json\/wp\/v2\/product_cat?post=46342"},{"taxonomy":"product_tag","embeddable":true,"href":"https:\/\/wydawnictwo.ug.edu.pl\/en\/wp-json\/wp\/v2\/product_tag?post=46342"}],"curies":[{"name":"wp","href":"https:\/\/api.w.org\/{rel}","templated":true}]}}