{"id":46341,"date":"2021-11-18T09:49:38","date_gmt":"2021-11-18T09:49:38","guid":{"rendered":"https:\/\/wydawnictwo.ug.edu.pl\/ksiegarnia-online\/uncategorized\/niezwykla-podroz\/"},"modified":"2026-02-17T14:52:02","modified_gmt":"2026-02-17T14:52:02","slug":"niezwykla-podroz","status":"publish","type":"product","link":"https:\/\/wydawnictwo.ug.edu.pl\/en\/ksiegarnia-online\/historia\/niezwykla-podroz\/","title":{"rendered":"Niezwyk\u0142a podr\u00f3\u017c"},"content":{"rendered":"","protected":false},"excerpt":{"rendered":"<p>Podr\u00f3\u017cnik\u00f3w z r\u00f3\u017cnych epok historycznych \u0142\u0105czy\u0142y pewne uniwersalne oczekiwania i doznania. Dla ka\u017cdego z nich wa\u017cny by\u0142 wyb\u00f3r kierunku wyjazdu. Przy jego dokonywaniu brano pod uwag\u0119 ju\u017c znane i przetarte trasy, ustne przekazy, opowie\u015bci, jak r\u00f3wnie \u017c literatur\u0119 podr\u00f3\u017cnicz\u0105. Opr\u00f3cz tego w trakcie planowania wyprawy istotny okazywa\u0142 si\u0119 wymiar indywidualny \u2013 osobiste oczekiwania, wiedza na temat miejsca oraz mo\u017cliwo\u015bci, w tym tak \u017ce te finansowe. Nale\u017cy te \u017c podkre\u015bli\u0107 rol\u0119 wyobra\u017ce\u0144 o dalekiej i tajemniczej egzotyce. Rozbudza\u0142y one pragnienie o podr\u00f3\u017cy na skraj \u015bwiata. Dla wielu podr\u00f3\u017cuj\u0105cych, jak mo\u017cna przeczyta\u0107 w oddawanych czytelnikowi tekstach, nawet niezbyt odleg\u0142y cel stawa\u0142 si\u0119 poznawczo r\u00f3wnie niezwyk\u0142y, interesuj\u0105cy i zaskakuj\u0105cy jak odleg\u0142a egzotyczna wyprawa. Jeszcze inni rzeczywi\u015bcie wyprawiali si\u0119 niemal na kra\u0144ce \u015bwiata w poszukiwaniu niecodziennych do\u015bwiadcze\u0144.<\/p>\n<p>Analiza podr\u00f3\u017cy, zar\u00f3wno bliskiej, jak i dalekiej, stanowi pr\u00f3b\u0119 spojrzenia na tych, kt\u00f3rzy w\u0119drowali po ziemiach polskich i po odleg\u0142ych krajach. W zebranych artyku\u0142ach czytelnicy odnajd\u0105 rozwa\u017cania na temat odmienno\u015bci i r\u00f3\u017cnic regionalnych ziem polskich, zw\u0142aszcza w okresie zabor\u00f3w. Dzi\u0119ki pracy badawczej dokonanej przez autor\u00f3w poszczeg\u00f3lnych opracowa\u0144 b\u0119dzie mo\u017cna zobaczy\u0107 r\u00f3wnie\u017c szeroki \u015bwiat oczami Polak\u00f3w, kt\u00f3rych oczekiwania i wra\u017cenia \u015bwiadczy\u0142y niejednokrotnie o tym, jaki by\u0142 ich wyniesiony z rodzinnego kraju horyzont poznawczy.<\/p>\n<p><em>Fragment wst\u0119pu<\/em><\/p>\n<p>Ksi\u0105\u017cka ukaza\u0142a si\u0119 w serii wydawniczej Gda\u0144skie Teki Turystyczno-Krajoznawcze.<\/p>\n","protected":false},"featured_media":16422,"template":"","meta":{"_acf_changed":false},"journal":[],"rodzaj":[7077,7076],"seria":[7081],"product_brand":[],"product_cat":[6958],"product_tag":[],"class_list":{"0":"post-46341","1":"product","2":"type-product","3":"status-publish","4":"has-post-thumbnail","6":"rodzaj-czasopismo","7":"rodzaj-serie-wydawnicze","8":"seria-gdanskie-teki-turystyczno-krajoznawcze","9":"product_cat-historia","10":"pa_rok-wydania-2021-en","12":"first","13":"outofstock","14":"taxable","15":"shipping-taxable","16":"purchasable","17":"product-type-simple"},"acf":[],"_links":{"self":[{"href":"https:\/\/wydawnictwo.ug.edu.pl\/en\/wp-json\/wp\/v2\/product\/46341","targetHints":{"allow":["GET"]}}],"collection":[{"href":"https:\/\/wydawnictwo.ug.edu.pl\/en\/wp-json\/wp\/v2\/product"}],"about":[{"href":"https:\/\/wydawnictwo.ug.edu.pl\/en\/wp-json\/wp\/v2\/types\/product"}],"wp:featuredmedia":[{"embeddable":true,"href":"https:\/\/wydawnictwo.ug.edu.pl\/en\/wp-json\/wp\/v2\/media\/16422"}],"wp:attachment":[{"href":"https:\/\/wydawnictwo.ug.edu.pl\/en\/wp-json\/wp\/v2\/media?parent=46341"}],"wp:term":[{"taxonomy":"journal","embeddable":true,"href":"https:\/\/wydawnictwo.ug.edu.pl\/en\/wp-json\/wp\/v2\/journal?post=46341"},{"taxonomy":"rodzaj","embeddable":true,"href":"https:\/\/wydawnictwo.ug.edu.pl\/en\/wp-json\/wp\/v2\/rodzaj?post=46341"},{"taxonomy":"seria","embeddable":true,"href":"https:\/\/wydawnictwo.ug.edu.pl\/en\/wp-json\/wp\/v2\/seria?post=46341"},{"taxonomy":"product_brand","embeddable":true,"href":"https:\/\/wydawnictwo.ug.edu.pl\/en\/wp-json\/wp\/v2\/product_brand?post=46341"},{"taxonomy":"product_cat","embeddable":true,"href":"https:\/\/wydawnictwo.ug.edu.pl\/en\/wp-json\/wp\/v2\/product_cat?post=46341"},{"taxonomy":"product_tag","embeddable":true,"href":"https:\/\/wydawnictwo.ug.edu.pl\/en\/wp-json\/wp\/v2\/product_tag?post=46341"}],"curies":[{"name":"wp","href":"https:\/\/api.w.org\/{rel}","templated":true}]}}