{"id":46340,"date":"2021-11-18T14:17:33","date_gmt":"2021-11-18T14:17:33","guid":{"rendered":"https:\/\/wydawnictwo.ug.edu.pl\/ksiegarnia-online\/uncategorized\/dylematy-wyceny-nieruchomosci-komercyjnych-w-polsce\/"},"modified":"2026-02-11T14:07:47","modified_gmt":"2026-02-11T14:07:47","slug":"dylematy-wyceny-nieruchomosci-komercyjnych-w-polsce","status":"publish","type":"product","link":"https:\/\/wydawnictwo.ug.edu.pl\/en\/ksiegarnia-online\/zarzadzanie\/dylematy-wyceny-nieruchomosci-komercyjnych-w-polsce\/","title":{"rendered":"Dylematy wyceny nieruchomo\u015bci komercyjnych w Polsce"},"content":{"rendered":"","protected":false},"excerpt":{"rendered":"<p>G\u0142\u00f3wnym celem naukowym pracy jest implementacja wybranych regu\u0142 wyceny przedsi\u0119biorstw, zw\u0142aszcza w zakresie wyznaczania st\u00f3p dyskontowych, do procesu wyceny nieruchomo\u015bci komercyjnych. Zamierzeniem autora jest uzupe\u0142nienie teorii warto\u015bci przez opracowanie formu\u0142 umo\u017cliwiaj\u0105cych zastosowanie w obszarze wyceny nieruchomo\u015bci rozwi\u0105za\u0144 sprawdzonych i ugruntowanych w obszarze wyceny przedsi\u0119biorstw.<\/p>\n","protected":false},"featured_media":16803,"template":"","meta":{"_acf_changed":false},"journal":[],"rodzaj":[],"seria":[],"product_brand":[],"product_cat":[6942],"product_tag":[7821],"class_list":{"0":"post-46340","1":"product","2":"type-product","3":"status-publish","4":"has-post-thumbnail","6":"product_cat-zarzadzanie","7":"product_tag-dariusz-trojanowski","8":"pa_rok-wydania-2021-en","10":"first","11":"outofstock","12":"taxable","13":"shipping-taxable","14":"purchasable","15":"product-type-simple"},"acf":[],"_links":{"self":[{"href":"https:\/\/wydawnictwo.ug.edu.pl\/en\/wp-json\/wp\/v2\/product\/46340","targetHints":{"allow":["GET"]}}],"collection":[{"href":"https:\/\/wydawnictwo.ug.edu.pl\/en\/wp-json\/wp\/v2\/product"}],"about":[{"href":"https:\/\/wydawnictwo.ug.edu.pl\/en\/wp-json\/wp\/v2\/types\/product"}],"wp:featuredmedia":[{"embeddable":true,"href":"https:\/\/wydawnictwo.ug.edu.pl\/en\/wp-json\/wp\/v2\/media\/16803"}],"wp:attachment":[{"href":"https:\/\/wydawnictwo.ug.edu.pl\/en\/wp-json\/wp\/v2\/media?parent=46340"}],"wp:term":[{"taxonomy":"journal","embeddable":true,"href":"https:\/\/wydawnictwo.ug.edu.pl\/en\/wp-json\/wp\/v2\/journal?post=46340"},{"taxonomy":"rodzaj","embeddable":true,"href":"https:\/\/wydawnictwo.ug.edu.pl\/en\/wp-json\/wp\/v2\/rodzaj?post=46340"},{"taxonomy":"seria","embeddable":true,"href":"https:\/\/wydawnictwo.ug.edu.pl\/en\/wp-json\/wp\/v2\/seria?post=46340"},{"taxonomy":"product_brand","embeddable":true,"href":"https:\/\/wydawnictwo.ug.edu.pl\/en\/wp-json\/wp\/v2\/product_brand?post=46340"},{"taxonomy":"product_cat","embeddable":true,"href":"https:\/\/wydawnictwo.ug.edu.pl\/en\/wp-json\/wp\/v2\/product_cat?post=46340"},{"taxonomy":"product_tag","embeddable":true,"href":"https:\/\/wydawnictwo.ug.edu.pl\/en\/wp-json\/wp\/v2\/product_tag?post=46340"}],"curies":[{"name":"wp","href":"https:\/\/api.w.org\/{rel}","templated":true}]}}