{"id":46338,"date":"2021-11-24T08:36:51","date_gmt":"2021-11-24T08:36:51","guid":{"rendered":"https:\/\/wydawnictwo.ug.edu.pl\/ksiegarnia-online\/uncategorized\/finansowanie-dzialalnosci-innowacyjnej-przedsiebiorstw-w-polsce\/"},"modified":"2026-02-11T14:07:46","modified_gmt":"2026-02-11T14:07:46","slug":"finansowanie-dzialalnosci-innowacyjnej-przedsiebiorstw-w-polsce","status":"publish","type":"product","link":"https:\/\/wydawnictwo.ug.edu.pl\/en\/ksiegarnia-online\/zarzadzanie\/finansowanie-dzialalnosci-innowacyjnej-przedsiebiorstw-w-polsce\/","title":{"rendered":"Finansowanie dzia\u0142alno\u015bci innowacyjnej przedsi\u0119biorstw w Polsce"},"content":{"rendered":"","protected":false},"excerpt":{"rendered":"<p>Pomimo trudno\u015bci zwi\u0105zanych ze zgromadzeniem funduszy na inwestycje w innowacje oraz z innymi barierami zniech\u0119caj\u0105cymi do ich realizacji liczba przedsi\u0119biorstw wprowadzaj\u0105cych innowacyjne rozwi\u0105zania w Polsce systematycznie ro\u015bnie. \u015awiadczy o tym blisko 10-krotny wzrost liczby przedsi\u0119biorstw prowadz\u0105cych dzia\u0142alno\u015b\u0107 badawczo-rozwojow\u0105 (B+R) w Polsce, jaki mia\u0142 miejsce w latach 1999\u20132018. Zmianie ulega r\u00f3wnie\u017c struktura i wielko\u015b\u0107 nak\u0142ad\u00f3w na innowacje tych podmiot\u00f3w. Pomimo to poziom innowacyjno\u015bci polskich przedsi\u0119biorstw jest wci\u0105\u017c niski w por\u00f3wnaniu z poziomem innowacyjno\u015bci firm z kraj\u00f3w wysoko rozwini\u0119tych, lecz pocz\u0105wszy od 2016 r. wyra\u017anie widoczne s\u0105 w tym zakresie tendencje wzrostowe. Zmiany te syntetycznie odzwierciedla Wska\u017anik Dojrza\u0142o\u015bci Innowacyjnej (WDI), kt\u00f3ry w 2018 r. osi\u0105gn\u0105\u0142 warto\u015b\u0107 15,41 pkt na 100 pkt. W 2019 r. warto\u015b\u0107 tego wska\u017anika by\u0142a znacznie wy\u017csza i ukszta\u0142towa\u0142a si\u0119 na poziomie wynosz\u0105cym 21,92 pkt, co oznacza wzrost o 6,51 pkt w stosunku do 2018 r. Opisywane tendencje odzwierciedlaj\u0105 sta\u0142\u0105 popraw\u0119 si\u0142y ekonomicznej polskich przedsi\u0119biorstw i ci\u0105g\u0142y wzrost poziomu ich innowacyjno\u015bci. Obserwowany wzrost znaczenia gospodarczego przedsi\u0119biorstw innowacyjnych, rozumianych jako motory rozwoju kraju, rodzi potrzeb\u0119 bada\u0144 o charakterze teoriopoznawczym oraz empirycznym w zakresie rozpoznania uwarunkowa\u0144 finansowych rozwoju innowacyjno\u015bci polskich przedsi\u0119biorstw. G\u0142\u00f3wnym celem autorki niniejszej monografii jest identyfikacja \u017ar\u00f3de\u0142 i struktury finansowania dzia\u0142alno\u015bci innowacyjnej przedsi\u0119biorstw w Polsce.<\/p>\n<p style=\"text-align: right;\"><em>Fragment Wst\u0119pu<\/em><\/p>\n","protected":false},"featured_media":16819,"template":"","meta":{"_acf_changed":false},"journal":[],"rodzaj":[],"seria":[],"product_brand":[],"product_cat":[6942],"product_tag":[],"class_list":{"0":"post-46338","1":"product","2":"type-product","3":"status-publish","4":"has-post-thumbnail","6":"product_cat-zarzadzanie","7":"pa_rok-wydania-2021-en","9":"first","10":"outofstock","11":"taxable","12":"shipping-taxable","13":"purchasable","14":"product-type-simple"},"acf":[],"_links":{"self":[{"href":"https:\/\/wydawnictwo.ug.edu.pl\/en\/wp-json\/wp\/v2\/product\/46338","targetHints":{"allow":["GET"]}}],"collection":[{"href":"https:\/\/wydawnictwo.ug.edu.pl\/en\/wp-json\/wp\/v2\/product"}],"about":[{"href":"https:\/\/wydawnictwo.ug.edu.pl\/en\/wp-json\/wp\/v2\/types\/product"}],"wp:featuredmedia":[{"embeddable":true,"href":"https:\/\/wydawnictwo.ug.edu.pl\/en\/wp-json\/wp\/v2\/media\/16819"}],"wp:attachment":[{"href":"https:\/\/wydawnictwo.ug.edu.pl\/en\/wp-json\/wp\/v2\/media?parent=46338"}],"wp:term":[{"taxonomy":"journal","embeddable":true,"href":"https:\/\/wydawnictwo.ug.edu.pl\/en\/wp-json\/wp\/v2\/journal?post=46338"},{"taxonomy":"rodzaj","embeddable":true,"href":"https:\/\/wydawnictwo.ug.edu.pl\/en\/wp-json\/wp\/v2\/rodzaj?post=46338"},{"taxonomy":"seria","embeddable":true,"href":"https:\/\/wydawnictwo.ug.edu.pl\/en\/wp-json\/wp\/v2\/seria?post=46338"},{"taxonomy":"product_brand","embeddable":true,"href":"https:\/\/wydawnictwo.ug.edu.pl\/en\/wp-json\/wp\/v2\/product_brand?post=46338"},{"taxonomy":"product_cat","embeddable":true,"href":"https:\/\/wydawnictwo.ug.edu.pl\/en\/wp-json\/wp\/v2\/product_cat?post=46338"},{"taxonomy":"product_tag","embeddable":true,"href":"https:\/\/wydawnictwo.ug.edu.pl\/en\/wp-json\/wp\/v2\/product_tag?post=46338"}],"curies":[{"name":"wp","href":"https:\/\/api.w.org\/{rel}","templated":true}]}}