{"id":46333,"date":"2021-11-30T00:00:00","date_gmt":"2021-11-30T00:00:00","guid":{"rendered":"https:\/\/wydawnictwo.ug.edu.pl\/ksiegarnia-online\/uncategorized\/algebra-liniowa\/"},"modified":"2026-02-19T06:55:32","modified_gmt":"2026-02-19T06:55:32","slug":"algebra-liniowa","status":"publish","type":"product","link":"https:\/\/wydawnictwo.ug.edu.pl\/en\/ksiegarnia-online\/matematyka-i-informatyka\/algebra-liniowa\/","title":{"rendered":"Algebra liniowa"},"content":{"rendered":"","protected":false},"excerpt":{"rendered":"<p style=\"text-align: justify;\">Jest to najnowsza wersja podstawy wyk\u0142ad\u00f3w i \u0107wicze\u0144 dla student\u00f3w informatyki, prowadzonych przez autora na Uniwersytecie Gda\u0144skim, Politechnice Gda\u0144skiej i w Pa\u0144stwowej Wy\u017cszej Szkole Zawodowej w Elbl\u0105gu.<\/p>\n<p style=\"text-align: justify;\">Tre\u015b\u0107 obejmuje: podstawowe struktury algebraiczne, liczby zespolone, wielomiany, macierze, uk\u0142ady r\u00f3wna\u0144 liniowych, wyznaczniki, przestrze\u0144 wektorow\u0105, przekszta\u0142cenia liniowe, iloczyn skalarny i ortogonalno\u015b\u0107 wektor\u00f3w, warto\u015bci w\u0142asne, formy kwadratowe i elementy geometrii analitycznej.<\/p>\n<p style=\"text-align: justify;\">Teori\u0119 przedstawiono w spos\u00f3b czytelny i \u015bcis\u0142y, udowadniaj\u0105c prawie wszystkie twierdzenia. Wa\u017cniejsze poj\u0119cia, twierdzenia i metody algebry liniowej zilustrowane s\u0105 w ponad 300 rozwi\u0105zanych przyk\u0142adach. Do zrozumienia materia\u0142u wystarcz\u0105 standardowe wiadomo\u015bci i umiej\u0119tno\u015bci matematyczne na poziomie szko\u0142y \u015bredniej.<\/p>\n","protected":false},"featured_media":16378,"template":"","meta":{"_acf_changed":false},"journal":[],"rodzaj":[7330],"seria":[],"product_brand":[],"product_cat":[7309],"product_tag":[],"class_list":{"0":"post-46333","1":"product","2":"type-product","3":"status-publish","4":"has-post-thumbnail","6":"rodzaj-schoolbook","7":"product_cat-matematyka-i-informatyka","9":"first","10":"instock","11":"taxable","12":"shipping-taxable","13":"purchasable","14":"product-type-simple"},"acf":[],"_links":{"self":[{"href":"https:\/\/wydawnictwo.ug.edu.pl\/en\/wp-json\/wp\/v2\/product\/46333","targetHints":{"allow":["GET"]}}],"collection":[{"href":"https:\/\/wydawnictwo.ug.edu.pl\/en\/wp-json\/wp\/v2\/product"}],"about":[{"href":"https:\/\/wydawnictwo.ug.edu.pl\/en\/wp-json\/wp\/v2\/types\/product"}],"wp:featuredmedia":[{"embeddable":true,"href":"https:\/\/wydawnictwo.ug.edu.pl\/en\/wp-json\/wp\/v2\/media\/16378"}],"wp:attachment":[{"href":"https:\/\/wydawnictwo.ug.edu.pl\/en\/wp-json\/wp\/v2\/media?parent=46333"}],"wp:term":[{"taxonomy":"journal","embeddable":true,"href":"https:\/\/wydawnictwo.ug.edu.pl\/en\/wp-json\/wp\/v2\/journal?post=46333"},{"taxonomy":"rodzaj","embeddable":true,"href":"https:\/\/wydawnictwo.ug.edu.pl\/en\/wp-json\/wp\/v2\/rodzaj?post=46333"},{"taxonomy":"seria","embeddable":true,"href":"https:\/\/wydawnictwo.ug.edu.pl\/en\/wp-json\/wp\/v2\/seria?post=46333"},{"taxonomy":"product_brand","embeddable":true,"href":"https:\/\/wydawnictwo.ug.edu.pl\/en\/wp-json\/wp\/v2\/product_brand?post=46333"},{"taxonomy":"product_cat","embeddable":true,"href":"https:\/\/wydawnictwo.ug.edu.pl\/en\/wp-json\/wp\/v2\/product_cat?post=46333"},{"taxonomy":"product_tag","embeddable":true,"href":"https:\/\/wydawnictwo.ug.edu.pl\/en\/wp-json\/wp\/v2\/product_tag?post=46333"}],"curies":[{"name":"wp","href":"https:\/\/api.w.org\/{rel}","templated":true}]}}