{"id":46332,"date":"2021-11-30T00:00:00","date_gmt":"2021-11-30T00:00:00","guid":{"rendered":"https:\/\/wydawnictwo.ug.edu.pl\/ksiegarnia-online\/uncategorized\/polonistyka-konca-swiata-edukacja-literacka-wobec-wyzwan-wspolczesnosci\/"},"modified":"2026-02-11T14:07:53","modified_gmt":"2026-02-11T14:07:53","slug":"polonistyka-konca-swiata-edukacja-literacka-wobec-wyzwan-wspolczesnosci","status":"publish","type":"product","link":"https:\/\/wydawnictwo.ug.edu.pl\/en\/ksiegarnia-online\/literaturoznawstwo\/polonistyka-konca-swiata-edukacja-literacka-wobec-wyzwan-wspolczesnosci\/","title":{"rendered":"Polonistyka ko\u0144ca \u015bwiata. Edukacja literacka wobec wyzwa\u0144 wsp\u00f3\u0142czesno\u015bci"},"content":{"rendered":"","protected":false},"excerpt":{"rendered":"<p>\u201e\u015awiat umiera, a my nawet tego nie zauwa\u017camy\u201d \u2013 pisa\u0142a niedawno Olga Tokarczuk. Mimo to uprawiamy dydaktyk\u0119 polonistyczn\u0105 (i nie tylko), tak jakby nie obchodzi\u0142 nas zbli\u017caj\u0105cy si\u0119 koniec i prowadz\u0105ce do niego kryzysy. Coraz bardziej powi\u0119ksza si\u0119 rozziew mi\u0119dzy otaczaj\u0105c\u0105 nas rzeczywisto\u015bci\u0105 a tym, czego i jak nauczamy, przyczyniaj\u0105c si\u0119 do wzrostu frustracji m\u0142odych ludzi, pot\u0119gowanej nieprzewidywalnymi skutkami pandemii. Ksi\u0105\u017cka niniejsza stanowi pr\u00f3b\u0119 diagnozy tej sytuacji oraz oferuje propozycje zmian w edukacji literackiej, aby pomaga\u0142a ona przetrwa\u0107 we wsp\u00f3\u0142czesnym \u015bwiecie oraz odpowiedzialnie go zmienia\u0107.<\/p>\n","protected":false},"featured_media":17454,"template":"","meta":{"_acf_changed":false},"journal":[],"rodzaj":[7074],"seria":[],"product_brand":[],"product_cat":[6925],"product_tag":[7818],"class_list":{"0":"post-46332","1":"product","2":"type-product","3":"status-publish","4":"has-post-thumbnail","6":"rodzaj-ksiazki","7":"product_cat-literaturoznawstwo","8":"product_tag-maciej-michalskimaciej-michalski","9":"pa_rok-wydania-2022-en","11":"first","12":"instock","13":"taxable","14":"shipping-taxable","15":"purchasable","16":"product-type-simple"},"acf":[],"_links":{"self":[{"href":"https:\/\/wydawnictwo.ug.edu.pl\/en\/wp-json\/wp\/v2\/product\/46332","targetHints":{"allow":["GET"]}}],"collection":[{"href":"https:\/\/wydawnictwo.ug.edu.pl\/en\/wp-json\/wp\/v2\/product"}],"about":[{"href":"https:\/\/wydawnictwo.ug.edu.pl\/en\/wp-json\/wp\/v2\/types\/product"}],"wp:featuredmedia":[{"embeddable":true,"href":"https:\/\/wydawnictwo.ug.edu.pl\/en\/wp-json\/wp\/v2\/media\/17454"}],"wp:attachment":[{"href":"https:\/\/wydawnictwo.ug.edu.pl\/en\/wp-json\/wp\/v2\/media?parent=46332"}],"wp:term":[{"taxonomy":"journal","embeddable":true,"href":"https:\/\/wydawnictwo.ug.edu.pl\/en\/wp-json\/wp\/v2\/journal?post=46332"},{"taxonomy":"rodzaj","embeddable":true,"href":"https:\/\/wydawnictwo.ug.edu.pl\/en\/wp-json\/wp\/v2\/rodzaj?post=46332"},{"taxonomy":"seria","embeddable":true,"href":"https:\/\/wydawnictwo.ug.edu.pl\/en\/wp-json\/wp\/v2\/seria?post=46332"},{"taxonomy":"product_brand","embeddable":true,"href":"https:\/\/wydawnictwo.ug.edu.pl\/en\/wp-json\/wp\/v2\/product_brand?post=46332"},{"taxonomy":"product_cat","embeddable":true,"href":"https:\/\/wydawnictwo.ug.edu.pl\/en\/wp-json\/wp\/v2\/product_cat?post=46332"},{"taxonomy":"product_tag","embeddable":true,"href":"https:\/\/wydawnictwo.ug.edu.pl\/en\/wp-json\/wp\/v2\/product_tag?post=46332"}],"curies":[{"name":"wp","href":"https:\/\/api.w.org\/{rel}","templated":true}]}}