{"id":46330,"date":"2021-11-30T08:20:46","date_gmt":"2021-11-30T08:20:46","guid":{"rendered":"https:\/\/wydawnictwo.ug.edu.pl\/ksiegarnia-online\/uncategorized\/progress-journal-of-young-researchers-9-10-2021\/"},"modified":"2026-02-11T14:07:55","modified_gmt":"2026-02-11T14:07:55","slug":"progress-journal-of-young-researchers-9-10-2021","status":"publish","type":"product","link":"https:\/\/wydawnictwo.ug.edu.pl\/en\/ksiegarnia-online\/prawo-i-administracja\/progress-journal-of-young-researchers-9-10-2021\/","title":{"rendered":"Progress 9-10\/2021"},"content":{"rendered":"","protected":false},"excerpt":{"rendered":"<p>Czasopismo Progress jest p\u00f3\u0142rocznikiem, w kt\u00f3rym publikowane s\u0105 artyku\u0142y naukowe, recenzje, wywiady, sprawozdania z konferencji tworzone zar\u00f3wno przez m\u0142odych naukowc\u00f3w jak i autorytety z r\u00f3\u017cnych dyscyplin.<\/p>\n","protected":false},"featured_media":16817,"template":"","meta":{"_acf_changed":false},"journal":[7067],"rodzaj":[7077],"seria":[],"product_brand":[],"product_cat":[6958,6932,7007],"product_tag":[],"class_list":{"0":"post-46330","1":"product","2":"type-product","3":"status-publish","4":"has-post-thumbnail","6":"journal-progress","7":"rodzaj-czasopismo","8":"product_cat-historia","9":"product_cat-prawo-i-administracja","10":"product_cat-pedagogika-i-psychologia","12":"first","13":"instock","14":"taxable","15":"shipping-taxable","16":"purchasable","17":"product-type-external"},"acf":[],"_links":{"self":[{"href":"https:\/\/wydawnictwo.ug.edu.pl\/en\/wp-json\/wp\/v2\/product\/46330","targetHints":{"allow":["GET"]}}],"collection":[{"href":"https:\/\/wydawnictwo.ug.edu.pl\/en\/wp-json\/wp\/v2\/product"}],"about":[{"href":"https:\/\/wydawnictwo.ug.edu.pl\/en\/wp-json\/wp\/v2\/types\/product"}],"wp:featuredmedia":[{"embeddable":true,"href":"https:\/\/wydawnictwo.ug.edu.pl\/en\/wp-json\/wp\/v2\/media\/16817"}],"wp:attachment":[{"href":"https:\/\/wydawnictwo.ug.edu.pl\/en\/wp-json\/wp\/v2\/media?parent=46330"}],"wp:term":[{"taxonomy":"journal","embeddable":true,"href":"https:\/\/wydawnictwo.ug.edu.pl\/en\/wp-json\/wp\/v2\/journal?post=46330"},{"taxonomy":"rodzaj","embeddable":true,"href":"https:\/\/wydawnictwo.ug.edu.pl\/en\/wp-json\/wp\/v2\/rodzaj?post=46330"},{"taxonomy":"seria","embeddable":true,"href":"https:\/\/wydawnictwo.ug.edu.pl\/en\/wp-json\/wp\/v2\/seria?post=46330"},{"taxonomy":"product_brand","embeddable":true,"href":"https:\/\/wydawnictwo.ug.edu.pl\/en\/wp-json\/wp\/v2\/product_brand?post=46330"},{"taxonomy":"product_cat","embeddable":true,"href":"https:\/\/wydawnictwo.ug.edu.pl\/en\/wp-json\/wp\/v2\/product_cat?post=46330"},{"taxonomy":"product_tag","embeddable":true,"href":"https:\/\/wydawnictwo.ug.edu.pl\/en\/wp-json\/wp\/v2\/product_tag?post=46330"}],"curies":[{"name":"wp","href":"https:\/\/api.w.org\/{rel}","templated":true}]}}