{"id":46328,"date":"2021-12-02T13:00:55","date_gmt":"2021-12-02T13:00:55","guid":{"rendered":"https:\/\/wydawnictwo.ug.edu.pl\/ksiegarnia-online\/uncategorized\/przeglad-badan-na-wydziale-matematyki-fizyki-i-informatyki-uniwersytetu-gdanskiego-2021\/"},"modified":"2026-02-11T14:08:03","modified_gmt":"2026-02-11T14:08:03","slug":"przeglad-badan-na-wydziale-matematyki-fizyki-i-informatyki-uniwersytetu-gdanskiego-2021","status":"publish","type":"product","link":"https:\/\/wydawnictwo.ug.edu.pl\/en\/ksiegarnia-online\/chemia-i-fizyka\/przeglad-badan-na-wydziale-matematyki-fizyki-i-informatyki-uniwersytetu-gdanskiego-2021\/","title":{"rendered":"Przegl\u0105d bada\u0144 na Wydziale Matematyki, Fizyki i Informatyki Uniwersytetu Gda\u0144skiego 2021"},"content":{"rendered":"","protected":false},"excerpt":{"rendered":"<p>Celem publikacji jest prezentacja bada\u0144 naukowych prowadzonych obecnie na Wydziale Matematyki, Fizyki i Informatyki Uniwersytetu Gda\u0144skiego. Reprezentowane s\u0105 tu wszystkie dyscypliny naukowe wyst\u0119puj\u0105ce w nazwie Wydzia\u0142u. Znalaz\u0142y si\u0119 tu zar\u00f3wno artyku\u0142y naukowe napisane przez pracownik\u00f3w Wydzia\u0142u, jak i wyr\u00f3\u017cniaj\u0105ca si\u0119 praca magisterska o oryginalnych walorach badawczych. Ksi\u0105\u017cka zawiera prace \u015bci\u015ble teoretyczne, przegl\u0105dowe, prezentuj\u0105ce wybrane zagadnienia w spos\u00f3b przekrojowy, jak r\u00f3wnie\u017c takie, w kt\u00f3rych autorzy przedstawiaj\u0105 wyniki powi\u0105zane z badaniami do\u015bwiadczalnymi lub klinicznymi. To oczywi\u015bcie tylko wyb\u00f3r z bogactwa tematyki bada\u0144 prowadzonych na Wydziale, takich jak m.in. teoria j\u0119zyk\u00f3w formalnych, teoria mnogo\u015bci, zastosowania statystyki matematycznej w badaniach ekonomicznych, teoria w\u0119z\u0142\u00f3w, fizyka atomowa oraz fizyka medyczna.<\/p>\n","protected":false},"featured_media":17061,"template":"","meta":{"_acf_changed":false},"journal":[],"rodzaj":[7074],"seria":[],"product_brand":[],"product_cat":[7308,7309],"product_tag":[],"class_list":{"0":"post-46328","1":"product","2":"type-product","3":"status-publish","4":"has-post-thumbnail","6":"rodzaj-ksiazki","7":"product_cat-chemia-i-fizyka","8":"product_cat-matematyka-i-informatyka","10":"first","11":"outofstock","12":"taxable","13":"shipping-taxable","14":"purchasable","15":"product-type-simple"},"acf":[],"_links":{"self":[{"href":"https:\/\/wydawnictwo.ug.edu.pl\/en\/wp-json\/wp\/v2\/product\/46328","targetHints":{"allow":["GET"]}}],"collection":[{"href":"https:\/\/wydawnictwo.ug.edu.pl\/en\/wp-json\/wp\/v2\/product"}],"about":[{"href":"https:\/\/wydawnictwo.ug.edu.pl\/en\/wp-json\/wp\/v2\/types\/product"}],"wp:featuredmedia":[{"embeddable":true,"href":"https:\/\/wydawnictwo.ug.edu.pl\/en\/wp-json\/wp\/v2\/media\/17061"}],"wp:attachment":[{"href":"https:\/\/wydawnictwo.ug.edu.pl\/en\/wp-json\/wp\/v2\/media?parent=46328"}],"wp:term":[{"taxonomy":"journal","embeddable":true,"href":"https:\/\/wydawnictwo.ug.edu.pl\/en\/wp-json\/wp\/v2\/journal?post=46328"},{"taxonomy":"rodzaj","embeddable":true,"href":"https:\/\/wydawnictwo.ug.edu.pl\/en\/wp-json\/wp\/v2\/rodzaj?post=46328"},{"taxonomy":"seria","embeddable":true,"href":"https:\/\/wydawnictwo.ug.edu.pl\/en\/wp-json\/wp\/v2\/seria?post=46328"},{"taxonomy":"product_brand","embeddable":true,"href":"https:\/\/wydawnictwo.ug.edu.pl\/en\/wp-json\/wp\/v2\/product_brand?post=46328"},{"taxonomy":"product_cat","embeddable":true,"href":"https:\/\/wydawnictwo.ug.edu.pl\/en\/wp-json\/wp\/v2\/product_cat?post=46328"},{"taxonomy":"product_tag","embeddable":true,"href":"https:\/\/wydawnictwo.ug.edu.pl\/en\/wp-json\/wp\/v2\/product_tag?post=46328"}],"curies":[{"name":"wp","href":"https:\/\/api.w.org\/{rel}","templated":true}]}}