{"id":46326,"date":"2021-12-06T08:10:18","date_gmt":"2021-12-06T08:10:18","guid":{"rendered":"https:\/\/wydawnictwo.ug.edu.pl\/ksiegarnia-online\/uncategorized\/terytorium-podrzutka-bronislaw-kaminski-bruno-durocher-proba-monografii\/"},"modified":"2026-02-11T14:08:04","modified_gmt":"2026-02-11T14:08:04","slug":"terytorium-podrzutka-bronislaw-kaminski-bruno-durocher-proba-monografii","status":"publish","type":"product","link":"https:\/\/wydawnictwo.ug.edu.pl\/en\/ksiegarnia-online\/literaturoznawstwo\/terytorium-podrzutka-bronislaw-kaminski-bruno-durocher-proba-monografii\/","title":{"rendered":"Terytorium podrzutka. Bronis\u0142aw Kami\u0144ski\/Bruno Durocher. Pr\u00f3ba monografii"},"content":{"rendered":"","protected":false},"excerpt":{"rendered":"<p>Gdy wiosn\u0105 1945 roku wojska ameryka\u0144skie wkroczy\u0142y do Mauthausen-Gusen, w\u015br\u00f3d wyzwolonych wi\u0119\u017ani\u00f3w by\u0142 dwudziestosze\u015bcioletni krakowski poeta Bronis\u0142aw Kami\u0144ski. Prze\u017cy\u0142 w obozie sze\u015b\u0107 lat, unikaj\u0105c \u015bmierci jedynie dzi\u0119ki fa\u0142szywemu nazwisku, pod kt\u00f3rym go zatrzymano, a do\u015bwiadczenie to \u2013 chronologicznie nie pierwsze i nie ostatnie tego typu p\u0119kni\u0119cie w \u017cyciorysie autora \u2013 wyznaczy\u0142o lini\u0119 napi\u0119cia mi\u0119dzy pozycj\u0105 ofiary, przetrwa\u0144ca, \u015bwiadka i poety. Po wojnie pisarz wyjecha\u0142 do Francji i publikowa\u0142 wy\u0142\u0105cznie po francusku, jako francuski poeta i wydawca Bruno Durocher. Niniejsza ksi\u0105\u017cka jest pierwszym monograficznym opracowaniem jego tw\u00f3rczo\u015bci: trudnego do rozczytania palimpsestu, \u015bwiadectwa o Zag\u0142adzie, opowie\u015bci o to\u017csamo\u015bciowych labiryntach i balansowaniu na styku literatury i egzystencji. Wyra\u017anie rozrysowana \u2013 mi\u0119dzy \u015bwiadectwem, autobiografi\u0105, autofikcj\u0105, poetyk\u0105 przestrzeni i \u201eteopoetyk\u0105\u201d \u2013 rama teoretyczna niniejszych rozwa\u017ca\u0144 s\u0142u\u017cy tu rozczytywaniu tekst\u00f3w i pod\u0105\u017caniu \u2013 w trybie \u201elektury bliskiej\u201d \u2013 za autorem i jego dzie\u0142em, za fantomowym g\u0142osem osta\u0144ca staj\u0105cego si\u0119 \u015bwiadkiem, Bronis\u0142awa Kami\u0144skiego staj\u0105cego si\u0119 Bruno Durocherem, poety staj\u0105cego si\u0119 wiecznym Don Kichotem.<\/p>\n","protected":false},"featured_media":17115,"template":"","meta":{"_acf_changed":false},"journal":[],"rodzaj":[7074],"seria":[],"product_brand":[],"product_cat":[6925],"product_tag":[7510],"class_list":{"0":"post-46326","1":"product","2":"type-product","3":"status-publish","4":"has-post-thumbnail","6":"rodzaj-ksiazki","7":"product_cat-literaturoznawstwo","8":"product_tag-jadwiga-bodzinska-bobkowskajadwiga-bodzinska-bobkowska","9":"pa_rok-wydania-2021-en","11":"first","12":"instock","13":"taxable","14":"shipping-taxable","15":"purchasable","16":"product-type-simple"},"acf":[],"_links":{"self":[{"href":"https:\/\/wydawnictwo.ug.edu.pl\/en\/wp-json\/wp\/v2\/product\/46326","targetHints":{"allow":["GET"]}}],"collection":[{"href":"https:\/\/wydawnictwo.ug.edu.pl\/en\/wp-json\/wp\/v2\/product"}],"about":[{"href":"https:\/\/wydawnictwo.ug.edu.pl\/en\/wp-json\/wp\/v2\/types\/product"}],"wp:featuredmedia":[{"embeddable":true,"href":"https:\/\/wydawnictwo.ug.edu.pl\/en\/wp-json\/wp\/v2\/media\/17115"}],"wp:attachment":[{"href":"https:\/\/wydawnictwo.ug.edu.pl\/en\/wp-json\/wp\/v2\/media?parent=46326"}],"wp:term":[{"taxonomy":"journal","embeddable":true,"href":"https:\/\/wydawnictwo.ug.edu.pl\/en\/wp-json\/wp\/v2\/journal?post=46326"},{"taxonomy":"rodzaj","embeddable":true,"href":"https:\/\/wydawnictwo.ug.edu.pl\/en\/wp-json\/wp\/v2\/rodzaj?post=46326"},{"taxonomy":"seria","embeddable":true,"href":"https:\/\/wydawnictwo.ug.edu.pl\/en\/wp-json\/wp\/v2\/seria?post=46326"},{"taxonomy":"product_brand","embeddable":true,"href":"https:\/\/wydawnictwo.ug.edu.pl\/en\/wp-json\/wp\/v2\/product_brand?post=46326"},{"taxonomy":"product_cat","embeddable":true,"href":"https:\/\/wydawnictwo.ug.edu.pl\/en\/wp-json\/wp\/v2\/product_cat?post=46326"},{"taxonomy":"product_tag","embeddable":true,"href":"https:\/\/wydawnictwo.ug.edu.pl\/en\/wp-json\/wp\/v2\/product_tag?post=46326"}],"curies":[{"name":"wp","href":"https:\/\/api.w.org\/{rel}","templated":true}]}}