{"id":46325,"date":"2021-12-06T10:43:03","date_gmt":"2021-12-06T10:43:03","guid":{"rendered":"https:\/\/wydawnictwo.ug.edu.pl\/ksiegarnia-online\/uncategorized\/zagrozenie-fiskalne-jednostek-samorzadu-terytorialnego-uwarunkowania-pomiar-ograniczanie\/"},"modified":"2026-02-11T14:05:05","modified_gmt":"2026-02-11T14:05:05","slug":"zagrozenie-fiskalne-jednostek-samorzadu-terytorialnego-uwarunkowania-pomiar-ograniczanie","status":"publish","type":"product","link":"https:\/\/wydawnictwo.ug.edu.pl\/en\/ksiegarnia-online\/zarzadzanie\/zagrozenie-fiskalne-jednostek-samorzadu-terytorialnego-uwarunkowania-pomiar-ograniczanie\/","title":{"rendered":"Zagro\u017cenie fiskalne jednostek samorz\u0105du terytorialnego. Uwarunkowania, pomiar, ograniczanie"},"content":{"rendered":"","protected":false},"excerpt":{"rendered":"<p>\u201eAutor recenzowanej monografii wykaza\u0142 si\u0119 umiej\u0119tno\u015bci\u0105 wykorzystania zr\u00f3\u017cnicowanych metod badawczych i du\u017c\u0105 dojrza\u0142o\u015bci\u0105 badawcz\u0105 (&#8230;). W mojej opinii stanowi ona oryginalne dzie\u0142o naukowe, dowodz\u0105ce du\u017cej dojrza\u0142o\u015bci naukowo-badawczej. Autora i jego znajomo\u015bci nie tylko teorii finans\u00f3w lokalnych, ale r\u00f3wnie\u017c praktycznych problem\u00f3w finans\u00f3w podsektora samorz\u0105dowego jako integralnego komponentu sektora finans\u00f3w publicznych\u201d.<\/p>\n<p style=\"text-align: right;\"><em>Z recenzji prof. dr hab. Marzanny Poniatowicz<\/em><\/p>\n","protected":false},"featured_media":17118,"template":"","meta":{"_acf_changed":false},"journal":[],"rodzaj":[7074],"seria":[],"product_brand":[],"product_cat":[6942],"product_tag":[7810],"class_list":{"0":"post-46325","1":"product","2":"type-product","3":"status-publish","4":"has-post-thumbnail","6":"rodzaj-ksiazki","7":"product_cat-zarzadzanie","8":"product_tag-pawel-galinskipawel-galinski","9":"pa_rok-wydania-2021-en","11":"first","12":"instock","13":"taxable","14":"shipping-taxable","15":"purchasable","16":"product-type-simple"},"acf":[],"_links":{"self":[{"href":"https:\/\/wydawnictwo.ug.edu.pl\/en\/wp-json\/wp\/v2\/product\/46325","targetHints":{"allow":["GET"]}}],"collection":[{"href":"https:\/\/wydawnictwo.ug.edu.pl\/en\/wp-json\/wp\/v2\/product"}],"about":[{"href":"https:\/\/wydawnictwo.ug.edu.pl\/en\/wp-json\/wp\/v2\/types\/product"}],"wp:featuredmedia":[{"embeddable":true,"href":"https:\/\/wydawnictwo.ug.edu.pl\/en\/wp-json\/wp\/v2\/media\/17118"}],"wp:attachment":[{"href":"https:\/\/wydawnictwo.ug.edu.pl\/en\/wp-json\/wp\/v2\/media?parent=46325"}],"wp:term":[{"taxonomy":"journal","embeddable":true,"href":"https:\/\/wydawnictwo.ug.edu.pl\/en\/wp-json\/wp\/v2\/journal?post=46325"},{"taxonomy":"rodzaj","embeddable":true,"href":"https:\/\/wydawnictwo.ug.edu.pl\/en\/wp-json\/wp\/v2\/rodzaj?post=46325"},{"taxonomy":"seria","embeddable":true,"href":"https:\/\/wydawnictwo.ug.edu.pl\/en\/wp-json\/wp\/v2\/seria?post=46325"},{"taxonomy":"product_brand","embeddable":true,"href":"https:\/\/wydawnictwo.ug.edu.pl\/en\/wp-json\/wp\/v2\/product_brand?post=46325"},{"taxonomy":"product_cat","embeddable":true,"href":"https:\/\/wydawnictwo.ug.edu.pl\/en\/wp-json\/wp\/v2\/product_cat?post=46325"},{"taxonomy":"product_tag","embeddable":true,"href":"https:\/\/wydawnictwo.ug.edu.pl\/en\/wp-json\/wp\/v2\/product_tag?post=46325"}],"curies":[{"name":"wp","href":"https:\/\/api.w.org\/{rel}","templated":true}]}}