{"id":46323,"date":"2021-12-06T11:38:17","date_gmt":"2021-12-06T11:38:17","guid":{"rendered":"https:\/\/wydawnictwo.ug.edu.pl\/ksiegarnia-online\/uncategorized\/debata-hart-devlin-studium-z-filozofii-prawa\/"},"modified":"2026-02-11T14:05:08","modified_gmt":"2026-02-11T14:05:08","slug":"debata-hart-devlin-studium-z-filozofii-prawa","status":"publish","type":"product","link":"https:\/\/wydawnictwo.ug.edu.pl\/en\/ksiegarnia-online\/prawo-i-administracja\/debata-hart-devlin-studium-z-filozofii-prawa\/","title":{"rendered":"Debata Hart \u2013 Devlin. Studium z filozofii prawa"},"content":{"rendered":"","protected":false},"excerpt":{"rendered":"<p>Ksi\u0105\u017cka po\u015bwi\u0119cona zosta\u0142a dyskusji zainicjowanej w latach 60. XX wieku przez dw\u00f3ch wybitnych brytyjskich prawnik\u00f3w \u2013 s\u0119dziego Patricka Devlina oraz filozofa prawa Herberta L.A. Harta. (\u2026) Autorka dokona\u0142a oryginalnej i owocnej analizy zar\u00f3wno pod\u0142o\u017ca sporu Devlin \u2014 Hart, jak i rozwoju prezentowanych w jego toku stanowisk dotycz\u0105cych dopuszczalnej ingerencji prawa karnego w wolno\u015b\u0107 jednostek ze wzgl\u0119du na moraln\u0105 dezaprobat\u0119 okre\u015blonych zachowa\u0144. (\u2026) Autorka nie tylko prezentuje poruszane w publikacji zagadnienia w spos\u00f3b pog\u0142\u0119biony i osadzony w szerokim kontek\u015bcie historycznym, filozoficznym i prawniczym. Wykazuje ponadto w spos\u00f3b niebudz\u0105cy w\u0105tpliwo\u015bci, jak dalece sp\u00f3r pomi\u0119dzy dwoma wybitnymi przedstawicielami prawoznawstwa XX wieku ukszta\u0142towa\u0142 debat\u0119 filozoficznoprawn\u0105 na temat relacji moralno\u015bci i prawa na wiele kolejnych dekad, znajduj\u0105c odbicie w kluczowych dylematach praktyki s\u0105dowej i ewolucji prawodawstwa ostatnich dziesi\u0119cioleci.<\/p>\n<p style=\"text-align: right;\"><em>Z recenzji prof. dr. hab. Tomasza Pietrzykowskiego <\/em><\/p>\n<p>&nbsp;<\/p>\n<p>Chocia\u017c filozofia prawa Herberta L.A. Harta jest do\u015b\u0107 dobrze opracowana w literaturze przedmiotu, to problematyka debaty, kt\u00f3r\u0105 Hart toczy\u0142 z s\u0119dzi\u0105 Patrickiem Devlinem, nie doczeka\u0142a si\u0119 dotychczas szczeg\u00f3\u0142owego opracowania. (\u2026) Tylko osoba o wszechstronnych i interdyscyplinarnych zainteresowaniach \u2013 z pogranicza m.in. filozofii prawa, teorii prawa oraz r\u00f3\u017cnych dogmatyk prawniczych, w tym szczeg\u00f3lnie prawa karnego \u2013 mog\u0142a podj\u0105\u0107 trud opracowania tego tematu. (\u2026) Ksi\u0105\u017cka w znacz\u0105cy spos\u00f3b wzbogaca wiedz\u0119 polskiego czytelnika. Autorka faktycznie zaj\u0119\u0142a si\u0119 debat\u0105 Hart \u2014 Devlin, a nast\u0119pnie opisa\u0142a udzia\u0142 innych autor\u00f3w dyskusji nad dzia\u0142aniem prawa w sferze moralno\u015bci oraz przedstawi\u0142a powy\u017csze kwestie na tle orzecznictwa ameryka\u0144skich i brytyjskich s\u0105d\u00f3w.<\/p>\n<p style=\"text-align: right;\"><em>Z recenzji dr. hab. Sebastiana Sykuny, prof. UG<\/em><\/p>\n","protected":false},"featured_media":17215,"template":"","meta":{"_acf_changed":false},"journal":[],"rodzaj":[],"seria":[],"product_brand":[],"product_cat":[6932],"product_tag":[7808],"class_list":{"0":"post-46323","1":"product","2":"type-product","3":"status-publish","4":"has-post-thumbnail","6":"product_cat-prawo-i-administracja","7":"product_tag-magdalena-glanc-zabielowiczmagdalena-glanc-zabielowicz","8":"pa_rok-wydania-2021-en","10":"first","11":"instock","12":"taxable","13":"shipping-taxable","14":"purchasable","15":"product-type-simple"},"acf":[],"_links":{"self":[{"href":"https:\/\/wydawnictwo.ug.edu.pl\/en\/wp-json\/wp\/v2\/product\/46323","targetHints":{"allow":["GET"]}}],"collection":[{"href":"https:\/\/wydawnictwo.ug.edu.pl\/en\/wp-json\/wp\/v2\/product"}],"about":[{"href":"https:\/\/wydawnictwo.ug.edu.pl\/en\/wp-json\/wp\/v2\/types\/product"}],"wp:featuredmedia":[{"embeddable":true,"href":"https:\/\/wydawnictwo.ug.edu.pl\/en\/wp-json\/wp\/v2\/media\/17215"}],"wp:attachment":[{"href":"https:\/\/wydawnictwo.ug.edu.pl\/en\/wp-json\/wp\/v2\/media?parent=46323"}],"wp:term":[{"taxonomy":"journal","embeddable":true,"href":"https:\/\/wydawnictwo.ug.edu.pl\/en\/wp-json\/wp\/v2\/journal?post=46323"},{"taxonomy":"rodzaj","embeddable":true,"href":"https:\/\/wydawnictwo.ug.edu.pl\/en\/wp-json\/wp\/v2\/rodzaj?post=46323"},{"taxonomy":"seria","embeddable":true,"href":"https:\/\/wydawnictwo.ug.edu.pl\/en\/wp-json\/wp\/v2\/seria?post=46323"},{"taxonomy":"product_brand","embeddable":true,"href":"https:\/\/wydawnictwo.ug.edu.pl\/en\/wp-json\/wp\/v2\/product_brand?post=46323"},{"taxonomy":"product_cat","embeddable":true,"href":"https:\/\/wydawnictwo.ug.edu.pl\/en\/wp-json\/wp\/v2\/product_cat?post=46323"},{"taxonomy":"product_tag","embeddable":true,"href":"https:\/\/wydawnictwo.ug.edu.pl\/en\/wp-json\/wp\/v2\/product_tag?post=46323"}],"curies":[{"name":"wp","href":"https:\/\/api.w.org\/{rel}","templated":true}]}}