{"id":46321,"date":"2021-12-06T12:24:36","date_gmt":"2021-12-06T12:24:36","guid":{"rendered":"https:\/\/wydawnictwo.ug.edu.pl\/ksiegarnia-online\/uncategorized\/environmental-risk-and-insurance\/"},"modified":"2026-02-11T14:05:16","modified_gmt":"2026-02-11T14:05:16","slug":"environmental-risk-and-insurance","status":"publish","type":"product","link":"https:\/\/wydawnictwo.ug.edu.pl\/en\/ksiegarnia-online\/prawo-i-administracja\/environmental-risk-and-insurance\/","title":{"rendered":"Environmental risk and insurance"},"content":{"rendered":"","protected":false},"excerpt":{"rendered":"<p>Every area of life requires clear, transparent rules of law. However, nowhere is this more difficult and urgent than in the area being subject to profound technological and economic changes, and so widely affecting society to environmental insurance risks. This attempt at a comprehensive presentation of the basic concepts, principles and institutions of insurance law in relation to environmental damage takes both public and private law issues into account. Starting from the role of states in the development of environmental insurance through the legal framework of the environmental insurance, issues of insurability of administrative liability for environmental damage up to the liability of private entities using the environment or forms of insurance as a security measure for claims in waste management.<\/p>\n<p style=\"text-align: right;\"><em>From introduction<\/em><\/p>\n<p>&nbsp;<\/p>\n<p>\u201ePublikacja ma zar\u00f3wno walor teoretyczny oraz systematyzuj\u0105cy, zasadniczo ze wzgl\u0119du na prezentacj\u0119 szerokiego spektrum zagadnie\u0144 odnosz\u0105cych si\u0119 do ekologicznych ryzyk ubezpieczeniowych, jak i aplikacyjny (praktyczny), co jest zalet\u0105 nie tak powszechnie wyst\u0119puj\u0105c\u0105 w opracowaniach prawa ubezpieczeniowego. Do istotnych atut\u00f3w pracy nale\u017cy r\u00f3wnie\u017c prezentacja rozwa\u017ca\u0144 po\u015bwi\u0119conych aspektom wykraczaj\u0105cym li tylko pora jurydyczn\u0105 kwesti\u0119 ryzyk ekologicznych, ale tak\u017ce uwzgl\u0119dnienie w tym miejscu aspektu nowych technologii. Z tych powod\u00f3w monografia stanowi warto\u015bciowe i przemy\u015blane opracowanie, kt\u00f3rego autorzy odnosz\u0105 si\u0119 do aktualnych i wa\u017ckich zagadnie\u0144 ubezpiecze\u0144 ekologicznych, a nie jest ona kolejnym na polskim rynku wydawniczym silva rerum\u201d.<\/p>\n<p style=\"text-align: right;\"><em>Z recenzji prof. UKSW dr hab. Dariusza Fuchsa<\/em><\/p>\n<p>&nbsp;<\/p>\n<p>&nbsp;<\/p>\n","protected":false},"featured_media":17149,"template":"","meta":{"_acf_changed":false},"journal":[],"rodzaj":[],"seria":[],"product_brand":[],"product_cat":[6932],"product_tag":[7805,7644,7806],"class_list":{"0":"post-46321","1":"product","2":"type-product","3":"status-publish","4":"has-post-thumbnail","6":"product_cat-prawo-i-administracja","7":"product_tag-anna-tarasiuk","8":"product_tag-dorota-masniak","9":"product_tag-katarzyna-malinowska","10":"pa_rok-wydania-2021-en","12":"first","13":"instock","14":"taxable","15":"shipping-taxable","16":"purchasable","17":"product-type-simple"},"acf":[],"_links":{"self":[{"href":"https:\/\/wydawnictwo.ug.edu.pl\/en\/wp-json\/wp\/v2\/product\/46321","targetHints":{"allow":["GET"]}}],"collection":[{"href":"https:\/\/wydawnictwo.ug.edu.pl\/en\/wp-json\/wp\/v2\/product"}],"about":[{"href":"https:\/\/wydawnictwo.ug.edu.pl\/en\/wp-json\/wp\/v2\/types\/product"}],"wp:featuredmedia":[{"embeddable":true,"href":"https:\/\/wydawnictwo.ug.edu.pl\/en\/wp-json\/wp\/v2\/media\/17149"}],"wp:attachment":[{"href":"https:\/\/wydawnictwo.ug.edu.pl\/en\/wp-json\/wp\/v2\/media?parent=46321"}],"wp:term":[{"taxonomy":"journal","embeddable":true,"href":"https:\/\/wydawnictwo.ug.edu.pl\/en\/wp-json\/wp\/v2\/journal?post=46321"},{"taxonomy":"rodzaj","embeddable":true,"href":"https:\/\/wydawnictwo.ug.edu.pl\/en\/wp-json\/wp\/v2\/rodzaj?post=46321"},{"taxonomy":"seria","embeddable":true,"href":"https:\/\/wydawnictwo.ug.edu.pl\/en\/wp-json\/wp\/v2\/seria?post=46321"},{"taxonomy":"product_brand","embeddable":true,"href":"https:\/\/wydawnictwo.ug.edu.pl\/en\/wp-json\/wp\/v2\/product_brand?post=46321"},{"taxonomy":"product_cat","embeddable":true,"href":"https:\/\/wydawnictwo.ug.edu.pl\/en\/wp-json\/wp\/v2\/product_cat?post=46321"},{"taxonomy":"product_tag","embeddable":true,"href":"https:\/\/wydawnictwo.ug.edu.pl\/en\/wp-json\/wp\/v2\/product_tag?post=46321"}],"curies":[{"name":"wp","href":"https:\/\/api.w.org\/{rel}","templated":true}]}}