{"id":46318,"date":"2021-12-07T12:14:39","date_gmt":"2021-12-07T12:14:39","guid":{"rendered":"https:\/\/wydawnictwo.ug.edu.pl\/ksiegarnia-online\/uncategorized\/ekonomiczna-inzynieria-behawioralna-wprowadzenie\/"},"modified":"2026-04-13T10:18:15","modified_gmt":"2026-04-13T10:18:15","slug":"ekonomiczna-inzynieria-behawioralna-wprowadzenie","status":"publish","type":"product","link":"https:\/\/wydawnictwo.ug.edu.pl\/en\/ksiegarnia-online\/ekonomia\/ekonomiczna-inzynieria-behawioralna-wprowadzenie\/","title":{"rendered":"Ekonomiczna in\u017cynieria behawioralna"},"content":{"rendered":"","protected":false},"excerpt":{"rendered":"<p>W ksi\u0105\u017cce Ekonomiczna in\u017cynieria behawioralna autor analizuje r\u00f3\u017cne modele ekonomicznej natury cz\u0142owieka. Rozwa\u017cania na temat funkcjonowania bod\u017ac\u00f3w ekonomicznych ko\u0144czy analiz\u0105 morfologii wsp\u00f3\u0142czesnych bod\u017ac\u00f3w ekonomicznych. Przedstawi\u0142 r\u00f3wnie\u017c wiele koncepcji w zakresie ekonomicznych interwencji behawioralnych i ich wykorzystania do polepszenia polityk publicznych. Zaprezentowa\u0142 przyk\u0142ady zastosowa\u0144 ekonomicznej in\u017cynierii behawioralnej w polityce fiskalnej, ochronie zdrowia, edukacji, ochronie \u015brodowiska i wspieraniu przedsi\u0119biorczo\u015bci. Publikacja zawiera wiele oryginalnych propozycji autora w zakresie rozbudowy koncepcji ekonomicznej natury cz\u0142owieka, funkcjonowania bod\u017ac\u00f3w ekonomicznych, budowy podej\u015b\u0107 badawczych oraz praktycznych zastosowa\u0144 oddzia\u0142ywa\u0144 behawioralnych.<\/p>\n","protected":false},"featured_media":17201,"template":"","meta":{"_acf_changed":false},"journal":[],"rodzaj":[2602],"seria":[],"product_brand":[],"product_cat":[266],"product_tag":[793],"class_list":{"0":"post-46318","1":"product","2":"type-product","3":"status-publish","4":"has-post-thumbnail","6":"rodzaj-ksiazki","7":"product_cat-ekonomia","8":"product_tag-przemyslaw-kulawczuk","10":"first","11":"instock","12":"taxable","13":"shipping-taxable","14":"purchasable","15":"product-type-simple"},"acf":[],"_links":{"self":[{"href":"https:\/\/wydawnictwo.ug.edu.pl\/en\/wp-json\/wp\/v2\/product\/46318","targetHints":{"allow":["GET"]}}],"collection":[{"href":"https:\/\/wydawnictwo.ug.edu.pl\/en\/wp-json\/wp\/v2\/product"}],"about":[{"href":"https:\/\/wydawnictwo.ug.edu.pl\/en\/wp-json\/wp\/v2\/types\/product"}],"wp:featuredmedia":[{"embeddable":true,"href":"https:\/\/wydawnictwo.ug.edu.pl\/en\/wp-json\/wp\/v2\/media\/17201"}],"wp:attachment":[{"href":"https:\/\/wydawnictwo.ug.edu.pl\/en\/wp-json\/wp\/v2\/media?parent=46318"}],"wp:term":[{"taxonomy":"journal","embeddable":true,"href":"https:\/\/wydawnictwo.ug.edu.pl\/en\/wp-json\/wp\/v2\/journal?post=46318"},{"taxonomy":"rodzaj","embeddable":true,"href":"https:\/\/wydawnictwo.ug.edu.pl\/en\/wp-json\/wp\/v2\/rodzaj?post=46318"},{"taxonomy":"seria","embeddable":true,"href":"https:\/\/wydawnictwo.ug.edu.pl\/en\/wp-json\/wp\/v2\/seria?post=46318"},{"taxonomy":"product_brand","embeddable":true,"href":"https:\/\/wydawnictwo.ug.edu.pl\/en\/wp-json\/wp\/v2\/product_brand?post=46318"},{"taxonomy":"product_cat","embeddable":true,"href":"https:\/\/wydawnictwo.ug.edu.pl\/en\/wp-json\/wp\/v2\/product_cat?post=46318"},{"taxonomy":"product_tag","embeddable":true,"href":"https:\/\/wydawnictwo.ug.edu.pl\/en\/wp-json\/wp\/v2\/product_tag?post=46318"}],"curies":[{"name":"wp","href":"https:\/\/api.w.org\/{rel}","templated":true}]}}