{"id":46317,"date":"2021-12-08T11:25:49","date_gmt":"2021-12-08T11:25:49","guid":{"rendered":"https:\/\/wydawnictwo.ug.edu.pl\/ksiegarnia-online\/uncategorized\/demokratyczna-kultura-proces-formulowania-polityk-publicznych-w-zakresie-kultury\/"},"modified":"2026-02-11T14:05:17","modified_gmt":"2026-02-11T14:05:17","slug":"demokratyczna-kultura-proces-formulowania-polityk-publicznych-w-zakresie-kultury","status":"publish","type":"product","link":"https:\/\/wydawnictwo.ug.edu.pl\/en\/ksiegarnia-online\/socjologia\/demokratyczna-kultura-proces-formulowania-polityk-publicznych-w-zakresie-kultury\/","title":{"rendered":"Demokratyczna kultura. Proces formu\u0142owania polityk publicznych w zakresie kultury"},"content":{"rendered":"","protected":false},"excerpt":{"rendered":"<p>Recenzowana ksi\u0105\u017cka to tekst oryginalny i warto\u015bciowy, oparty na solidnym, bogatym w informacje materiale empirycznym, a przede wszystkim zawieraj\u0105cy niezwykle kompleksow\u0105 rekonstrukcj\u0119 proces\u00f3w tworzenia oraz realizacji polityki kulturalnej w Polsce. Podstawowe wnioski zawarte w ksi\u0105\u017cce wskazuj\u0105, \u017ce polityka kulturalna obecna we wsp\u00f3\u0142czesnej Polsce jest efektem interakcji pomi\u0119dzy jej lokalnymi uwarunkowaniami a impulsami modernizacyjnymi wymuszanymi przez uczestnictwo w strukturach europejskich. Jej kszta\u0142t to tak\u017ce efekt profesjonalizacji i pr\u00f3b uspo\u0142eczniania samej polityki kulturalnej, kt\u00f3re dokonuj\u0105 si\u0119 w kontek\u015bcie cechuj\u0105cym si\u0119 licznymi cechami dysfunkcjonalnymi. Bardzo interesuj\u0105ce z tej perspektywy okazuje si\u0119 tytu\u0142owe zjawisko demokratyzacji kultury. Nie jest to bowiem proces czyni\u0105cy kultur\u0119 bardziej inkluzyjn\u0105, w\u0142\u0105czaj\u0105c\u0105, czu\u0142\u0105 na spo\u0142eczne zr\u00f3\u017cnicowania czy te\u017c uczestnicz\u0105c\u0105 w procesie przekszta\u0142cania rzeczywisto\u015bci spo\u0142ecznej w lepsz\u0105, bardziej sprawiedliw\u0105, ale raczej dopuszczanie r\u00f3\u017cnego rodzaju interesariuszy do proces\u00f3w formu\u0142owania polityki kulturalnej tylko po to, by zwi\u0119ksza\u0107 jej oddzia\u0142ywania w polu kultury oraz by legitymizowa\u0107 w\u0142adz\u0119 tych, kt\u00f3rzy nim zarz\u0105dzaj\u0105.<\/p>\n","protected":false},"featured_media":17229,"template":"","meta":{"_acf_changed":false},"journal":[],"rodzaj":[],"seria":[],"product_brand":[],"product_cat":[6953],"product_tag":[],"class_list":{"0":"post-46317","1":"product","2":"type-product","3":"status-publish","4":"has-post-thumbnail","6":"product_cat-socjologia","7":"pa_rok-wydania-2021-en","9":"first","10":"outofstock","11":"taxable","12":"shipping-taxable","13":"purchasable","14":"product-type-simple"},"acf":[],"_links":{"self":[{"href":"https:\/\/wydawnictwo.ug.edu.pl\/en\/wp-json\/wp\/v2\/product\/46317","targetHints":{"allow":["GET"]}}],"collection":[{"href":"https:\/\/wydawnictwo.ug.edu.pl\/en\/wp-json\/wp\/v2\/product"}],"about":[{"href":"https:\/\/wydawnictwo.ug.edu.pl\/en\/wp-json\/wp\/v2\/types\/product"}],"wp:featuredmedia":[{"embeddable":true,"href":"https:\/\/wydawnictwo.ug.edu.pl\/en\/wp-json\/wp\/v2\/media\/17229"}],"wp:attachment":[{"href":"https:\/\/wydawnictwo.ug.edu.pl\/en\/wp-json\/wp\/v2\/media?parent=46317"}],"wp:term":[{"taxonomy":"journal","embeddable":true,"href":"https:\/\/wydawnictwo.ug.edu.pl\/en\/wp-json\/wp\/v2\/journal?post=46317"},{"taxonomy":"rodzaj","embeddable":true,"href":"https:\/\/wydawnictwo.ug.edu.pl\/en\/wp-json\/wp\/v2\/rodzaj?post=46317"},{"taxonomy":"seria","embeddable":true,"href":"https:\/\/wydawnictwo.ug.edu.pl\/en\/wp-json\/wp\/v2\/seria?post=46317"},{"taxonomy":"product_brand","embeddable":true,"href":"https:\/\/wydawnictwo.ug.edu.pl\/en\/wp-json\/wp\/v2\/product_brand?post=46317"},{"taxonomy":"product_cat","embeddable":true,"href":"https:\/\/wydawnictwo.ug.edu.pl\/en\/wp-json\/wp\/v2\/product_cat?post=46317"},{"taxonomy":"product_tag","embeddable":true,"href":"https:\/\/wydawnictwo.ug.edu.pl\/en\/wp-json\/wp\/v2\/product_tag?post=46317"}],"curies":[{"name":"wp","href":"https:\/\/api.w.org\/{rel}","templated":true}]}}