{"id":46314,"date":"2021-12-09T12:04:21","date_gmt":"2021-12-09T12:04:21","guid":{"rendered":"https:\/\/wydawnictwo.ug.edu.pl\/ksiegarnia-online\/uncategorized\/urzednicy-malborka\/"},"modified":"2026-02-11T14:05:33","modified_gmt":"2026-02-11T14:05:33","slug":"urzednicy-malborka","status":"publish","type":"product","link":"https:\/\/wydawnictwo.ug.edu.pl\/en\/ksiegarnia-online\/historia\/urzednicy-malborka\/","title":{"rendered":"Urz\u0119dnicy miejscy Malborka do roku 1772. Spisy"},"content":{"rendered":"","protected":false},"excerpt":{"rendered":"<p class=\"xmsonormal\" style=\"text-align: justify; line-height: 150%;\">Ksi\u0105\u017cka jest spisem urz\u0119dnik\u00f3w miejskich miasta Malborka (rajc\u00f3w, \u0142awnik\u00f3w, cz\u0142onk\u00f3w 3 ordynku) wzmiankowanych w \u017ar\u00f3d\u0142ach do 1772 r. Opr\u00f3cz spisu ksi\u0105\u017cka zawiera obszerny wst\u0119p b\u0119d\u0105cy histori\u0105 ustroju miasta.<\/p>\n","protected":false},"featured_media":17243,"template":"","meta":{"_acf_changed":false},"journal":[],"rodzaj":[7074],"seria":[],"product_brand":[],"product_cat":[6958],"product_tag":[7613,7577],"class_list":{"0":"post-46314","1":"product","2":"type-product","3":"status-publish","4":"has-post-thumbnail","6":"rodzaj-ksiazki","7":"product_cat-historia","8":"product_tag-aleksandra-girsztowt","9":"product_tag-wieslaw-dlugokecki","11":"first","12":"instock","13":"taxable","14":"shipping-taxable","15":"purchasable","16":"product-type-simple"},"acf":[],"_links":{"self":[{"href":"https:\/\/wydawnictwo.ug.edu.pl\/en\/wp-json\/wp\/v2\/product\/46314","targetHints":{"allow":["GET"]}}],"collection":[{"href":"https:\/\/wydawnictwo.ug.edu.pl\/en\/wp-json\/wp\/v2\/product"}],"about":[{"href":"https:\/\/wydawnictwo.ug.edu.pl\/en\/wp-json\/wp\/v2\/types\/product"}],"wp:featuredmedia":[{"embeddable":true,"href":"https:\/\/wydawnictwo.ug.edu.pl\/en\/wp-json\/wp\/v2\/media\/17243"}],"wp:attachment":[{"href":"https:\/\/wydawnictwo.ug.edu.pl\/en\/wp-json\/wp\/v2\/media?parent=46314"}],"wp:term":[{"taxonomy":"journal","embeddable":true,"href":"https:\/\/wydawnictwo.ug.edu.pl\/en\/wp-json\/wp\/v2\/journal?post=46314"},{"taxonomy":"rodzaj","embeddable":true,"href":"https:\/\/wydawnictwo.ug.edu.pl\/en\/wp-json\/wp\/v2\/rodzaj?post=46314"},{"taxonomy":"seria","embeddable":true,"href":"https:\/\/wydawnictwo.ug.edu.pl\/en\/wp-json\/wp\/v2\/seria?post=46314"},{"taxonomy":"product_brand","embeddable":true,"href":"https:\/\/wydawnictwo.ug.edu.pl\/en\/wp-json\/wp\/v2\/product_brand?post=46314"},{"taxonomy":"product_cat","embeddable":true,"href":"https:\/\/wydawnictwo.ug.edu.pl\/en\/wp-json\/wp\/v2\/product_cat?post=46314"},{"taxonomy":"product_tag","embeddable":true,"href":"https:\/\/wydawnictwo.ug.edu.pl\/en\/wp-json\/wp\/v2\/product_tag?post=46314"}],"curies":[{"name":"wp","href":"https:\/\/api.w.org\/{rel}","templated":true}]}}